{"id":8440,"date":"2020-12-19T12:22:56","date_gmt":"2020-12-19T10:22:56","guid":{"rendered":"https:\/\/programsshop.com\/?page_id=8440"},"modified":"2022-11-12T18:12:30","modified_gmt":"2022-11-12T16:12:30","slug":"afaky-support","status":"publish","type":"page","link":"https:\/\/programsshop.com\/fr\/afaky-support\/","title":{"rendered":"Support technique"},"content":{"rendered":"<div data-elementor-type=\"wp-page\" data-elementor-id=\"8440\" class=\"elementor elementor-8440\">\n\t\t\t\t\t\t<section class=\"elementor-section elementor-top-section elementor-element elementor-element-97548f6 elementor-section-stretched elementor-section-boxed elementor-section-height-default elementor-section-height-default\" data-id=\"97548f6\" data-element_type=\"section\" data-settings=\"{&quot;stretch_section&quot;:&quot;section-stretched&quot;}\">\n\t\t\t\t\t\t<div class=\"elementor-container elementor-column-gap-default\">\n\t\t\t\t\t<div class=\"elementor-column elementor-col-100 elementor-top-column elementor-element elementor-element-bc19552\" data-id=\"bc19552\" data-element_type=\"column\">\n\t\t\t<div class=\"elementor-widget-wrap elementor-element-populated\">\n\t\t\t\t\t\t<div class=\"elementor-element elementor-element-90df906 elementor-widget elementor-widget-heading\" data-id=\"90df906\" data-element_type=\"widget\" data-widget_type=\"heading.default\">\n\t\t\t\t<div class=\"elementor-widget-container\">\n\t\t\t<h1 class=\"elementor-heading-title elementor-size-default\">Nous sommes heureux de vous fournir un support technique<\/h1>\t\t<\/div>\n\t\t\t\t<\/div>\n\t\t\t\t<section class=\"elementor-section elementor-inner-section elementor-element elementor-element-d122ce2 elementor-section-boxed elementor-section-height-default elementor-section-height-default\" data-id=\"d122ce2\" data-element_type=\"section\">\n\t\t\t\t\t\t<div class=\"elementor-container elementor-column-gap-default\">\n\t\t\t\t\t<div class=\"elementor-column elementor-col-50 elementor-inner-column elementor-element elementor-element-1fd48a7\" data-id=\"1fd48a7\" data-element_type=\"column\" data-settings=\"{&quot;background_background&quot;:&quot;classic&quot;}\">\n\t\t\t<div class=\"elementor-widget-wrap elementor-element-populated\">\n\t\t\t\t\t\t<div class=\"elementor-element elementor-element-9830087 elementor-align-center elementor-widget elementor-widget-etheme_lottie_animation\" data-id=\"9830087\" data-element_type=\"widget\" data-settings=\"{&quot;lottie_source_json&quot;:{&quot;url&quot;:&quot;https:\\\/\\\/programsshop.com\\\/wp-content\\\/uploads\\\/2022\\\/11\\\/106545-people-quality-assurance-software-fixing-bugs-hardware-device-application-it-service-concept-animation-in-json-and-ae-format.json&quot;,&quot;id&quot;:15978,&quot;size&quot;:&quot;&quot;,&quot;alt&quot;:&quot;&quot;,&quot;source&quot;:&quot;library&quot;},&quot;lottie_source&quot;:&quot;media_file&quot;,&quot;lottie_link_to&quot;:&quot;none&quot;,&quot;lottie_points&quot;:{&quot;unit&quot;:&quot;%&quot;,&quot;size&quot;:&quot;&quot;,&quot;sizes&quot;:{&quot;start&quot;:0,&quot;end&quot;:100}},&quot;lottie_renderer&quot;:&quot;svg&quot;,&quot;lottie_play_speed&quot;:{&quot;unit&quot;:&quot;px&quot;,&quot;size&quot;:1,&quot;sizes&quot;:[]},&quot;lottie_loop&quot;:&quot;yes&quot;,&quot;lottie_lazyload&quot;:&quot;yes&quot;}\" data-widget_type=\"etheme_lottie_animation.default\">\n\t\t\t\t<div class=\"elementor-widget-container\">\n\t\t\t\t\t\t<div class=\"etheme-lottie\">\r\n\t\t\t\t<div class=\"etheme-lottie-animation\"><\/div>\t\t\t<\/div>\r\n\t\t\t\t<\/div>\n\t\t\t\t<\/div>\n\t\t\t\t<div class=\"elementor-element elementor-element-1f82fed elementor-widget elementor-widget-heading\" data-id=\"1f82fed\" data-element_type=\"widget\" data-widget_type=\"heading.default\">\n\t\t\t\t<div class=\"elementor-widget-container\">\n\t\t\t<h2 class=\"elementor-heading-title elementor-size-default\">Installation en ligne via Teamviewer<\/h2>\t\t<\/div>\n\t\t\t\t<\/div>\n\t\t\t\t<div class=\"elementor-element elementor-element-fd23eea elementor-widget elementor-widget-text-editor\" data-id=\"fd23eea\" data-element_type=\"widget\" data-widget_type=\"text-editor.default\">\n\t\t\t\t<div class=\"elementor-widget-container\">\n\t\t\t\t\t\t\t<p style=\"text-align: center;\"><span style=\"color: #000000; font-size: 14pt;\"><strong>Une copie du programme doit \u00eatre disponible\u00a0 <span style=\"text-decoration: underline;\"><span style=\"color: #ff0000; text-decoration: underline;\"><a style=\"color: #ff0000; text-decoration: underline;\" href=\"http:\/\/www.teamviewer.com\/ar\/download\/windows.aspx\" target=\"_blank\" rel=\"noopener\">Visionneuse d&#039;\u00e9quipe <\/a><\/span><\/span>Le client a et envoie son identifiant + mot de passe, et l&#039;employ\u00e9 du support technique contacte l&#039;appareil du client et installe le programme et une licence, et le support technique se fait de la m\u00eame mani\u00e8re via un programme\u00a0<span style=\"text-decoration: underline;\"><span style=\"color: #ff0000;\"><a style=\"color: #ff0000; text-decoration: underline;\" href=\"http:\/\/www.teamviewer.com\/ar\/download\/windows.aspx\" target=\"_blank\" rel=\"noopener\">Visionneuse d&#039;\u00e9quipe<\/a><\/span><\/span><\/strong><\/span><\/p>\t\t\t\t\t\t<\/div>\n\t\t\t\t<\/div>\n\t\t\t\t\t<\/div>\n\t\t<\/div>\n\t\t\t\t<div class=\"elementor-column elementor-col-50 elementor-inner-column elementor-element elementor-element-e615a87\" data-id=\"e615a87\" data-element_type=\"column\" data-settings=\"{&quot;background_background&quot;:&quot;classic&quot;}\">\n\t\t\t<div class=\"elementor-widget-wrap elementor-element-populated\">\n\t\t\t\t\t\t<div class=\"elementor-element elementor-element-2178041 elementor-align-center elementor-widget elementor-widget-etheme_lottie_animation\" data-id=\"2178041\" data-element_type=\"widget\" data-settings=\"{&quot;lottie_source_json&quot;:{&quot;url&quot;:&quot;https:\\\/\\\/programsshop.com\\\/wp-content\\\/uploads\\\/2022\\\/11\\\/79311-web-design-tools.json&quot;,&quot;id&quot;:15995,&quot;size&quot;:&quot;&quot;,&quot;alt&quot;:&quot;&quot;,&quot;source&quot;:&quot;library&quot;},&quot;lottie_source&quot;:&quot;media_file&quot;,&quot;lottie_link_to&quot;:&quot;none&quot;,&quot;lottie_points&quot;:{&quot;unit&quot;:&quot;%&quot;,&quot;size&quot;:&quot;&quot;,&quot;sizes&quot;:{&quot;start&quot;:0,&quot;end&quot;:100}},&quot;lottie_renderer&quot;:&quot;svg&quot;,&quot;lottie_play_speed&quot;:{&quot;unit&quot;:&quot;px&quot;,&quot;size&quot;:1,&quot;sizes&quot;:[]},&quot;lottie_loop&quot;:&quot;yes&quot;,&quot;lottie_lazyload&quot;:&quot;yes&quot;}\" data-widget_type=\"etheme_lottie_animation.default\">\n\t\t\t\t<div class=\"elementor-widget-container\">\n\t\t\t\t\t\t<div class=\"etheme-lottie\">\r\n\t\t\t\t<div class=\"etheme-lottie-animation\"><\/div>\t\t\t<\/div>\r\n\t\t\t\t<\/div>\n\t\t\t\t<\/div>\n\t\t\t\t<div class=\"elementor-element elementor-element-9c04b02 elementor-widget elementor-widget-heading\" data-id=\"9c04b02\" data-element_type=\"widget\" data-widget_type=\"heading.default\">\n\t\t\t\t<div class=\"elementor-widget-container\">\n\t\t\t<h2 class=\"elementor-heading-title elementor-size-default\">Inscription au support technique<\/h2>\t\t<\/div>\n\t\t\t\t<\/div>\n\t\t\t\t<div class=\"elementor-element elementor-element-6eae222 elementor-widget elementor-widget-text-editor\" data-id=\"6eae222\" data-element_type=\"widget\" data-widget_type=\"text-editor.default\">\n\t\t\t\t<div class=\"elementor-widget-container\">\n\t\t\t\t\t\t\t<p style=\"text-align: center;\"><span style=\"color: #000000; font-size: 14pt;\"><strong>ou vous pouvez vous inscrire <a class=\"button-example-1 button-example-blue\" style=\"color: #000000;\" href=\"https:\/\/programsshop.com\/fr\/tickets\/\" target=\"_blank\" rel=\"noopener noreferrer\">Demande d&#039;assistance technique<\/a> Via le site, et vous serez recontact\u00e9 d\u00e8s l&#039;enregistrement de la demande<\/strong><\/span><\/p>\t\t\t\t\t\t<\/div>\n\t\t\t\t<\/div>\n\t\t\t\t<div class=\"elementor-element elementor-element-72d0857 elementor-align-center elementor-widget elementor-widget-text_button\" data-id=\"72d0857\" data-element_type=\"widget\" data-widget_type=\"text_button.default\">\n\t\t\t\t<div class=\"elementor-widget-container\">\n\t\t\t<div class=\"etheme-button-wrapper\"><a href=\"\/fr\/tickets\/\" class=\"fill-bottom has-fill etheme-text-button elementor-button\" role=\"button\">\r\n        <span class=\"elementor-button-content-wrapper\">\r\n            \t\t\t\t<span class=\"elementor-button-icon elementor-align-icon-left animation-background_ltr\">\r\n                    <i aria-hidden=\"true\" class=\"icon icon-support\"><\/i>                <\/span>\r\n\t\t\t\t\t\t<span class=\"elementor-button-text\">Enregistrer une demande de support technique<\/span>\r\n        <\/span><\/a><\/div>\t\t<\/div>\n\t\t\t\t<\/div>\n\t\t\t\t\t<\/div>\n\t\t<\/div>\n\t\t\t\t\t<\/div>\n\t\t<\/section>\n\t\t\t\t\t<\/div>\n\t\t<\/div>\n\t\t\t\t\t<\/div>\n\t\t<\/section>\n\t\t\t\t<section class=\"elementor-section elementor-top-section elementor-element elementor-element-773d9a6 elementor-section-stretched elementor-section-boxed elementor-section-height-default elementor-section-height-default\" data-id=\"773d9a6\" data-element_type=\"section\" data-settings=\"{&quot;shape_divider_top&quot;:&quot;mountains&quot;,&quot;stretch_section&quot;:&quot;section-stretched&quot;}\">\n\t\t\t\t\t\t\t<div class=\"elementor-background-overlay\"><\/div>\n\t\t\t\t\t\t<div class=\"elementor-shape elementor-shape-top\" data-negative=\"false\">\n\t\t\t<svg xmlns=\"http:\/\/www.w3.org\/2000\/svg\" viewbox=\"0 0 1000 100\" preserveaspectratio=\"none\">\n\t<path class=\"elementor-shape-fill\" opacity=\"0.33\" d=\"M473,67.3c-203.9,88.3-263.1-34-320.3,0C66,119.1,0,59.7,0,59.7V0h1000v59.7 c0,0-62.1,26.1-94.9,29.3c-32.8,3.3-62.8-12.3-75.8-22.1C806,49.6,745.3,8.7,694.9,4.7S492.4,59,473,67.3z\"\/>\n\t<path class=\"elementor-shape-fill\" opacity=\"0.66\" d=\"M734,67.3c-45.5,0-77.2-23.2-129.1-39.1c-28.6-8.7-150.3-10.1-254,39.1 s-91.7-34.4-149.2,0C115.7,118.3,0,39.8,0,39.8V0h1000v36.5c0,0-28.2-18.5-92.1-18.5C810.2,18.1,775.7,67.3,734,67.3z\"\/>\n\t<path class=\"elementor-shape-fill\" d=\"M766.1,28.9c-200-57.5-266,65.5-395.1,19.5C242,1.8,242,5.4,184.8,20.6C128,35.8,132.3,44.9,89.9,52.5C28.6,63.7,0,0,0,0 h1000c0,0-9.9,40.9-83.6,48.1S829.6,47,766.1,28.9z\"\/>\n<\/svg>\t\t<\/div>\n\t\t\t\t\t<div class=\"elementor-container elementor-column-gap-default\">\n\t\t\t\t\t<div class=\"elementor-column elementor-col-100 elementor-top-column elementor-element elementor-element-df8dec8\" data-id=\"df8dec8\" data-element_type=\"column\">\n\t\t\t<div class=\"elementor-widget-wrap elementor-element-populated\">\n\t\t\t\t\t\t<div class=\"elementor-element elementor-element-b3a14d1 elementor-widget elementor-widget-text-editor\" data-id=\"b3a14d1\" data-element_type=\"widget\" data-widget_type=\"text-editor.default\">\n\t\t\t\t<div class=\"elementor-widget-container\">\n\t\t\t\t\t\t\t<p style=\"text-align: center;\"><span style=\"color: #000000; font-size: 14pt;\"><strong>Les employ\u00e9s d&#039;Afaky ont plus de cinq ans d&#039;exp\u00e9rience dans leur domaine, en plus d&#039;une sp\u00e9cialisation, d&#039;une formation sup\u00e9rieure et d&#039;une grande capacit\u00e9 \u00e0 travailler en \u00e9quipe, ce qui garantit que l&#039;entreprise fournit la meilleure qualit\u00e9 de produits \u00e0 nos chers clients.\u00a0<\/strong><\/span><\/p><p style=\"text-align: center;\"><span style=\"color: #000000; font-size: 14pt;\"><strong>Et maintenir le niveau de l&#039;entreprise en d\u00e9veloppement constant pour s&#039;assurer que nous restons l&#039;une des premi\u00e8res entreprises technologiques au Moyen-Orient et afin de conserver la confiance des clients<\/strong><\/span><\/p>\t\t\t\t\t\t<\/div>\n\t\t\t\t<\/div>\n\t\t\t\t<section class=\"elementor-section elementor-inner-section elementor-element elementor-element-2712fd5 elementor-section-boxed elementor-section-height-default elementor-section-height-default\" data-id=\"2712fd5\" data-element_type=\"section\">\n\t\t\t\t\t\t<div class=\"elementor-container elementor-column-gap-default\">\n\t\t\t\t\t<div class=\"elementor-column elementor-col-25 elementor-inner-column elementor-element elementor-element-c1abdff\" data-id=\"c1abdff\" data-element_type=\"column\" data-settings=\"{&quot;background_background&quot;:&quot;classic&quot;}\">\n\t\t\t<div class=\"elementor-widget-wrap elementor-element-populated\">\n\t\t\t\t\t\t<div class=\"elementor-element elementor-element-61915ba elementor-align-center elementor-widget elementor-widget-etheme_lottie_animation\" data-id=\"61915ba\" data-element_type=\"widget\" data-settings=\"{&quot;lottie_source_json&quot;:{&quot;url&quot;:&quot;https:\\\/\\\/programsshop.com\\\/wp-content\\\/uploads\\\/2022\\\/11\\\/25227-accountant.json&quot;,&quot;id&quot;:15969,&quot;size&quot;:&quot;&quot;,&quot;alt&quot;:&quot;&quot;,&quot;source&quot;:&quot;library&quot;},&quot;lottie_source&quot;:&quot;media_file&quot;,&quot;lottie_link_to&quot;:&quot;none&quot;,&quot;lottie_points&quot;:{&quot;unit&quot;:&quot;%&quot;,&quot;size&quot;:&quot;&quot;,&quot;sizes&quot;:{&quot;start&quot;:0,&quot;end&quot;:100}},&quot;lottie_renderer&quot;:&quot;svg&quot;,&quot;lottie_play_speed&quot;:{&quot;unit&quot;:&quot;px&quot;,&quot;size&quot;:1,&quot;sizes&quot;:[]},&quot;lottie_loop&quot;:&quot;yes&quot;,&quot;lottie_lazyload&quot;:&quot;yes&quot;}\" data-widget_type=\"etheme_lottie_animation.default\">\n\t\t\t\t<div class=\"elementor-widget-container\">\n\t\t\t\t\t\t<div class=\"etheme-lottie\">\r\n\t\t\t\t<div class=\"etheme-lottie-animation\"><\/div>\t\t\t<\/div>\r\n\t\t\t\t<\/div>\n\t\t\t\t<\/div>\n\t\t\t\t<div class=\"elementor-element elementor-element-e2298a8 elementor-widget elementor-widget-heading\" data-id=\"e2298a8\" data-element_type=\"widget\" data-widget_type=\"heading.default\">\n\t\t\t\t<div class=\"elementor-widget-container\">\n\t\t\t<h2 class=\"elementor-heading-title elementor-size-default\">Experts-comptables<\/h2>\t\t<\/div>\n\t\t\t\t<\/div>\n\t\t\t\t\t<\/div>\n\t\t<\/div>\n\t\t\t\t<div class=\"elementor-column elementor-col-25 elementor-inner-column elementor-element elementor-element-8e96cf3\" data-id=\"8e96cf3\" data-element_type=\"column\" data-settings=\"{&quot;background_background&quot;:&quot;classic&quot;}\">\n\t\t\t<div class=\"elementor-widget-wrap elementor-element-populated\">\n\t\t\t\t\t\t<div class=\"elementor-element elementor-element-4a65b06 elementor-align-center elementor-widget elementor-widget-etheme_lottie_animation\" data-id=\"4a65b06\" data-element_type=\"widget\" data-settings=\"{&quot;lottie_source_json&quot;:{&quot;url&quot;:&quot;https:\\\/\\\/programsshop.com\\\/wp-content\\\/uploads\\\/2022\\\/11\\\/57081-graphics-design-lottie-animation.json&quot;,&quot;id&quot;:15974,&quot;size&quot;:&quot;&quot;,&quot;alt&quot;:&quot;&quot;,&quot;source&quot;:&quot;library&quot;},&quot;lottie_source&quot;:&quot;media_file&quot;,&quot;lottie_link_to&quot;:&quot;none&quot;,&quot;lottie_points&quot;:{&quot;unit&quot;:&quot;%&quot;,&quot;size&quot;:&quot;&quot;,&quot;sizes&quot;:{&quot;start&quot;:0,&quot;end&quot;:100}},&quot;lottie_renderer&quot;:&quot;svg&quot;,&quot;lottie_play_speed&quot;:{&quot;unit&quot;:&quot;px&quot;,&quot;size&quot;:1,&quot;sizes&quot;:[]},&quot;lottie_loop&quot;:&quot;yes&quot;,&quot;lottie_lazyload&quot;:&quot;yes&quot;}\" data-widget_type=\"etheme_lottie_animation.default\">\n\t\t\t\t<div class=\"elementor-widget-container\">\n\t\t\t\t\t\t<div class=\"etheme-lottie\">\r\n\t\t\t\t<div class=\"etheme-lottie-animation\"><\/div>\t\t\t<\/div>\r\n\t\t\t\t<\/div>\n\t\t\t\t<\/div>\n\t\t\t\t<div class=\"elementor-element elementor-element-7adf697 elementor-widget elementor-widget-heading\" data-id=\"7adf697\" data-element_type=\"widget\" data-widget_type=\"heading.default\">\n\t\t\t\t<div class=\"elementor-widget-container\">\n\t\t\t<h2 class=\"elementor-heading-title elementor-size-default\">Graphistes<\/h2>\t\t<\/div>\n\t\t\t\t<\/div>\n\t\t\t\t\t<\/div>\n\t\t<\/div>\n\t\t\t\t<div class=\"elementor-column elementor-col-25 elementor-inner-column elementor-element elementor-element-585a7b5\" data-id=\"585a7b5\" data-element_type=\"column\" data-settings=\"{&quot;background_background&quot;:&quot;classic&quot;}\">\n\t\t\t<div class=\"elementor-widget-wrap elementor-element-populated\">\n\t\t\t\t\t\t<div class=\"elementor-element elementor-element-0b353bb elementor-align-center elementor-widget elementor-widget-etheme_lottie_animation\" data-id=\"0b353bb\" data-element_type=\"widget\" data-settings=\"{&quot;lottie_source_json&quot;:{&quot;url&quot;:&quot;https:\\\/\\\/programsshop.com\\\/wp-content\\\/uploads\\\/2022\\\/11\\\/19438-web-designer.json&quot;,&quot;id&quot;:15975,&quot;size&quot;:&quot;&quot;,&quot;alt&quot;:&quot;&quot;,&quot;source&quot;:&quot;library&quot;},&quot;lottie_source&quot;:&quot;media_file&quot;,&quot;lottie_link_to&quot;:&quot;none&quot;,&quot;lottie_points&quot;:{&quot;unit&quot;:&quot;%&quot;,&quot;size&quot;:&quot;&quot;,&quot;sizes&quot;:{&quot;start&quot;:0,&quot;end&quot;:100}},&quot;lottie_renderer&quot;:&quot;svg&quot;,&quot;lottie_play_speed&quot;:{&quot;unit&quot;:&quot;px&quot;,&quot;size&quot;:1,&quot;sizes&quot;:[]},&quot;lottie_loop&quot;:&quot;yes&quot;,&quot;lottie_lazyload&quot;:&quot;yes&quot;}\" data-widget_type=\"etheme_lottie_animation.default\">\n\t\t\t\t<div class=\"elementor-widget-container\">\n\t\t\t\t\t\t<div class=\"etheme-lottie\">\r\n\t\t\t\t<div class=\"etheme-lottie-animation\"><\/div>\t\t\t<\/div>\r\n\t\t\t\t<\/div>\n\t\t\t\t<\/div>\n\t\t\t\t<div class=\"elementor-element elementor-element-4de9d83 elementor-widget elementor-widget-heading\" data-id=\"4de9d83\" data-element_type=\"widget\" data-widget_type=\"heading.default\">\n\t\t\t\t<div class=\"elementor-widget-container\">\n\t\t\t<h2 class=\"elementor-heading-title elementor-size-default\">d\u00e9veloppeurs web<\/h2>\t\t<\/div>\n\t\t\t\t<\/div>\n\t\t\t\t\t<\/div>\n\t\t<\/div>\n\t\t\t\t<div class=\"elementor-column elementor-col-25 elementor-inner-column elementor-element elementor-element-380bc8e\" data-id=\"380bc8e\" data-element_type=\"column\" data-settings=\"{&quot;background_background&quot;:&quot;classic&quot;}\">\n\t\t\t<div class=\"elementor-widget-wrap elementor-element-populated\">\n\t\t\t\t\t\t<div class=\"elementor-element elementor-element-52ec3ed elementor-align-center elementor-widget elementor-widget-etheme_lottie_animation\" data-id=\"52ec3ed\" data-element_type=\"widget\" data-settings=\"{&quot;lottie_source_json&quot;:{&quot;url&quot;:&quot;https:\\\/\\\/programsshop.com\\\/wp-content\\\/uploads\\\/2022\\\/11\\\/90497-software-development.json&quot;,&quot;id&quot;:15976,&quot;size&quot;:&quot;&quot;,&quot;alt&quot;:&quot;&quot;,&quot;source&quot;:&quot;library&quot;},&quot;lottie_source&quot;:&quot;media_file&quot;,&quot;lottie_link_to&quot;:&quot;none&quot;,&quot;lottie_points&quot;:{&quot;unit&quot;:&quot;%&quot;,&quot;size&quot;:&quot;&quot;,&quot;sizes&quot;:{&quot;start&quot;:0,&quot;end&quot;:100}},&quot;lottie_renderer&quot;:&quot;svg&quot;,&quot;lottie_play_speed&quot;:{&quot;unit&quot;:&quot;px&quot;,&quot;size&quot;:1,&quot;sizes&quot;:[]},&quot;lottie_loop&quot;:&quot;yes&quot;,&quot;lottie_lazyload&quot;:&quot;yes&quot;}\" data-widget_type=\"etheme_lottie_animation.default\">\n\t\t\t\t<div class=\"elementor-widget-container\">\n\t\t\t\t\t\t<div class=\"etheme-lottie\">\r\n\t\t\t\t<div class=\"etheme-lottie-animation\"><\/div>\t\t\t<\/div>\r\n\t\t\t\t<\/div>\n\t\t\t\t<\/div>\n\t\t\t\t<div class=\"elementor-element elementor-element-0c9a8ec elementor-widget elementor-widget-heading\" data-id=\"0c9a8ec\" data-element_type=\"widget\" data-widget_type=\"heading.default\">\n\t\t\t\t<div class=\"elementor-widget-container\">\n\t\t\t<h2 class=\"elementor-heading-title elementor-size-default\">Ing\u00e9nieurs logiciels<\/h2>\t\t<\/div>\n\t\t\t\t<\/div>\n\t\t\t\t\t<\/div>\n\t\t<\/div>\n\t\t\t\t\t<\/div>\n\t\t<\/section>\n\t\t\t\t\t<\/div>\n\t\t<\/div>\n\t\t\t\t\t<\/div>\n\t\t<\/section>\n\t\t\t\t<\/div>","protected":false},"excerpt":{"rendered":"<p>Nous sommes heureux de vous fournir un support technique.Installation en ligne via Teamviewer.Une copie du programme Teamviewer doit \u00eatre disponible pour le client, et il envoie son identifiant + mot de passe, et l&#039;employ\u00e9 du support technique contacte l&#039;appareil du client, installe le programme et le licencie, et le support est\u2026<\/p>","protected":false},"author":1,"featured_media":0,"parent":0,"menu_order":0,"comment_status":"closed","ping_status":"closed","template":"elementor_header_footer","meta":{"footnotes":""},"class_list":["post-8440","page","type-page","status-publish","hentry"],"_links":{"self":[{"href":"https:\/\/programsshop.com\/fr\/wp-json\/wp\/v2\/pages\/8440","targetHints":{"allow":["GET"]}}],"collection":[{"href":"https:\/\/programsshop.com\/fr\/wp-json\/wp\/v2\/pages"}],"about":[{"href":"https:\/\/programsshop.com\/fr\/wp-json\/wp\/v2\/types\/page"}],"author":[{"embeddable":true,"href":"https:\/\/programsshop.com\/fr\/wp-json\/wp\/v2\/users\/1"}],"replies":[{"embeddable":true,"href":"https:\/\/programsshop.com\/fr\/wp-json\/wp\/v2\/comments?post=8440"}],"version-history":[{"count":9,"href":"https:\/\/programsshop.com\/fr\/wp-json\/wp\/v2\/pages\/8440\/revisions"}],"predecessor-version":[{"id":17063,"href":"https:\/\/programsshop.com\/fr\/wp-json\/wp\/v2\/pages\/8440\/revisions\/17063"}],"wp:attachment":[{"href":"https:\/\/programsshop.com\/fr\/wp-json\/wp\/v2\/media?parent=8440"}],"curies":[{"name":"wp","href":"https:\/\/api.w.org\/{rel}","templated":true}]}}