{"id":8106,"date":"2020-11-24T23:19:45","date_gmt":"2020-11-24T21:19:45","guid":{"rendered":"https:\/\/programsshop.com\/?page_id=8106"},"modified":"2023-04-04T11:08:08","modified_gmt":"2023-04-04T09:08:08","slug":"pharmacy","status":"publish","type":"page","link":"https:\/\/programsshop.com\/fr\/knowledgebase\/pharmacy\/","title":{"rendered":"Programme de gestion de pharmacie Afaky"},"content":{"rendered":"<div data-elementor-type=\"wp-page\" data-elementor-id=\"8106\" class=\"elementor elementor-8106\">\n\t\t\t\t\t\t<section class=\"elementor-section elementor-top-section elementor-element elementor-element-5339e7c elementor-section-boxed elementor-section-height-default elementor-section-height-default\" data-id=\"5339e7c\" data-element_type=\"section\">\n\t\t\t\t\t\t<div class=\"elementor-container elementor-column-gap-default\">\n\t\t\t\t\t<div class=\"elementor-column elementor-col-100 elementor-top-column elementor-element elementor-element-997683d\" data-id=\"997683d\" data-element_type=\"column\">\n\t\t\t<div class=\"elementor-widget-wrap elementor-element-populated\">\n\t\t\t\t\t\t<div class=\"elementor-element elementor-element-aca2f6c elementor-widget elementor-widget-heading\" data-id=\"aca2f6c\" data-element_type=\"widget\" data-widget_type=\"heading.default\">\n\t\t\t\t<div class=\"elementor-widget-container\">\n\t\t\t<h1 class=\"elementor-heading-title elementor-size-default\">Programme de gestion de pharmacie Afaky\n<\/h1>\t\t<\/div>\n\t\t\t\t<\/div>\n\t\t\t\t\t<\/div>\n\t\t<\/div>\n\t\t\t\t\t<\/div>\n\t\t<\/section>\n\t\t\t\t<section class=\"elementor-section elementor-top-section elementor-element elementor-element-5cc09a3 elementor-section-boxed elementor-section-height-default elementor-section-height-default\" data-id=\"5cc09a3\" data-element_type=\"section\">\n\t\t\t\t\t\t<div class=\"elementor-container elementor-column-gap-default\">\n\t\t\t\t\t<div class=\"elementor-column elementor-col-100 elementor-top-column elementor-element elementor-element-908bc24\" data-id=\"908bc24\" data-element_type=\"column\">\n\t\t\t<div class=\"elementor-widget-wrap elementor-element-populated\">\n\t\t\t\t\t\t<div class=\"elementor-element elementor-element-a44114d animated-slow elementor-invisible elementor-widget elementor-widget-text-editor\" data-id=\"a44114d\" data-element_type=\"widget\" data-settings=\"{&quot;_animation&quot;:&quot;fadeInUp&quot;,&quot;_animation_delay&quot;:300}\" data-widget_type=\"text-editor.default\">\n\t\t\t\t<div class=\"elementor-widget-container\">\n\t\t\t\t\t\t\t<p style=\"text-align: right;\"><span style=\"font-size: 18pt;\"><strong>Le programme de gestion de pharmacie Afaky est un programme con\u00e7u de mani\u00e8re tr\u00e8s simple, qui vous garantit rapidit\u00e9, pr\u00e9cision dans les performances et une totale facilit\u00e9 d&#039;utilisation, et ce afin de prendre en compte la nature du travail du pharmacien\u00a0<\/strong><\/span><\/p>\t\t\t\t\t\t<\/div>\n\t\t\t\t<\/div>\n\t\t\t\t\t<\/div>\n\t\t<\/div>\n\t\t\t\t\t<\/div>\n\t\t<\/section>\n\t\t\t\t<section class=\"elementor-section elementor-top-section elementor-element elementor-element-880136d elementor-section-boxed elementor-section-height-default elementor-section-height-default\" data-id=\"880136d\" data-element_type=\"section\">\n\t\t\t\t\t\t<div class=\"elementor-container elementor-column-gap-default\">\n\t\t\t\t\t<div class=\"elementor-column elementor-col-100 elementor-top-column elementor-element elementor-element-49b7f63\" data-id=\"49b7f63\" data-element_type=\"column\">\n\t\t\t<div class=\"elementor-widget-wrap elementor-element-populated\">\n\t\t\t\t\t\t<div class=\"elementor-element elementor-element-5232864 elementor-widget elementor-widget-heading\" data-id=\"5232864\" data-element_type=\"widget\" data-widget_type=\"heading.default\">\n\t\t\t\t<div class=\"elementor-widget-container\">\n\t\t\t<h1 class=\"elementor-heading-title elementor-size-default\">Avantages du programme<\/h1>\t\t<\/div>\n\t\t\t\t<\/div>\n\t\t\t\t\t<\/div>\n\t\t<\/div>\n\t\t\t\t\t<\/div>\n\t\t<\/section>\n\t\t\t\t<section class=\"elementor-section elementor-top-section elementor-element elementor-element-e017592 elementor-section-boxed elementor-section-height-default elementor-section-height-default\" data-id=\"e017592\" data-element_type=\"section\">\n\t\t\t\t\t\t<div class=\"elementor-container elementor-column-gap-default\">\n\t\t\t\t\t<div class=\"elementor-column elementor-col-100 elementor-top-column elementor-element elementor-element-784c9ca\" data-id=\"784c9ca\" data-element_type=\"column\">\n\t\t\t<div class=\"elementor-widget-wrap elementor-element-populated\">\n\t\t\t\t\t\t<div class=\"elementor-element elementor-element-0996af2 elementor-widget elementor-widget-text-editor\" data-id=\"0996af2\" data-element_type=\"widget\" data-widget_type=\"text-editor.default\">\n\t\t\t\t<div class=\"elementor-widget-container\">\n\t\t\t\t\t\t\t<ul>\n \t<li><span style=\"color: #000000; font-size: 18pt;\"><strong>Connecter plus d&#039;appareils entre eux, que ce soit dans un r\u00e9seau interne ou via Internet, ce qui vous aide \u00e0 suivre votre pharmacie<\/strong><\/span>\n<span style=\"color: #000000; font-size: 18pt;\"><strong>De n&#039;importe o\u00f9 dans le monde<\/strong><\/span><\/li>\n<\/ul>\n<span style=\"color: #000000; font-size: 18pt;\"><strong><img fetchpriority=\"high\" decoding=\"async\" class=\"size-medium aligncenter\" src=\"https:\/\/programsshop.com\/wp-content\/uploads\/2016\/03\/image110-1.png\" width=\"300\" height=\"300\" \/><\/strong><\/span>\n<ul>\n \t<li>\n<p ><span style=\"color: #000000; font-size: 18pt;\"><strong><span lang=\"ar-SA\">La possibilit\u00e9 de d\u00e9finir les pouvoirs de vente pour tous ceux qui travaillent sur le programme, en plus d&#039;avoir la fonctionnalit\u00e9 de suivi des utilisateurs pour savoir qui a fait ce mouvement et quand, ce qui vous donne un contr\u00f4le total sur les donn\u00e9es\u00a0<\/span>.<\/strong><\/span><\/p>\n<\/li>\n<\/ul>\n<span style=\"color: #000000; font-size: 18pt;\"><strong><img decoding=\"async\" class=\"aligncenter size-medium\" src=\"https:\/\/programsshop.com\/wp-content\/uploads\/2016\/03\/image23-1.png\" width=\"256\" height=\"256\" \/><\/strong><\/span>\n<ul>\n \t<li>\n<p ><span style=\"color: #000000; font-size: 18pt;\"><strong><span lang=\"ar-SA\">Diviser les articles en groupes principaux et sous-groupes pour faciliter la saisie et la s\u00e9lection de l&#039;article vendu\u00a0<\/span>.<\/strong><\/span><\/p>\n<\/li>\n \t<li><span style=\"color: #000000; font-size: 18pt;\"><strong>Ajout de photos d&#039;articles et possibilit\u00e9 de vendre via ces photos ou via la forme arborescente ou sous la forme normale<\/strong><\/span><\/li>\n \t<li><span style=\"color: #000000; font-size: 18pt;\"><strong>Possibilit\u00e9 de travailler sur le programme au prorata de la nature de chaque officine : politique de d\u00e9boursement avec facture - politique de d\u00e9boursement apr\u00e8s facture<\/strong><\/span><\/li>\n \t<li><span style=\"color: #000000; font-size: 18pt;\"><strong>Le programme de gestion de pharmacie Afaky est directement li\u00e9 au programme Afaky pour les comptes g\u00e9n\u00e9raux, les magasins, les achats, les fournisseurs, les ventes et les clients.<\/strong><\/span><\/li>\n<\/ul>\n<span style=\"color: #000000; font-size: 18pt;\"><strong><img decoding=\"async\" class=\"aligncenter size-medium\" src=\"https:\/\/programsshop.com\/wp-content\/uploads\/2016\/03\/image33-1.png\" width=\"640\" height=\"400\" \/><\/strong><\/span>\n<ul>\n \t<li><span style=\"color: #000000; font-size: 18pt;\"><strong>La possibilit\u00e9 de saisir et de rappeler l&#039;article via le code-barres international ou le code-barres de la pharmacie, et cela se fait via le dispositif de capture de code-barres ou manuellement.<\/strong><\/span><\/li>\n \t<li><span style=\"color: #000000; font-size: 18pt;\"><strong>La possibilit\u00e9 de fabriquer plus d&#039;une unit\u00e9 de l&#039;article (par exemple (bande - bo\u00eete - disque) et de les lier ensemble.<\/strong><\/span><\/li>\n<\/ul>\n<span style=\"color: #000000; font-size: 18pt;\"><strong><img loading=\"lazy\" decoding=\"async\" class=\"aligncenter size-medium\" src=\"https:\/\/programsshop.com\/wp-content\/uploads\/2016\/03\/image4-1-300x300.jpeg\" width=\"300\" height=\"300\" \/><\/strong><\/span>\n<ul>\n \t<li><span style=\"color: #000000; font-size: 18pt;\"><strong>La possibilit\u00e9 d&#039;imprimer une facture (POS) pour le client (sur l&#039;imprimante de caisse thermique) avec tous les d\u00e9tails avec la possibilit\u00e9 d&#039;y mettre des conditions ou des notes.<\/strong><\/span><\/li>\n<\/ul>\n<span style=\"color: #000000; font-size: 18pt;\"><strong><img loading=\"lazy\" decoding=\"async\" class=\"aligncenter size-medium\" src=\"https:\/\/programsshop.com\/wp-content\/uploads\/2016\/03\/image5-1-300x300.jpeg\" width=\"300\" height=\"300\" \/><\/strong><\/span>\n<ul>\n \t<li><span style=\"color: #000000; font-size: 18pt;\"><strong>La possibilit\u00e9 de d\u00e9terminer le type de facture en esp\u00e8ces ou diff\u00e9r\u00e9e et de la diviser en paiements afin que la date d&#039;\u00e9ch\u00e9ance de la facture de vente et d&#039;achat soit enregistr\u00e9e, et ainsi nous pouvons obtenir un rapport indiquant les paiements dus pendant une p\u00e9riode d\u00e9termin\u00e9e et l&#039;\u00e2ge de dettes.<\/strong><\/span><\/li>\n \t<li><span style=\"color: #000000; font-size: 18pt;\"><strong>La possibilit\u00e9 de faire une remise sur la facture pour chaque article s\u00e9par\u00e9ment et la possibilit\u00e9 de faire une remise sur la facture dans son ensemble.<\/strong><\/span><\/li>\n \t<li><span style=\"color: #000000; font-size: 18pt;\"><strong>Possibilit\u00e9 de commencer ou d&#039;arr\u00eater de vendre \u00e0 moindre co\u00fbt.<\/strong><\/span><\/li>\n \t<li><span style=\"color: #000000; font-size: 18pt;\"><strong>La possibilit\u00e9 de fixer un prix de vente minimum.<\/strong><\/span><\/li>\n \t<li><span style=\"color: #000000; font-size: 18pt;\"><strong>La possibilit\u00e9 de faire cinq politiques de prix pour un article.<\/strong><\/span><\/li>\n \t<li><span style=\"color: #000000; font-size: 18pt;\"><strong>\u00a0Prise en charge des retours \u00e0 partir de la facture de vente.<\/strong><\/span><\/li>\n \t<li><span style=\"color: #000000; font-size: 18pt;\"><strong>La possibilit\u00e9 d&#039;activer ou de d\u00e9sactiver le d\u00e9couvert (sortie n\u00e9gative).<\/strong><\/span><\/li>\n \t<li><span style=\"color: #000000; font-size: 18pt;\"><strong>La possibilit\u00e9 d&#039;inventorier quotidiennement les quarts de travail des travailleurs au programme (cl\u00f4ture journali\u00e8re).<\/strong><\/span><\/li>\n \t<li><span style=\"color: #000000; font-size: 18pt;\"><strong>Contr\u00f4le total du stock et connaissance de la quantit\u00e9 de stock et des mouvements d&#039;articles.<\/strong><\/span><\/li>\n<\/ul>\n<span style=\"color: #000000; font-size: 18pt;\"><strong><img loading=\"lazy\" decoding=\"async\" class=\"size-medium aligncenter\" src=\"https:\/\/programsshop.com\/wp-content\/uploads\/2016\/03\/image6-1-1024x681.jpeg\" width=\"1024\" height=\"681\" \/><\/strong><\/span>\n<ul>\n \t<li>\n<p ><span style=\"color: #000000; font-size: 18pt;\"><strong><span lang=\"ar-SA\">La possibilit\u00e9 d&#039;afficher un rapport quotidien des lacunes de la pharmacie<\/span><\/strong><\/span><\/p>\n<\/li>\n \t<li>\n<p ><span style=\"color: #000000; font-size: 18pt;\"><strong><span lang=\"ar-SA\">La possibilit\u00e9 d&#039;afficher un rapport avec les articles les plus vendus et les plus rentables, ce qui aide le pharmacien \u00e0 prendre la d\u00e9cision appropri\u00e9e pour augmenter les b\u00e9n\u00e9fices de la pharmacie\u00a0<\/span>.<\/strong><\/span><\/p>\n<\/li>\n<\/ul>\n<span style=\"color: #000000; font-size: 18pt;\"><strong><img loading=\"lazy\" decoding=\"async\" class=\"aligncenter size-medium\" src=\"https:\/\/programsshop.com\/wp-content\/uploads\/2016\/03\/image7-1.jpeg\" width=\"640\" height=\"480\" \/><\/strong><\/span>\n<ul>\n \t<li><span style=\"color: #000000; font-size: 18pt;\"><strong>Le programme de gestion de pharmacie Afaky contient un grand nombre de rapports complets et d\u00e9taill\u00e9s, que ce soit pour les magasins, les mouvements et soldes d&#039;articles, les ventes, les achats, les clients et les fournisseurs.<\/strong><\/span><\/li>\n<\/ul>\n<p ><span style=\"color: #000000; font-size: 18pt;\"><strong><img loading=\"lazy\" decoding=\"async\" class=\"aligncenter size-medium\" src=\"https:\/\/programsshop.com\/wp-content\/uploads\/2016\/03\/image82-1.png\" width=\"711\" height=\"604\" \/><\/strong><\/span><\/p>\n<p ><span style=\"color: #000000; font-size: 18pt;\"><strong><span lang=\"ar-SA\">La possibilit\u00e9 pour le programme de fonctionner sur tous les \u00e9crans tactiles, avec la rapidit\u00e9 et la pr\u00e9cision n\u00e9cessaires pour en tirer le meilleur parti<\/span>.<\/strong><\/span><\/p>\n<p ><span style=\"color: #000000; font-size: 18pt;\"><strong><img loading=\"lazy\" decoding=\"async\" class=\"size-medium\" src=\"https:\/\/programsshop.com\/wp-content\/uploads\/2016\/03\/image9-1.jpeg\" width=\"674\" height=\"346\" \/><\/strong><\/span><\/p>\t\t\t\t\t\t<\/div>\n\t\t\t\t<\/div>\n\t\t\t\t\t<\/div>\n\t\t<\/div>\n\t\t\t\t\t<\/div>\n\t\t<\/section>\n\t\t\t\t<section class=\"elementor-section elementor-top-section elementor-element elementor-element-bb80cbb elementor-section-boxed elementor-section-height-default elementor-section-height-default\" data-id=\"bb80cbb\" data-element_type=\"section\">\n\t\t\t\t\t\t<div class=\"elementor-container elementor-column-gap-default\">\n\t\t\t\t\t<div class=\"elementor-column elementor-col-100 elementor-top-column elementor-element elementor-element-73660da\" data-id=\"73660da\" data-element_type=\"column\">\n\t\t\t<div class=\"elementor-widget-wrap\">\n\t\t\t\t\t\t\t<\/div>\n\t\t<\/div>\n\t\t\t\t\t<\/div>\n\t\t<\/section>\n\t\t\t\t<section class=\"elementor-section elementor-top-section elementor-element elementor-element-305c860 elementor-section-boxed elementor-section-height-default elementor-section-height-default\" data-id=\"305c860\" data-element_type=\"section\">\n\t\t\t\t\t\t<div class=\"elementor-container elementor-column-gap-default\">\n\t\t\t\t\t<div class=\"elementor-column elementor-col-100 elementor-top-column elementor-element elementor-element-cc2c0f9\" data-id=\"cc2c0f9\" data-element_type=\"column\">\n\t\t\t<div class=\"elementor-widget-wrap elementor-element-populated\">\n\t\t\t\t\t\t<div class=\"elementor-element elementor-element-979700b animated-slow elementor-invisible elementor-widget elementor-widget-text-editor\" data-id=\"979700b\" data-element_type=\"widget\" data-settings=\"{&quot;_animation&quot;:&quot;fadeInUp&quot;,&quot;_animation_delay&quot;:300}\" data-widget_type=\"text-editor.default\">\n\t\t\t\t<div class=\"elementor-widget-container\">\n\t\t\t\t\t\t\t<p><strong><span style=\"font-size: 14pt;\">Vous pouvez bien s\u00fbr t\u00e9l\u00e9charger\u00a0<span style=\"color: #ff0000;\"><a style=\"color: #ff0000;\" href=\"https:\/\/programsshop.com\/fr\/accountant-afaky\/\">Logiciel de comptabilit\u00e9 de gestion de pharmacie gratuit<\/a><\/span> Gr\u00e2ce \u00e0 la page de t\u00e9l\u00e9chargement pour vous aider \u00e0 g\u00e9rer les pharmacies, c&#039;est le programme de gestion de pharmacie le plus populaire en Egypte et en Arabie Saoudite<\/span><\/strong><\/p>\t\t\t\t\t\t<\/div>\n\t\t\t\t<\/div>\n\t\t\t\t<div class=\"elementor-element elementor-element-d93d0af elementor-align-center elementor-widget elementor-widget-button\" data-id=\"d93d0af\" data-element_type=\"widget\" data-widget_type=\"button.default\">\n\t\t\t\t<div class=\"elementor-widget-container\">\n\t\t\t\t\t<div class=\"elementor-button-wrapper\">\n\t\t\t<a class=\"elementor-button elementor-button-link elementor-size-sm elementor-animation-bounce-in\" href=\"https:\/\/programsshop.com\/fr\/explanation\/\">\n\t\t\t\t\t\t<span class=\"elementor-button-content-wrapper\">\n\t\t\t\t\t\t\t\t\t<span class=\"elementor-button-text\">Explication de l&#039;interface du programme et comment le t\u00e9l\u00e9charger<\/span>\n\t\t\t\t\t<\/span>\n\t\t\t\t\t<\/a>\n\t\t<\/div>\n\t\t\t\t<\/div>\n\t\t\t\t<\/div>\n\t\t\t\t\t<\/div>\n\t\t<\/div>\n\t\t\t\t\t<\/div>\n\t\t<\/section>\n\t\t\t\t<\/div>","protected":false},"excerpt":{"rendered":"<p>Programme Afaki pour la gestion des pharmacies Le programme Afaki pour la gestion des pharmacies est un programme con\u00e7u de mani\u00e8re tr\u00e8s simple, qui vous garantit rapidit\u00e9 et pr\u00e9cision dans les performances et une totale facilit\u00e9 d&#039;utilisation, et ce afin de prendre en compte la nature du travail du pharmacien.<\/p>","protected":false},"author":1,"featured_media":0,"parent":9970,"menu_order":0,"comment_status":"closed","ping_status":"closed","template":"elementor_header_footer","meta":{"footnotes":""},"class_list":["post-8106","page","type-page","status-publish","hentry"],"_links":{"self":[{"href":"https:\/\/programsshop.com\/fr\/wp-json\/wp\/v2\/pages\/8106","targetHints":{"allow":["GET"]}}],"collection":[{"href":"https:\/\/programsshop.com\/fr\/wp-json\/wp\/v2\/pages"}],"about":[{"href":"https:\/\/programsshop.com\/fr\/wp-json\/wp\/v2\/types\/page"}],"author":[{"embeddable":true,"href":"https:\/\/programsshop.com\/fr\/wp-json\/wp\/v2\/users\/1"}],"replies":[{"embeddable":true,"href":"https:\/\/programsshop.com\/fr\/wp-json\/wp\/v2\/comments?post=8106"}],"version-history":[{"count":6,"href":"https:\/\/programsshop.com\/fr\/wp-json\/wp\/v2\/pages\/8106\/revisions"}],"predecessor-version":[{"id":18227,"href":"https:\/\/programsshop.com\/fr\/wp-json\/wp\/v2\/pages\/8106\/revisions\/18227"}],"up":[{"embeddable":true,"href":"https:\/\/programsshop.com\/fr\/wp-json\/wp\/v2\/pages\/9970"}],"wp:attachment":[{"href":"https:\/\/programsshop.com\/fr\/wp-json\/wp\/v2\/media?parent=8106"}],"curies":[{"name":"wp","href":"https:\/\/api.w.org\/{rel}","templated":true}]}}