{"id":8073,"date":"2020-11-22T20:25:45","date_gmt":"2020-11-22T18:25:45","guid":{"rendered":"https:\/\/programsshop.com\/?page_id=8073"},"modified":"2022-11-18T03:54:58","modified_gmt":"2022-11-18T01:54:58","slug":"manufacturing","status":"publish","type":"page","link":"https:\/\/programsshop.com\/fr\/knowledgebase\/manufacturing\/","title":{"rendered":"Programme Afaky pour la production et la fabrication"},"content":{"rendered":"<div data-elementor-type=\"wp-page\" data-elementor-id=\"8073\" class=\"elementor elementor-8073\">\n\t\t\t\t\t\t<section class=\"elementor-section elementor-top-section elementor-element elementor-element-7b1f9f4 animated-slow elementor-section-full_width elementor-section-height-default elementor-section-height-default elementor-invisible\" data-id=\"7b1f9f4\" data-element_type=\"section\" data-settings=\"{&quot;background_background&quot;:&quot;classic&quot;,&quot;animation&quot;:&quot;fadeInUp&quot;,&quot;animation_mobile&quot;:&quot;fadeInUp&quot;}\">\n\t\t\t\t\t\t\t<div class=\"elementor-background-overlay\"><\/div>\n\t\t\t\t\t\t\t<div class=\"elementor-container elementor-column-gap-default\">\n\t\t\t\t\t<div class=\"elementor-column elementor-col-100 elementor-top-column elementor-element elementor-element-9cd947b\" data-id=\"9cd947b\" data-element_type=\"column\">\n\t\t\t<div class=\"elementor-widget-wrap elementor-element-populated\">\n\t\t\t\t\t\t<div class=\"elementor-element elementor-element-5778a36 elementor-widget elementor-widget-heading\" data-id=\"5778a36\" data-element_type=\"widget\" data-widget_type=\"heading.default\">\n\t\t\t\t<div class=\"elementor-widget-container\">\n\t\t\t<h1 class=\"elementor-heading-title elementor-size-default\">Programme Afaky pour la production et la fabrication\n<\/h1>\t\t<\/div>\n\t\t\t\t<\/div>\n\t\t\t\t<div class=\"elementor-element elementor-element-3143fe6 elementor-widget elementor-widget-spacer\" data-id=\"3143fe6\" data-element_type=\"widget\" data-widget_type=\"spacer.default\">\n\t\t\t\t<div class=\"elementor-widget-container\">\n\t\t\t\t\t<div class=\"elementor-spacer\">\n\t\t\t<div class=\"elementor-spacer-inner\"><\/div>\n\t\t<\/div>\n\t\t\t\t<\/div>\n\t\t\t\t<\/div>\n\t\t\t\t<div class=\"elementor-element elementor-element-7ae0036 elementor-widget elementor-widget-text-editor\" data-id=\"7ae0036\" data-element_type=\"widget\" data-widget_type=\"text-editor.default\">\n\t\t\t\t<div class=\"elementor-widget-container\">\n\t\t\t\t\t\t\t<p><span style=\"color: #ffffff; font-size: 14pt;\"><strong><span style=\"font-family: Tajawal;\">Le programme Afaqy pour la production et la fabrication a \u00e9t\u00e9 con\u00e7u pour r\u00e9pondre aux besoins de toutes les usines dans lesquelles le produit passe par plusieurs \u00e9tapes, ce qui vous donne la possibilit\u00e9 de prendre la bonne d\u00e9cision pour g\u00e9rer votre entreprise de mani\u00e8re efficace et efficiente, en plus de la pleine interd\u00e9pendance avec le programme d&#039;entrep\u00f4t et de comptes publics<\/span><\/strong><\/span> <span style=\"color: #ffffff; font-size: 14pt;\"><strong><span style=\"font-family: Tajawal;\">.<\/span><\/strong><\/span><\/p><p><span style=\"color: #ffffff; font-size: 18pt;\"><strong><span style=\"font-family: Tajawal;\">et cela passe par :<\/span><\/strong><\/span><\/p>\t\t\t\t\t\t<\/div>\n\t\t\t\t<\/div>\n\t\t\t\t<div class=\"elementor-element elementor-element-44cd110 elementor-widget elementor-widget-text-editor\" data-id=\"44cd110\" data-element_type=\"widget\" data-widget_type=\"text-editor.default\">\n\t\t\t\t<div class=\"elementor-widget-container\">\n\t\t\t\t\t\t\t<ul><li><span style=\"color: #ffffff;\">Il vous permet de d\u00e9finir les composants du produit fini, de d\u00e9terminer la quantit\u00e9 de composants pour chaque produit et de calculer automatiquement le co\u00fbt du produit fini<\/span><\/li><li><span style=\"color: #ffffff;\">Le programme Afaqy pour la production et la fabrication couvre toutes les \u00e9tapes de la fabrication (cycle de fabrication), de l&#039;\u00e9mission de l&#039;ordre de fabrication \u00e0 l&#039;\u00e9mission du bon de travail, qui peut \u00eatre t\u00e9l\u00e9charg\u00e9 depuis l&#039;ordre de fabrication jusqu&#039;au processus de production quotidien et d\u00e9terminer le co\u00fbt de l&#039;article final (produit) et l&#039;ajouter aux magasins.<\/span><\/li><li><span style=\"color: #ffffff;\">Le processus de production quotidien est caract\u00e9ris\u00e9 par un programme horizontal avec une flexibilit\u00e9 maximale, car les sp\u00e9cifications de fabrication peuvent \u00eatre modifi\u00e9es s\u00e9par\u00e9ment pour chaque processus de production, de sorte que certains des composants de l&#039;article final peuvent \u00eatre modifi\u00e9s au niveau du processus de production lui-m\u00eame sans le besoin de modifier les composants de l&#039;article \u00e0 partir de l&#039;\u00e9cran Articles.\u00a0<\/span><\/li><li><span style=\"color: #ffffff;\">Calcul du co\u00fbt du produit \u00e0 partir des mati\u00e8res premi\u00e8res et des d\u00e9penses industrielles.<\/span><\/li><li><span style=\"color: #ffffff;\">La possibilit\u00e9 d&#039;ajouter des d\u00e9penses industrielles aux processus de production, chaque processus s\u00e9par\u00e9ment.<\/span><\/li><li><span style=\"color: #ffffff;\">Contr\u00f4le total sur les donn\u00e9es en ajoutant plus d&#039;un utilisateur et en d\u00e9finissant les pouvoirs de chaque utilisateur s\u00e9par\u00e9ment, en plus de la pr\u00e9sence de la fonction de suivi des utilisateurs pour savoir qui a fait ce mouvement et quand il l&#039;a fait.<\/span><\/li><li><span style=\"color: #ffffff;\">Contr\u00f4le total du stock et connaissance de la quantit\u00e9 de stock et des mouvements d&#039;articles, qu&#039;il s&#039;agisse de mati\u00e8res premi\u00e8res ou de produits finis.<\/span><\/li><li><span style=\"color: #ffffff;\">\u00c9mettre des ordres de fabrication au profit de l&#039;usine ou au profit de vos clients en toute simplicit\u00e9.<\/span><\/li><li><span style=\"color: #ffffff;\">Relier les ordres de fabrication aux bons de travail et relier les bons de travail aux processus de production.<\/span><\/li><\/ul>\t\t\t\t\t\t<\/div>\n\t\t\t\t<\/div>\n\t\t\t\t\t<\/div>\n\t\t<\/div>\n\t\t\t\t\t<\/div>\n\t\t<\/section>\n\t\t\t\t<section class=\"elementor-section elementor-top-section elementor-element elementor-element-4e3d11f elementor-section-boxed elementor-section-height-default elementor-section-height-default\" data-id=\"4e3d11f\" data-element_type=\"section\">\n\t\t\t\t\t\t<div class=\"elementor-container elementor-column-gap-default\">\n\t\t\t\t\t<div class=\"elementor-column elementor-col-100 elementor-top-column elementor-element elementor-element-63571be\" data-id=\"63571be\" data-element_type=\"column\">\n\t\t\t<div class=\"elementor-widget-wrap elementor-element-populated\">\n\t\t\t\t\t\t<div class=\"elementor-element elementor-element-2a95fe0 elementor-widget elementor-widget-spacer\" data-id=\"2a95fe0\" data-element_type=\"widget\" data-widget_type=\"spacer.default\">\n\t\t\t\t<div class=\"elementor-widget-container\">\n\t\t\t\t\t<div class=\"elementor-spacer\">\n\t\t\t<div class=\"elementor-spacer-inner\"><\/div>\n\t\t<\/div>\n\t\t\t\t<\/div>\n\t\t\t\t<\/div>\n\t\t\t\t<div class=\"elementor-element elementor-element-5467fc3 elementor-widget elementor-widget-heading\" data-id=\"5467fc3\" data-element_type=\"widget\" data-widget_type=\"heading.default\">\n\t\t\t\t<div class=\"elementor-widget-container\">\n\t\t\t<h1 class=\"elementor-heading-title elementor-size-default\">Descriptif du programme<\/h1>\t\t<\/div>\n\t\t\t\t<\/div>\n\t\t\t\t\t<\/div>\n\t\t<\/div>\n\t\t\t\t\t<\/div>\n\t\t<\/section>\n\t\t\t\t<section class=\"elementor-section elementor-top-section elementor-element elementor-element-dda0f8c elementor-section-boxed elementor-section-height-default elementor-section-height-default\" data-id=\"dda0f8c\" data-element_type=\"section\">\n\t\t\t\t\t\t<div class=\"elementor-container elementor-column-gap-default\">\n\t\t\t\t\t<div class=\"elementor-column elementor-col-100 elementor-top-column elementor-element elementor-element-426512c\" data-id=\"426512c\" data-element_type=\"column\">\n\t\t\t<div class=\"elementor-widget-wrap elementor-element-populated\">\n\t\t\t\t\t\t<div class=\"elementor-element elementor-element-4e885ba elementor-widget elementor-widget-et-general-tabs\" data-id=\"4e885ba\" data-element_type=\"widget\" data-widget_type=\"et-general-tabs.default\">\n\t\t\t\t<div class=\"elementor-widget-container\">\n\t\t\t        <div id=\"et-advance-tabs-4e885ba\" class=\"et-advance-tabs et-tabs-horizontal  horizontal-style-1 responsive-vertical-layout\" data-tabid=\"4e885ba\">\r\n            <div class=\"et-tabs-nav\">\r\n                <ul >\r\n\t\t\t\t\t                        <li class=\"inactive et-tab-nav\"\r\n                            >\r\n                            \t\t\t\t\t\t\t\t                        \t\t\t\t\t\t\t\t\t\t\t\t\t\t                                <span class=\"et-tab-title\">\r\n    \t\t\t\t\t\t\t\tD\u00e9finition d&#039;une classe de fabrique     \t\t\t\t\t\t\t<\/span>\r\n\t\t\t\t\t\t\t                        <\/li>\r\n\t\t\t\t\t                        <li class=\"inactive et-tab-nav\"\r\n                            >\r\n                            \t\t\t\t\t\t\t\t                        \t\t\t\t\t\t\t\t\t\t\t\t\t\t                                <span class=\"et-tab-title\">\r\n    \t\t\t\t\t\t\t\tAjouter un ordre de fabrication     \t\t\t\t\t\t\t<\/span>\r\n\t\t\t\t\t\t\t                        <\/li>\r\n\t\t\t\t\t                        <li class=\"inactive et-tab-nav\"\r\n                            >\r\n                            \t\t\t\t\t\t\t\t                        \t\t\t\t\t\t\t\t\t\t\t\t\t\t                                <span class=\"et-tab-title\">\r\n    \t\t\t\t\t\t\t\tAjouter une commande de travail     \t\t\t\t\t\t\t<\/span>\r\n\t\t\t\t\t\t\t                        <\/li>\r\n\t\t\t\t\t                        <li class=\"inactive et-tab-nav\"\r\n                            >\r\n                            \t\t\t\t\t\t\t\t                        \t\t\t\t\t\t\t\t\t\t\t\t\t\t                                <span class=\"et-tab-title\">\r\n    \t\t\t\t\t\t\t\tAjouter un processus de production     \t\t\t\t\t\t\t<\/span>\r\n\t\t\t\t\t\t\t                        <\/li>\r\n\t\t\t\t\t                <\/ul>\r\n                            <\/div>\r\n            <div class=\"et-tabs-content\">\r\n\t\t\t\t                    <div class=\"clearfix inactive\">\r\n\t\t\t\t\t\t<p ><strong><span style=\"font-size: 14pt;\">1-\u00a0<span lang=\"ar-SA\">Dans la liste des magasins, choisissez les articles, et cet \u00e9cran vous appara\u00eetra, alors appuyez sur Ajouter\u00a0<\/span>.<\/span><\/strong><\/p>\n<p ><strong><span style=\"font-size: 14pt;\"><img decoding=\"async\" class=\"aligncenter wp-image-1919\" src=\"https:\/\/programsshop.com\/wp-content\/uploads\/2016\/02\/image119.png\" alt=\"image1\" width=\"600\" \/><\/span><\/strong><\/p>\n<p ><strong><span style=\"font-size: 14pt;\"><a href=\"https:\/\/programsshop.com\/wp-content\/uploads\/2014\/09\/separate.png\"><img decoding=\"async\" class=\"aligncenter size-full wp-image-771\" src=\"https:\/\/programsshop.com\/wp-content\/uploads\/2014\/09\/separate.png\" alt=\"separate\" width=\"920\" height=\"10\" \/><\/a><\/span><\/strong><\/p>\n<p ><strong><span style=\"font-size: 14pt;\">2-\u00a0<span lang=\"ar-SA\">Ensuite, cet \u00e9cran appara\u00eet, alors entrez les donn\u00e9es requises comme indiqu\u00e9, puis cliquez sur Enregistrer\u00a0<\/span>.<\/span><\/strong><\/p>\n<p><strong><span style=\"font-size: 14pt;\"><a href=\"https:\/\/programsshop.com\/wp-content\/uploads\/2016\/02\/image212.png\"><img decoding=\"async\" class=\"wp-image-1920\" src=\"https:\/\/programsshop.com\/wp-content\/uploads\/2016\/02\/image212.png\" alt=\"image2\" width=\"600\" \/><\/a><\/span><\/strong><\/p>                    <\/div>\r\n\t\t\t\t                    <div class=\"clearfix inactive\">\r\n\t\t\t\t\t\t<p ><span style=\"font-size: 14pt;\"><strong>1-\u00a0<span lang=\"ar-SA\">Dans la liste de production et de fabrication, choisissez les ordres de fabrication, et cet \u00e9cran appara\u00eetra, alors appuyez sur Ajouter\u00a0<\/span>.<\/strong><\/span><\/p>\n<p ><span style=\"font-size: 14pt;\"><strong><a href=\"https:\/\/programsshop.com\/wp-content\/uploads\/2016\/02\/image35.png\"><img decoding=\"async\" class=\"aligncenter wp-image-1921\" src=\"https:\/\/programsshop.com\/wp-content\/uploads\/2016\/02\/image35.png\" alt=\"image3\" width=\"600\" \/><\/a><\/strong><\/span><\/p>\n<p ><span style=\"font-size: 14pt;\"><strong><a href=\"https:\/\/programsshop.com\/wp-content\/uploads\/2014\/09\/separate.png\"><img decoding=\"async\" class=\"aligncenter size-full wp-image-771\" src=\"https:\/\/programsshop.com\/wp-content\/uploads\/2014\/09\/separate.png\" alt=\"separate\" width=\"920\" height=\"10\" \/><\/a><\/strong><\/span><\/p>\n<p ><span style=\"font-size: 14pt;\"><strong>2-\u00a0<span lang=\"ar-SA\">Ensuite, cet \u00e9cran appara\u00eet, alors entrez les donn\u00e9es requises comme indiqu\u00e9, puis cliquez sur Enregistrer\u00a0<\/span>.<\/strong><\/span><\/p>\n<p ><span style=\"font-size: 14pt;\"><strong><a href=\"https:\/\/programsshop.com\/wp-content\/uploads\/2016\/02\/image46.png\"><img decoding=\"async\" class=\"wp-image-1922\" src=\"https:\/\/programsshop.com\/wp-content\/uploads\/2016\/02\/image46.png\" alt=\"image4\" width=\"600\" \/><\/a><\/strong><\/span><\/p>                    <\/div>\r\n\t\t\t\t                    <div class=\"clearfix inactive\">\r\n\t\t\t\t\t\t<p ><strong><span style=\"font-size: 14pt;\">1-\u00a0<span lang=\"ar-SA\">Dans le menu Production et fabrication, choisissez Bons de travail, et cet \u00e9cran appara\u00eetra, alors appuyez sur Ajouter\u00a0<\/span>.<\/span><\/strong><\/p>\n<p ><strong><span style=\"font-size: 14pt;\"><a href=\"https:\/\/programsshop.com\/wp-content\/uploads\/2016\/02\/image56.png\"><img decoding=\"async\" class=\"aligncenter wp-image-1923\" src=\"https:\/\/programsshop.com\/wp-content\/uploads\/2016\/02\/image56.png\" alt=\"image5\" width=\"600\" \/><\/a><\/span><\/strong><\/p>\n<p ><strong><span style=\"font-size: 14pt;\"><a href=\"https:\/\/programsshop.com\/wp-content\/uploads\/2014\/09\/separate.png\"><img decoding=\"async\" class=\"aligncenter size-full wp-image-771\" src=\"https:\/\/programsshop.com\/wp-content\/uploads\/2014\/09\/separate.png\" alt=\"separate\" width=\"920\" height=\"10\" \/><\/a><\/span><\/strong><\/p>\n<p ><strong><span style=\"font-size: 14pt;\">2-\u00a0<span lang=\"ar-SA\">Puis cet \u00e9cran appara\u00eet, appuyez sur le signe\u00a0<\/span>(+) (1) .<\/span><\/strong><\/p>\n<p ><strong><span style=\"font-size: 14pt;\"><a href=\"https:\/\/programsshop.com\/wp-content\/uploads\/2014\/09\/separate.png\"><img decoding=\"async\" class=\"aligncenter size-full wp-image-771\" src=\"https:\/\/programsshop.com\/wp-content\/uploads\/2014\/09\/separate.png\" alt=\"separate\" width=\"920\" height=\"10\" \/><\/a><\/span><\/strong><\/p>\n<p ><strong><span style=\"font-size: 14pt;\">3-\u00a0<span lang=\"ar-SA\">Ensuite, cet \u00e9cran appara\u00eet pour vous, choisissez les ordres de fabrication requis\u00a0<\/span>(1)<\/span><\/strong><\/p>\n<p ><strong><span style=\"font-size: 14pt;\"><a href=\"https:\/\/programsshop.com\/wp-content\/uploads\/2016\/02\/image76.png\"><img decoding=\"async\" class=\"aligncenter wp-image-1925\" src=\"https:\/\/programsshop.com\/wp-content\/uploads\/2016\/02\/image76.png\" alt=\"image7\" width=\"600\" \/><\/a><\/span><\/strong>\n<strong><span style=\"font-size: 14pt;\"><span lang=\"ar-SA\">Appuyez ensuite sur OK\u00a0<\/span>(2)\u00a0<span lang=\"ar-SA\">puis enregistrez\u00a0<\/span>.<\/span><\/strong><\/p>\n<p ><strong><span style=\"font-size: 14pt;\"><a href=\"https:\/\/programsshop.com\/wp-content\/uploads\/2016\/02\/image66.png\"><img decoding=\"async\" class=\"aligncenter wp-image-1924\" src=\"https:\/\/programsshop.com\/wp-content\/uploads\/2016\/02\/image66.png\" alt=\"image6\" width=\"600\" \/><\/a><\/span><\/strong><\/p>                    <\/div>\r\n\t\t\t\t                    <div class=\"clearfix inactive\">\r\n\t\t\t\t\t\t<p ><strong><span style=\"font-size: 14pt;\">1-\u00a0<span lang=\"ar-SA\">Dans la liste de production et de fabrication, choisissez la production quotidienne, et cet \u00e9cran appara\u00eetra, alors appuyez sur Ajouter\u00a0<\/span>.<\/span><\/strong><\/p>\n<p ><strong><span style=\"font-size: 14pt;\"><a href=\"https:\/\/programsshop.com\/wp-content\/uploads\/2016\/02\/image86.png\"><img decoding=\"async\" class=\"aligncenter wp-image-1926\" src=\"https:\/\/programsshop.com\/wp-content\/uploads\/2016\/02\/image86.png\" alt=\"image8\" width=\"600\" \/><\/a><\/span><\/strong><\/p>\n<p ><strong><span style=\"font-size: 14pt;\"><a href=\"https:\/\/programsshop.com\/wp-content\/uploads\/2014\/09\/separate.png\"><img decoding=\"async\" class=\"aligncenter size-full wp-image-771\" src=\"https:\/\/programsshop.com\/wp-content\/uploads\/2014\/09\/separate.png\" alt=\"separate\" width=\"920\" height=\"10\" \/><\/a><\/span><\/strong><\/p>\n<p ><strong><span style=\"font-size: 14pt;\">2-\u00a0<span lang=\"ar-SA\">Ensuite, cet \u00e9cran vous appara\u00eetra, alors cliquez sur le bon de travail et choisissez le bon de travail \u00e0 produire et ajustez les composants si vous le souhaitez\u00a0<\/span>(1)<\/span><\/strong>\n<strong><span style=\"font-size: 14pt;\"><span lang=\"ar-SA\">Saisir les d\u00e9penses industrielles\u00a0<\/span>(2)\u00a0<span lang=\"ar-SA\">Appuyez ensuite sur enregistrer\u00a0<\/span>.<\/span><\/strong><\/p>\n<p ><strong><span style=\"font-size: 14pt;\"><a href=\"https:\/\/programsshop.com\/wp-content\/uploads\/2016\/02\/image96.png\"><img decoding=\"async\" class=\"aligncenter wp-image-1927\" src=\"https:\/\/programsshop.com\/wp-content\/uploads\/2016\/02\/image96.png\" alt=\"image9\" width=\"600\" \/><\/a><\/span><\/strong><\/p>\n<p ><\/p>                    <\/div>\r\n\t\t\t\t            <\/div>\r\n        <\/div>\r\n\t\t\t\t<\/div>\n\t\t\t\t<\/div>\n\t\t\t\t\t<\/div>\n\t\t<\/div>\n\t\t\t\t\t<\/div>\n\t\t<\/section>\n\t\t\t\t<section class=\"elementor-section elementor-top-section elementor-element elementor-element-3c7a122 elementor-section-boxed elementor-section-height-default elementor-section-height-default\" data-id=\"3c7a122\" data-element_type=\"section\">\n\t\t\t\t\t\t<div class=\"elementor-container elementor-column-gap-default\">\n\t\t\t\t\t<div class=\"elementor-column elementor-col-100 elementor-top-column elementor-element elementor-element-4346da5\" data-id=\"4346da5\" data-element_type=\"column\">\n\t\t\t<div class=\"elementor-widget-wrap elementor-element-populated\">\n\t\t\t\t\t\t<div class=\"elementor-element elementor-element-76e5401 animated-slow elementor-invisible elementor-widget elementor-widget-text-editor\" data-id=\"76e5401\" data-element_type=\"widget\" data-settings=\"{&quot;_animation&quot;:&quot;fadeInUp&quot;,&quot;_animation_delay&quot;:300}\" data-widget_type=\"text-editor.default\">\n\t\t\t\t<div class=\"elementor-widget-container\">\n\t\t\t\t\t\t\t<p><strong><span style=\"font-size: 14pt;\">Vous pouvez bien s\u00fbr t\u00e9l\u00e9charger\u00a0<span style=\"color: #ff0000;\"><a style=\"color: #ff0000;\" href=\"https:\/\/programsshop.com\/fr\/accountant-afaky\/\">Logiciel gratuit de comptabilit\u00e9 de production et de fabrication<\/a><\/span> Gr\u00e2ce \u00e0 la page de t\u00e9l\u00e9chargement pour vous aider \u00e0 g\u00e9rer la production et la fabrication, il est consid\u00e9r\u00e9 comme le programme de production et de fabrication le plus c\u00e9l\u00e8bre en \u00c9gypte et en Arabie saoudite.<\/span><\/strong><\/p>\t\t\t\t\t\t<\/div>\n\t\t\t\t<\/div>\n\t\t\t\t\t<\/div>\n\t\t<\/div>\n\t\t\t\t\t<\/div>\n\t\t<\/section>\n\t\t\t\t<section class=\"elementor-section elementor-top-section elementor-element elementor-element-b4b9344 elementor-section-boxed elementor-section-height-default elementor-section-height-default\" data-id=\"b4b9344\" data-element_type=\"section\">\n\t\t\t\t\t\t<div class=\"elementor-container elementor-column-gap-default\">\n\t\t\t\t\t<div class=\"elementor-column elementor-col-100 elementor-top-column elementor-element elementor-element-bc31d59\" data-id=\"bc31d59\" data-element_type=\"column\">\n\t\t\t<div class=\"elementor-widget-wrap elementor-element-populated\">\n\t\t\t\t\t\t<div class=\"elementor-element elementor-element-18f7282 elementor-align-center animated-slow elementor-invisible elementor-widget elementor-widget-button\" data-id=\"18f7282\" data-element_type=\"widget\" data-settings=\"{&quot;_animation&quot;:&quot;flash&quot;,&quot;_animation_delay&quot;:500}\" data-widget_type=\"button.default\">\n\t\t\t\t<div class=\"elementor-widget-container\">\n\t\t\t\t\t<div class=\"elementor-button-wrapper\">\n\t\t\t<a class=\"elementor-button elementor-button-link elementor-size-md elementor-animation-bounce-in\" href=\"https:\/\/programsshop.com\/fr\/explanation\/\">\n\t\t\t\t\t\t<span class=\"elementor-button-content-wrapper\">\n\t\t\t\t\t\t\t\t\t<span class=\"elementor-button-text\">Explication de l&#039;interface du programme et comment le t\u00e9l\u00e9charger<\/span>\n\t\t\t\t\t<\/span>\n\t\t\t\t\t<\/a>\n\t\t<\/div>\n\t\t\t\t<\/div>\n\t\t\t\t<\/div>\n\t\t\t\t<div class=\"elementor-element elementor-element-ffeca2b elementor-widget elementor-widget-spacer\" data-id=\"ffeca2b\" data-element_type=\"widget\" data-widget_type=\"spacer.default\">\n\t\t\t\t<div class=\"elementor-widget-container\">\n\t\t\t\t\t<div class=\"elementor-spacer\">\n\t\t\t<div class=\"elementor-spacer-inner\"><\/div>\n\t\t<\/div>\n\t\t\t\t<\/div>\n\t\t\t\t<\/div>\n\t\t\t\t\t<\/div>\n\t\t<\/div>\n\t\t\t\t\t<\/div>\n\t\t<\/section>\n\t\t\t\t<\/div>","protected":false},"excerpt":{"rendered":"<p>Programme Afaqy pour la production et la fabrication Le programme Afaqy pour la production et la fabrication est con\u00e7u pour r\u00e9pondre aux besoins de toutes les usines dans lesquelles le produit passe par plusieurs \u00e9tapes, ce qui vous donne la possibilit\u00e9 de prendre la bonne d\u00e9cision pour g\u00e9rer votre entreprise de mani\u00e8re efficace et efficiente, en plus \u00e0 la pleine interd\u00e9pendance avec le programme d\u2019inventaire et de comptabilit\u00e9\u2026<\/p>","protected":false},"author":1,"featured_media":0,"parent":9970,"menu_order":0,"comment_status":"closed","ping_status":"closed","template":"elementor_header_footer","meta":{"footnotes":""},"class_list":["post-8073","page","type-page","status-publish","hentry"],"_links":{"self":[{"href":"https:\/\/programsshop.com\/fr\/wp-json\/wp\/v2\/pages\/8073","targetHints":{"allow":["GET"]}}],"collection":[{"href":"https:\/\/programsshop.com\/fr\/wp-json\/wp\/v2\/pages"}],"about":[{"href":"https:\/\/programsshop.com\/fr\/wp-json\/wp\/v2\/types\/page"}],"author":[{"embeddable":true,"href":"https:\/\/programsshop.com\/fr\/wp-json\/wp\/v2\/users\/1"}],"replies":[{"embeddable":true,"href":"https:\/\/programsshop.com\/fr\/wp-json\/wp\/v2\/comments?post=8073"}],"version-history":[{"count":9,"href":"https:\/\/programsshop.com\/fr\/wp-json\/wp\/v2\/pages\/8073\/revisions"}],"predecessor-version":[{"id":17379,"href":"https:\/\/programsshop.com\/fr\/wp-json\/wp\/v2\/pages\/8073\/revisions\/17379"}],"up":[{"embeddable":true,"href":"https:\/\/programsshop.com\/fr\/wp-json\/wp\/v2\/pages\/9970"}],"wp:attachment":[{"href":"https:\/\/programsshop.com\/fr\/wp-json\/wp\/v2\/media?parent=8073"}],"curies":[{"name":"wp","href":"https:\/\/api.w.org\/{rel}","templated":true}]}}