{"id":8048,"date":"2020-11-22T07:41:19","date_gmt":"2020-11-22T05:41:19","guid":{"rendered":"https:\/\/programsshop.com\/?page_id=8048"},"modified":"2022-11-13T03:59:35","modified_gmt":"2022-11-13T01:59:35","slug":"financial","status":"publish","type":"page","link":"https:\/\/programsshop.com\/fr\/knowledgebase\/financial\/","title":{"rendered":"groupe financier"},"content":{"rendered":"<div data-elementor-type=\"wp-page\" data-elementor-id=\"8048\" class=\"elementor elementor-8048\">\n\t\t\t\t\t\t<section class=\"elementor-section elementor-top-section elementor-element elementor-element-6ba219c elementor-section-stretched elementor-section-boxed elementor-section-height-default elementor-section-height-default\" data-id=\"6ba219c\" data-element_type=\"section\" data-settings=\"{&quot;background_background&quot;:&quot;classic&quot;,&quot;animation_mobile&quot;:&quot;fadeInLeft&quot;,&quot;stretch_section&quot;:&quot;section-stretched&quot;,&quot;shape_divider_top&quot;:&quot;mountains&quot;,&quot;shape_divider_bottom&quot;:&quot;mountains&quot;}\">\n\t\t\t\t\t\t\t<div class=\"elementor-background-overlay\"><\/div>\n\t\t\t\t\t\t<div class=\"elementor-shape elementor-shape-top\" data-negative=\"false\">\n\t\t\t<svg xmlns=\"http:\/\/www.w3.org\/2000\/svg\" viewbox=\"0 0 1000 100\" preserveaspectratio=\"none\">\n\t<path class=\"elementor-shape-fill\" opacity=\"0.33\" d=\"M473,67.3c-203.9,88.3-263.1-34-320.3,0C66,119.1,0,59.7,0,59.7V0h1000v59.7 c0,0-62.1,26.1-94.9,29.3c-32.8,3.3-62.8-12.3-75.8-22.1C806,49.6,745.3,8.7,694.9,4.7S492.4,59,473,67.3z\"\/>\n\t<path class=\"elementor-shape-fill\" opacity=\"0.66\" d=\"M734,67.3c-45.5,0-77.2-23.2-129.1-39.1c-28.6-8.7-150.3-10.1-254,39.1 s-91.7-34.4-149.2,0C115.7,118.3,0,39.8,0,39.8V0h1000v36.5c0,0-28.2-18.5-92.1-18.5C810.2,18.1,775.7,67.3,734,67.3z\"\/>\n\t<path class=\"elementor-shape-fill\" d=\"M766.1,28.9c-200-57.5-266,65.5-395.1,19.5C242,1.8,242,5.4,184.8,20.6C128,35.8,132.3,44.9,89.9,52.5C28.6,63.7,0,0,0,0 h1000c0,0-9.9,40.9-83.6,48.1S829.6,47,766.1,28.9z\"\/>\n<\/svg>\t\t<\/div>\n\t\t\t\t<div class=\"elementor-shape elementor-shape-bottom\" data-negative=\"false\">\n\t\t\t<svg xmlns=\"http:\/\/www.w3.org\/2000\/svg\" viewbox=\"0 0 1000 100\" preserveaspectratio=\"none\">\n\t<path class=\"elementor-shape-fill\" opacity=\"0.33\" d=\"M473,67.3c-203.9,88.3-263.1-34-320.3,0C66,119.1,0,59.7,0,59.7V0h1000v59.7 c0,0-62.1,26.1-94.9,29.3c-32.8,3.3-62.8-12.3-75.8-22.1C806,49.6,745.3,8.7,694.9,4.7S492.4,59,473,67.3z\"\/>\n\t<path class=\"elementor-shape-fill\" opacity=\"0.66\" d=\"M734,67.3c-45.5,0-77.2-23.2-129.1-39.1c-28.6-8.7-150.3-10.1-254,39.1 s-91.7-34.4-149.2,0C115.7,118.3,0,39.8,0,39.8V0h1000v36.5c0,0-28.2-18.5-92.1-18.5C810.2,18.1,775.7,67.3,734,67.3z\"\/>\n\t<path class=\"elementor-shape-fill\" d=\"M766.1,28.9c-200-57.5-266,65.5-395.1,19.5C242,1.8,242,5.4,184.8,20.6C128,35.8,132.3,44.9,89.9,52.5C28.6,63.7,0,0,0,0 h1000c0,0-9.9,40.9-83.6,48.1S829.6,47,766.1,28.9z\"\/>\n<\/svg>\t\t<\/div>\n\t\t\t\t\t<div class=\"elementor-container elementor-column-gap-default\">\n\t\t\t\t\t<div class=\"elementor-column elementor-col-100 elementor-top-column elementor-element elementor-element-5733d52\" data-id=\"5733d52\" data-element_type=\"column\">\n\t\t\t<div class=\"elementor-widget-wrap elementor-element-populated\">\n\t\t\t\t\t\t<div class=\"elementor-element elementor-element-5556eba elementor-widget elementor-widget-heading\" data-id=\"5556eba\" data-element_type=\"widget\" data-widget_type=\"heading.default\">\n\t\t\t\t<div class=\"elementor-widget-container\">\n\t\t\t<h1 class=\"elementor-heading-title elementor-size-default\">groupe financier<\/h1>\t\t<\/div>\n\t\t\t\t<\/div>\n\t\t\t\t<div class=\"elementor-element elementor-element-2e7d7b8 elementor-widget elementor-widget-text-editor\" data-id=\"2e7d7b8\" data-element_type=\"widget\" data-widget_type=\"text-editor.default\">\n\t\t\t\t<div class=\"elementor-widget-container\">\n\t\t\t\t\t\t\t<p style=\"text-align: right;\"><span style=\"font-size: 14pt; font-family: Tajawal; color: #ffffff;\"><strong>Il s&#039;agit d&#039;un programme comptable int\u00e9gr\u00e9 qui contient tout le contenu du cycle comptable, \u00e0 partir de la saisie quotidienne jusqu&#039;aux listes d\u00e9finitives, et vous aide \u00e0 g\u00e9rer tous vos comptes g\u00e9n\u00e9raux et tout ce qui concerne vos op\u00e9rations comptables et financi\u00e8res, et dans lequel les \u00e9critures quotidiennes r\u00e9sultant de tous les mouvements quotidiens dans toutes les parties du programme sont compil\u00e9s afin d&#039;obtenir toutes les informations et rapports financiers.<\/strong><\/span><\/p>\t\t\t\t\t\t<\/div>\n\t\t\t\t<\/div>\n\t\t\t\t\t<\/div>\n\t\t<\/div>\n\t\t\t\t\t<\/div>\n\t\t<\/section>\n\t\t\t\t<section class=\"elementor-section elementor-top-section elementor-element elementor-element-90503ad elementor-section-boxed elementor-section-height-default elementor-section-height-default\" data-id=\"90503ad\" data-element_type=\"section\">\n\t\t\t\t\t\t<div class=\"elementor-container elementor-column-gap-default\">\n\t\t\t\t\t<div class=\"elementor-column elementor-col-100 elementor-top-column elementor-element elementor-element-15b69c2\" data-id=\"15b69c2\" data-element_type=\"column\">\n\t\t\t<div class=\"elementor-widget-wrap elementor-element-populated\">\n\t\t\t\t\t\t<div class=\"elementor-element elementor-element-d7f714a elementor-widget elementor-widget-spacer\" data-id=\"d7f714a\" data-element_type=\"widget\" data-widget_type=\"spacer.default\">\n\t\t\t\t<div class=\"elementor-widget-container\">\n\t\t\t\t\t<div class=\"elementor-spacer\">\n\t\t\t<div class=\"elementor-spacer-inner\"><\/div>\n\t\t<\/div>\n\t\t\t\t<\/div>\n\t\t\t\t<\/div>\n\t\t\t\t\t<\/div>\n\t\t<\/div>\n\t\t\t\t\t<\/div>\n\t\t<\/section>\n\t\t\t\t<section class=\"elementor-section elementor-top-section elementor-element elementor-element-35a90f9 elementor-section-boxed elementor-section-height-default elementor-section-height-default\" data-id=\"35a90f9\" data-element_type=\"section\">\n\t\t\t\t\t\t<div class=\"elementor-container elementor-column-gap-default\">\n\t\t\t\t\t<div class=\"elementor-column elementor-col-25 elementor-top-column elementor-element elementor-element-7ae3fe9\" data-id=\"7ae3fe9\" data-element_type=\"column\">\n\t\t\t<div class=\"elementor-widget-wrap elementor-element-populated\">\n\t\t\t\t\t\t<div class=\"elementor-element elementor-element-f946860 elementor-align-center elementor-widget elementor-widget-etheme_lottie_animation\" data-id=\"f946860\" data-element_type=\"widget\" data-settings=\"{&quot;lottie_source_json&quot;:{&quot;url&quot;:&quot;https:\\\/\\\/programsshop.com\\\/wp-content\\\/uploads\\\/2022\\\/11\\\/81916-test.json&quot;,&quot;id&quot;:17091,&quot;size&quot;:&quot;&quot;,&quot;alt&quot;:&quot;&quot;,&quot;source&quot;:&quot;library&quot;},&quot;lottie_source&quot;:&quot;media_file&quot;,&quot;lottie_link_to&quot;:&quot;none&quot;,&quot;lottie_points&quot;:{&quot;unit&quot;:&quot;%&quot;,&quot;size&quot;:&quot;&quot;,&quot;sizes&quot;:{&quot;start&quot;:0,&quot;end&quot;:100}},&quot;lottie_renderer&quot;:&quot;svg&quot;,&quot;lottie_play_speed&quot;:{&quot;unit&quot;:&quot;px&quot;,&quot;size&quot;:1,&quot;sizes&quot;:[]},&quot;lottie_loop&quot;:&quot;yes&quot;,&quot;lottie_lazyload&quot;:&quot;yes&quot;}\" data-widget_type=\"etheme_lottie_animation.default\">\n\t\t\t\t<div class=\"elementor-widget-container\">\n\t\t\t\t\t\t<div class=\"etheme-lottie\">\r\n\t\t\t\t<div class=\"etheme-lottie-animation\"><\/div>\t\t\t<\/div>\r\n\t\t\t\t<\/div>\n\t\t\t\t<\/div>\n\t\t\t\t<div class=\"elementor-element elementor-element-a4a9743 elementor-widget elementor-widget-heading\" data-id=\"a4a9743\" data-element_type=\"widget\" data-widget_type=\"heading.default\">\n\t\t\t\t<div class=\"elementor-widget-container\">\n\t\t\t<h2 class=\"elementor-heading-title elementor-size-default\">Documents d&#039;arrestation et de paiement<\/h2>\t\t<\/div>\n\t\t\t\t<\/div>\n\t\t\t\t<div class=\"elementor-element elementor-element-9850f9f elementor-align-center elementor-widget elementor-widget-button\" data-id=\"9850f9f\" data-element_type=\"widget\" data-widget_type=\"button.default\">\n\t\t\t\t<div class=\"elementor-widget-container\">\n\t\t\t\t\t<div class=\"elementor-button-wrapper\">\n\t\t\t<a class=\"elementor-button elementor-button-link elementor-size-md elementor-animation-bounce-in\" href=\"https:\/\/programsshop.com\/fr\/knowledgebase\/accounting-finance\/\">\n\t\t\t\t\t\t<span class=\"elementor-button-content-wrapper\">\n\t\t\t\t\t\t\t\t\t<span class=\"elementor-button-text\">l&#039;explication<\/span>\n\t\t\t\t\t<\/span>\n\t\t\t\t\t<\/a>\n\t\t<\/div>\n\t\t\t\t<\/div>\n\t\t\t\t<\/div>\n\t\t\t\t\t<\/div>\n\t\t<\/div>\n\t\t\t\t<div class=\"elementor-column elementor-col-25 elementor-top-column elementor-element elementor-element-33f6933\" data-id=\"33f6933\" data-element_type=\"column\">\n\t\t\t<div class=\"elementor-widget-wrap elementor-element-populated\">\n\t\t\t\t\t\t<div class=\"elementor-element elementor-element-de5d313 elementor-align-center elementor-widget elementor-widget-etheme_lottie_animation\" data-id=\"de5d313\" data-element_type=\"widget\" data-settings=\"{&quot;lottie_source_json&quot;:{&quot;url&quot;:&quot;https:\\\/\\\/programsshop.com\\\/wp-content\\\/uploads\\\/2022\\\/11\\\/102129-card-payment-successful.json&quot;,&quot;id&quot;:17094,&quot;size&quot;:&quot;&quot;,&quot;alt&quot;:&quot;&quot;,&quot;source&quot;:&quot;library&quot;},&quot;lottie_source&quot;:&quot;media_file&quot;,&quot;lottie_link_to&quot;:&quot;none&quot;,&quot;lottie_points&quot;:{&quot;unit&quot;:&quot;%&quot;,&quot;size&quot;:&quot;&quot;,&quot;sizes&quot;:{&quot;start&quot;:0,&quot;end&quot;:100}},&quot;lottie_renderer&quot;:&quot;svg&quot;,&quot;lottie_play_speed&quot;:{&quot;unit&quot;:&quot;px&quot;,&quot;size&quot;:1,&quot;sizes&quot;:[]},&quot;lottie_loop&quot;:&quot;yes&quot;,&quot;lottie_lazyload&quot;:&quot;yes&quot;}\" data-widget_type=\"etheme_lottie_animation.default\">\n\t\t\t\t<div class=\"elementor-widget-container\">\n\t\t\t\t\t\t<div class=\"etheme-lottie\">\r\n\t\t\t\t<div class=\"etheme-lottie-animation\"><\/div>\t\t\t<\/div>\r\n\t\t\t\t<\/div>\n\t\t\t\t<\/div>\n\t\t\t\t<div class=\"elementor-element elementor-element-510882d elementor-widget elementor-widget-heading\" data-id=\"510882d\" data-element_type=\"widget\" data-widget_type=\"heading.default\">\n\t\t\t\t<div class=\"elementor-widget-container\">\n\t\t\t<h2 class=\"elementor-heading-title elementor-size-default\">Syst\u00e8me de paiement<\/h2>\t\t<\/div>\n\t\t\t\t<\/div>\n\t\t\t\t<div class=\"elementor-element elementor-element-2dbc80e elementor-align-center elementor-widget elementor-widget-button\" data-id=\"2dbc80e\" data-element_type=\"widget\" data-widget_type=\"button.default\">\n\t\t\t\t<div class=\"elementor-widget-container\">\n\t\t\t\t\t<div class=\"elementor-button-wrapper\">\n\t\t\t<a class=\"elementor-button elementor-button-link elementor-size-md elementor-animation-bounce-in\" href=\"https:\/\/programsshop.com\/fr\/knowledgebase\/accounting-finance\/\">\n\t\t\t\t\t\t<span class=\"elementor-button-content-wrapper\">\n\t\t\t\t\t\t\t\t\t<span class=\"elementor-button-text\">l&#039;explication<\/span>\n\t\t\t\t\t<\/span>\n\t\t\t\t\t<\/a>\n\t\t<\/div>\n\t\t\t\t<\/div>\n\t\t\t\t<\/div>\n\t\t\t\t\t<\/div>\n\t\t<\/div>\n\t\t\t\t<div class=\"elementor-column elementor-col-25 elementor-top-column elementor-element elementor-element-b6c8c31\" data-id=\"b6c8c31\" data-element_type=\"column\">\n\t\t\t<div class=\"elementor-widget-wrap elementor-element-populated\">\n\t\t\t\t\t\t<div class=\"elementor-element elementor-element-fdf65af elementor-align-center elementor-widget elementor-widget-etheme_lottie_animation\" data-id=\"fdf65af\" data-element_type=\"widget\" data-settings=\"{&quot;lottie_source_json&quot;:{&quot;url&quot;:&quot;https:\\\/\\\/programsshop.com\\\/wp-content\\\/uploads\\\/2022\\\/11\\\/93329-payment-system-lottie-animation.json&quot;,&quot;id&quot;:17092,&quot;size&quot;:&quot;&quot;,&quot;alt&quot;:&quot;&quot;,&quot;source&quot;:&quot;library&quot;},&quot;lottie_source&quot;:&quot;media_file&quot;,&quot;lottie_link_to&quot;:&quot;none&quot;,&quot;lottie_points&quot;:{&quot;unit&quot;:&quot;%&quot;,&quot;size&quot;:&quot;&quot;,&quot;sizes&quot;:{&quot;start&quot;:0,&quot;end&quot;:100}},&quot;lottie_renderer&quot;:&quot;svg&quot;,&quot;lottie_play_speed&quot;:{&quot;unit&quot;:&quot;px&quot;,&quot;size&quot;:1,&quot;sizes&quot;:[]},&quot;lottie_loop&quot;:&quot;yes&quot;,&quot;lottie_lazyload&quot;:&quot;yes&quot;}\" data-widget_type=\"etheme_lottie_animation.default\">\n\t\t\t\t<div class=\"elementor-widget-container\">\n\t\t\t\t\t\t<div class=\"etheme-lottie\">\r\n\t\t\t\t<div class=\"etheme-lottie-animation\"><\/div>\t\t\t<\/div>\r\n\t\t\t\t<\/div>\n\t\t\t\t<\/div>\n\t\t\t\t<div class=\"elementor-element elementor-element-46b8037 elementor-widget elementor-widget-heading\" data-id=\"46b8037\" data-element_type=\"widget\" data-widget_type=\"heading.default\">\n\t\t\t\t<div class=\"elementor-widget-container\">\n\t\t\t<h2 class=\"elementor-heading-title elementor-size-default\">syst\u00e8me de r\u00e9ception <\/h2>\t\t<\/div>\n\t\t\t\t<\/div>\n\t\t\t\t<div class=\"elementor-element elementor-element-0abe620 elementor-align-center elementor-widget elementor-widget-button\" data-id=\"0abe620\" data-element_type=\"widget\" data-widget_type=\"button.default\">\n\t\t\t\t<div class=\"elementor-widget-container\">\n\t\t\t\t\t<div class=\"elementor-button-wrapper\">\n\t\t\t<a class=\"elementor-button elementor-button-link elementor-size-md elementor-animation-bounce-in\" href=\"https:\/\/programsshop.com\/fr\/knowledgebase\/accounting-finance\/\">\n\t\t\t\t\t\t<span class=\"elementor-button-content-wrapper\">\n\t\t\t\t\t\t\t\t\t<span class=\"elementor-button-text\">l&#039;explication<\/span>\n\t\t\t\t\t<\/span>\n\t\t\t\t\t<\/a>\n\t\t<\/div>\n\t\t\t\t<\/div>\n\t\t\t\t<\/div>\n\t\t\t\t\t<\/div>\n\t\t<\/div>\n\t\t\t\t<div class=\"elementor-column elementor-col-25 elementor-top-column elementor-element elementor-element-6e7a4c4\" data-id=\"6e7a4c4\" data-element_type=\"column\">\n\t\t\t<div class=\"elementor-widget-wrap elementor-element-populated\">\n\t\t\t\t\t\t<div class=\"elementor-element elementor-element-503ff1b elementor-align-center elementor-widget elementor-widget-etheme_lottie_animation\" data-id=\"503ff1b\" data-element_type=\"widget\" data-settings=\"{&quot;lottie_source_json&quot;:{&quot;url&quot;:&quot;https:\\\/\\\/programsshop.com\\\/wp-content\\\/uploads\\\/2022\\\/11\\\/25227-accountant-1.json&quot;,&quot;id&quot;:17095,&quot;size&quot;:&quot;&quot;,&quot;alt&quot;:&quot;&quot;,&quot;source&quot;:&quot;library&quot;},&quot;lottie_source&quot;:&quot;media_file&quot;,&quot;lottie_link_to&quot;:&quot;none&quot;,&quot;lottie_points&quot;:{&quot;unit&quot;:&quot;%&quot;,&quot;size&quot;:&quot;&quot;,&quot;sizes&quot;:{&quot;start&quot;:0,&quot;end&quot;:100}},&quot;lottie_renderer&quot;:&quot;svg&quot;,&quot;lottie_play_speed&quot;:{&quot;unit&quot;:&quot;px&quot;,&quot;size&quot;:1,&quot;sizes&quot;:[]},&quot;lottie_loop&quot;:&quot;yes&quot;,&quot;lottie_lazyload&quot;:&quot;yes&quot;}\" data-widget_type=\"etheme_lottie_animation.default\">\n\t\t\t\t<div class=\"elementor-widget-container\">\n\t\t\t\t\t\t<div class=\"etheme-lottie\">\r\n\t\t\t\t<div class=\"etheme-lottie-animation\"><\/div>\t\t\t<\/div>\r\n\t\t\t\t<\/div>\n\t\t\t\t<\/div>\n\t\t\t\t<div class=\"elementor-element elementor-element-df08fe8 elementor-widget elementor-widget-heading\" data-id=\"df08fe8\" data-element_type=\"widget\" data-widget_type=\"heading.default\">\n\t\t\t\t<div class=\"elementor-widget-container\">\n\t\t\t<h2 class=\"elementor-heading-title elementor-size-default\">Comptes g\u00e9n\u00e9raux<\/h2>\t\t<\/div>\n\t\t\t\t<\/div>\n\t\t\t\t<div class=\"elementor-element elementor-element-543b52f elementor-align-center elementor-widget elementor-widget-button\" data-id=\"543b52f\" data-element_type=\"widget\" data-widget_type=\"button.default\">\n\t\t\t\t<div class=\"elementor-widget-container\">\n\t\t\t\t\t<div class=\"elementor-button-wrapper\">\n\t\t\t<a class=\"elementor-button elementor-button-link elementor-size-md elementor-animation-bounce-in\" href=\"https:\/\/programsshop.com\/fr\/knowledgebase\/accounting-finance\/\">\n\t\t\t\t\t\t<span class=\"elementor-button-content-wrapper\">\n\t\t\t\t\t\t\t\t\t<span class=\"elementor-button-text\">l&#039;explication<\/span>\n\t\t\t\t\t<\/span>\n\t\t\t\t\t<\/a>\n\t\t<\/div>\n\t\t\t\t<\/div>\n\t\t\t\t<\/div>\n\t\t\t\t\t<\/div>\n\t\t<\/div>\n\t\t\t\t\t<\/div>\n\t\t<\/section>\n\t\t\t\t<section class=\"elementor-section elementor-top-section elementor-element elementor-element-1998f10 elementor-section-boxed elementor-section-height-default elementor-section-height-default\" data-id=\"1998f10\" data-element_type=\"section\">\n\t\t\t\t\t\t<div class=\"elementor-container elementor-column-gap-default\">\n\t\t\t\t\t<div class=\"elementor-column elementor-col-100 elementor-top-column elementor-element elementor-element-2d1e587\" data-id=\"2d1e587\" data-element_type=\"column\">\n\t\t\t<div class=\"elementor-widget-wrap elementor-element-populated\">\n\t\t\t\t\t\t<div class=\"elementor-element elementor-element-1108704 elementor-widget elementor-widget-spacer\" data-id=\"1108704\" data-element_type=\"widget\" data-widget_type=\"spacer.default\">\n\t\t\t\t<div class=\"elementor-widget-container\">\n\t\t\t\t\t<div class=\"elementor-spacer\">\n\t\t\t<div class=\"elementor-spacer-inner\"><\/div>\n\t\t<\/div>\n\t\t\t\t<\/div>\n\t\t\t\t<\/div>\n\t\t\t\t\t<\/div>\n\t\t<\/div>\n\t\t\t\t\t<\/div>\n\t\t<\/section>\n\t\t\t\t<\/div>","protected":false},"excerpt":{"rendered":"<p>Le Groupe Financier est un programme comptable int\u00e9gr\u00e9 qui contient tout le contenu du cycle comptable, \u00e0 partir de la saisie quotidienne jusqu&#039;aux \u00e9tats finaux, et vous aide \u00e0 g\u00e9rer tous vos comptes g\u00e9n\u00e9raux et tout ce qui concerne vos op\u00e9rations comptables et financi\u00e8res, et en\u2026<\/p>","protected":false},"author":1,"featured_media":0,"parent":9970,"menu_order":0,"comment_status":"closed","ping_status":"closed","template":"elementor_header_footer","meta":{"footnotes":""},"class_list":["post-8048","page","type-page","status-publish","hentry"],"_links":{"self":[{"href":"https:\/\/programsshop.com\/fr\/wp-json\/wp\/v2\/pages\/8048","targetHints":{"allow":["GET"]}}],"collection":[{"href":"https:\/\/programsshop.com\/fr\/wp-json\/wp\/v2\/pages"}],"about":[{"href":"https:\/\/programsshop.com\/fr\/wp-json\/wp\/v2\/types\/page"}],"author":[{"embeddable":true,"href":"https:\/\/programsshop.com\/fr\/wp-json\/wp\/v2\/users\/1"}],"replies":[{"embeddable":true,"href":"https:\/\/programsshop.com\/fr\/wp-json\/wp\/v2\/comments?post=8048"}],"version-history":[{"count":9,"href":"https:\/\/programsshop.com\/fr\/wp-json\/wp\/v2\/pages\/8048\/revisions"}],"predecessor-version":[{"id":17098,"href":"https:\/\/programsshop.com\/fr\/wp-json\/wp\/v2\/pages\/8048\/revisions\/17098"}],"up":[{"embeddable":true,"href":"https:\/\/programsshop.com\/fr\/wp-json\/wp\/v2\/pages\/9970"}],"wp:attachment":[{"href":"https:\/\/programsshop.com\/fr\/wp-json\/wp\/v2\/media?parent=8048"}],"curies":[{"name":"wp","href":"https:\/\/api.w.org\/{rel}","templated":true}]}}