{"id":18106,"date":"2023-03-07T18:15:53","date_gmt":"2023-03-07T16:15:53","guid":{"rendered":"https:\/\/programsshop.com\/?page_id=18106"},"modified":"2023-03-07T18:16:14","modified_gmt":"2023-03-07T16:16:14","slug":"%d8%b3%d9%8a%d8%a7%d8%b3%d8%a9-%d8%a7%d9%84%d8%ae%d8%b5%d9%88%d8%b5%d9%8a%d8%a9-%d9%84%d8%aa%d8%b7%d8%a8%d9%8a%d9%82-%d8%a7%d9%88%d9%84%d8%a7%d8%af-%d8%ae%d8%b6%d8%b1","status":"publish","type":"page","link":"https:\/\/programsshop.com\/fr\/%d8%b3%d9%8a%d8%a7%d8%b3%d8%a9-%d8%a7%d9%84%d8%ae%d8%b5%d9%88%d8%b5%d9%8a%d8%a9-%d9%84%d8%aa%d8%b7%d8%a8%d9%8a%d9%82-%d8%a7%d9%88%d9%84%d8%a7%d8%af-%d8%ae%d8%b6%d8%b1\/","title":{"rendered":"Politique de confidentialit\u00e9 pour l&#039;application des enfants verts"},"content":{"rendered":"<p>Politique de confidentialit\u00e9<\/p>\n<p>Dans l&#039;application (Khader Sons), nous r\u00e9alisons que la confidentialit\u00e9 de vos informations personnelles est importante pour vous et pour nous.<\/p>\n<p>Vous trouverez ci-dessous des informations sur les types d&#039;informations personnelles que nous recevons et collectons lorsque vous visitez (Khider Sons) et sur la mani\u00e8re dont nous prot\u00e9geons vos informations personnelles.<\/p>\n<p>fichiers journaux<\/p>\n<p>Comme pour la plupart des sites Web, nous collectons et utilisons des donn\u00e9es dans des fichiers journaux.<\/p>\n<p>Les informations contenues dans les fichiers journaux incluent votre adresse IP (Internet Protocol), votre fournisseur de services Internet (ISP), le navigateur que vous avez utilis\u00e9 pour visiter notre site, l&#039;heure de votre visite et les pages que vous avez visit\u00e9es sur notre site.<\/p>\n<p>Biscuits<\/p>\n<p>Nous utilisons des cookies pour vous offrir la meilleure exp\u00e9rience utilisateur possible sur un site simple. Pour plus d&#039;informations sur les cookies, visitez : http:\/\/www.allaboutcookies.org\/.<\/p>\n<p>Cookies essentiels<\/p>\n<p>Les cookies essentiels vous sont n\u00e9cessaires pour naviguer et vous d\u00e9placer sur le site, et ne stockent aucune information qui pourrait \u00eatre utilis\u00e9e \u00e0 des fins publicitaires.Sans cookies essentiels, notre site ne fonctionnera pas correctement.<\/p>\n<p>cookies personnalis\u00e9s<\/p>\n<p>Ces cookies stockent des informations, telles que vos pr\u00e9f\u00e9rences personnelles, et les utilisent pour personnaliser une exp\u00e9rience unique pour vous.<\/p>\n<p>Cela peut inclure l&#039;affichage d&#039;une fen\u00eatre contextuelle une seule fois lors de votre visite, la sauvegarde de vos pr\u00e9f\u00e9rences linguistiques ou la possibilit\u00e9 de vous connecter automatiquement \u00e0 certaines de nos fonctionnalit\u00e9s.<\/p>\n<p>Cookies analytiques<\/p>\n<p>Les cookies d&#039;analyse capturent des donn\u00e9es anonymes afin que nous puissions voir les tendances et am\u00e9liorer votre exp\u00e9rience sur le site Web.<\/p>\n<p>Ceux-ci nous permettent de tester diff\u00e9rents designs, et nous aident \u00e0 identifier une rupture si une partie de notre site ne fonctionne pas.<\/p>\n<p>Cookies publicitaires<\/p>\n<p>Certains annonceurs tiers peuvent utiliser des cookies ou des balises Web lorsqu&#039;ils font de la publicit\u00e9 sur notre site.<\/p>\n<p>Ils enverront des informations \u00e0 ces annonceurs (tels que Google via le programme Google AdSense), y compris votre adresse IP, votre fournisseur de services Internet, le navigateur que vous avez utilis\u00e9 pour visiter notre site et, dans certains cas, des informations indiquant si vous avez install\u00e9 Flash.<\/p>\n<p>Les fournisseurs tiers, y compris Google, utilisent des cookies pour diffuser des annonces en fonction des visites pr\u00e9c\u00e9dentes d&#039;un utilisateur sur notre site Web ou sur d&#039;autres sites Web.<br \/>\nEn utilisant des cookies publicitaires, Google et ses partenaires pourront montrer des publicit\u00e9s \u00e0 vos utilisateurs en fonction de leurs visites sur notre site et\/ou d&#039;autres sites sur Internet.<br \/>\nLes utilisateurs peuvent d\u00e9sactiver l&#039;utilisation des publicit\u00e9s personnalis\u00e9es en acc\u00e9dant aux param\u00e8tres des publicit\u00e9s.<\/p>\n<p>Si vous ne refusez pas de diffuser des publicit\u00e9s tierces, les cookies d&#039;autres fournisseurs ou r\u00e9seaux publicitaires tiers peuvent \u00e9galement \u00eatre utilis\u00e9s pour diffuser des publicit\u00e9s sur notre site.<\/p>\n<p>Ceci est g\u00e9n\u00e9ralement utilis\u00e9 \u00e0 des fins de ciblage g\u00e9ographique, par exemple (montrer des annonces SEO en \u00c9gypte \u00e0 quelqu&#039;un en \u00c9gypte) ou afficher des annonces sp\u00e9cifiques bas\u00e9es sur des sites sp\u00e9cifiques visit\u00e9s (par exemple, afficher des annonces immobili\u00e8res \u00e0 quelqu&#039;un qui visite des sites Web immobiliers).<\/p>\n<p>En poursuivant votre navigation sur notre site, vous acceptez le d\u00e9p\u00f4t de cookies sur votre appareil.Vous pouvez choisir de d\u00e9sactiver ou de d\u00e9sactiver s\u00e9lectivement les cookies ou les cookies tiers dans les param\u00e8tres de votre navigateur. Cependant, cela peut affecter la fa\u00e7on dont vous interagissez avec notre site ainsi qu&#039;avec d&#039;autres sites Web.<\/p>\n<p>Si vous avez des questions ou s&#039;il y a un probl\u00e8me avec notre politique d&#039;utilisation des donn\u00e9es, veuillez nous contacter via la page Contactez-nous.<\/p>","protected":false},"excerpt":{"rendered":"<p>La page de politique de confidentialit\u00e9 dans l&#039;application (Khader Sons) Nous r\u00e9alisons que la confidentialit\u00e9 de vos informations personnelles est importante pour vous et pour nous. Vous trouverez ci-dessous des informations sur les types d&#039;informations personnelles que nous recevons et collectons lorsque vous visitez (Khider Sons) et sur la mani\u00e8re dont nous prot\u00e9geons vos informations personnelles. Fichiers journaux en tant que...<\/p>","protected":false},"author":1,"featured_media":0,"parent":0,"menu_order":0,"comment_status":"closed","ping_status":"closed","template":"","meta":{"footnotes":""},"class_list":["post-18106","page","type-page","status-publish","hentry"],"_links":{"self":[{"href":"https:\/\/programsshop.com\/fr\/wp-json\/wp\/v2\/pages\/18106","targetHints":{"allow":["GET"]}}],"collection":[{"href":"https:\/\/programsshop.com\/fr\/wp-json\/wp\/v2\/pages"}],"about":[{"href":"https:\/\/programsshop.com\/fr\/wp-json\/wp\/v2\/types\/page"}],"author":[{"embeddable":true,"href":"https:\/\/programsshop.com\/fr\/wp-json\/wp\/v2\/users\/1"}],"replies":[{"embeddable":true,"href":"https:\/\/programsshop.com\/fr\/wp-json\/wp\/v2\/comments?post=18106"}],"version-history":[{"count":1,"href":"https:\/\/programsshop.com\/fr\/wp-json\/wp\/v2\/pages\/18106\/revisions"}],"predecessor-version":[{"id":18107,"href":"https:\/\/programsshop.com\/fr\/wp-json\/wp\/v2\/pages\/18106\/revisions\/18107"}],"wp:attachment":[{"href":"https:\/\/programsshop.com\/fr\/wp-json\/wp\/v2\/media?parent=18106"}],"curies":[{"name":"wp","href":"https:\/\/api.w.org\/{rel}","templated":true}]}}