{"id":14376,"date":"2022-10-01T11:34:58","date_gmt":"2022-10-01T09:34:58","guid":{"rendered":"https:\/\/programsshop.com\/?page_id=14376"},"modified":"2022-11-15T01:05:34","modified_gmt":"2022-11-14T23:05:34","slug":"%d8%b4%d8%b1%d9%83%d8%a9-%d8%b5%d9%88%d8%a7%d8%b1%d9%8a-%d8%a7%d9%84%d9%85%d8%b3%d8%aa%d9%82%d8%a8%d9%84-%d9%84%d8%aa%d9%82%d9%86%d9%8a%d8%a9-%d8%a7%d9%84%d9%85%d8%b9%d9%84%d9%88%d9%85%d8%a7%d8%aa","status":"publish","type":"page","link":"https:\/\/programsshop.com\/fr\/%d8%b4%d8%b1%d9%83%d8%a9-%d8%b5%d9%88%d8%a7%d8%b1%d9%8a-%d8%a7%d9%84%d9%85%d8%b3%d8%aa%d9%82%d8%a8%d9%84-%d9%84%d8%aa%d9%82%d9%86%d9%8a%d8%a9-%d8%a7%d9%84%d9%85%d8%b9%d9%84%d9%88%d9%85%d8%a7%d8%aa\/","title":{"rendered":"Soci\u00e9t\u00e9 de technologie de l&#039;information Sawari Al-Mustaqbal"},"content":{"rendered":"<div data-elementor-type=\"wp-page\" data-elementor-id=\"14376\" class=\"elementor elementor-14376\">\n\t\t\t\t\t\t<section class=\"elementor-section elementor-top-section elementor-element elementor-element-ec4b730 elementor-section-boxed elementor-section-height-default elementor-section-height-default\" data-id=\"ec4b730\" data-element_type=\"section\" data-settings=\"{&quot;background_background&quot;:&quot;classic&quot;}\">\n\t\t\t\t\t\t\t<div class=\"elementor-background-overlay\"><\/div>\n\t\t\t\t\t\t\t<div class=\"elementor-container elementor-column-gap-default\">\n\t\t\t\t\t<div class=\"elementor-column elementor-col-100 elementor-top-column elementor-element elementor-element-01d7134\" data-id=\"01d7134\" data-element_type=\"column\">\n\t\t\t<div class=\"elementor-widget-wrap elementor-element-populated\">\n\t\t\t\t\t\t<div class=\"elementor-element elementor-element-3a20b19 elementor-widget elementor-widget-image\" data-id=\"3a20b19\" data-element_type=\"widget\" data-widget_type=\"image.default\">\n\t\t\t\t<div class=\"elementor-widget-container\">\n\t\t\t\t\t\t\t\t\t\t\t\t\t<img fetchpriority=\"high\" decoding=\"async\" width=\"360\" height=\"150\" src=\"https:\/\/programsshop.com\/wp-content\/uploads\/2022\/10\/cropped-l\u0639\u0644\u0648\u064a-2\u0645\u0648\u0642\u0639.png\" class=\"attachment-large size-large wp-image-14378\" alt=\"\" srcset=\"https:\/\/programsshop.com\/wp-content\/uploads\/2022\/10\/cropped-l\u0639\u0644\u0648\u064a-2\u0645\u0648\u0642\u0639.png 360w, https:\/\/programsshop.com\/wp-content\/uploads\/2022\/10\/cropped-l\u0639\u0644\u0648\u064a-2\u0645\u0648\u0642\u0639-300x125.png 300w, https:\/\/programsshop.com\/wp-content\/uploads\/2022\/10\/cropped-l\u0639\u0644\u0648\u064a-2\u0645\u0648\u0642\u0639-16x7.png 16w, https:\/\/programsshop.com\/wp-content\/uploads\/2022\/10\/cropped-l\u0639\u0644\u0648\u064a-2\u0645\u0648\u0642\u0639-1x1.png 1w, https:\/\/programsshop.com\/wp-content\/uploads\/2022\/10\/cropped-l\u0639\u0644\u0648\u064a-2\u0645\u0648\u0642\u0639-10x4.png 10w\" sizes=\"(max-width: 360px) 100vw, 360px\" \/>\t\t\t\t\t\t\t\t\t\t\t\t\t<\/div>\n\t\t\t\t<\/div>\n\t\t\t\t\t<\/div>\n\t\t<\/div>\n\t\t\t\t\t<\/div>\n\t\t<\/section>\n\t\t\t\t<section class=\"elementor-section elementor-top-section elementor-element elementor-element-e5840d9 elementor-section-boxed elementor-section-height-default elementor-section-height-default\" data-id=\"e5840d9\" data-element_type=\"section\">\n\t\t\t\t\t\t<div class=\"elementor-container elementor-column-gap-default\">\n\t\t\t\t\t<div class=\"elementor-column elementor-col-100 elementor-top-column elementor-element elementor-element-40a5169\" data-id=\"40a5169\" data-element_type=\"column\">\n\t\t\t<div class=\"elementor-widget-wrap elementor-element-populated\">\n\t\t\t\t\t\t<section class=\"elementor-section elementor-inner-section elementor-element elementor-element-13822dc elementor-section-boxed elementor-section-height-default elementor-section-height-default\" data-id=\"13822dc\" data-element_type=\"section\">\n\t\t\t\t\t\t<div class=\"elementor-container elementor-column-gap-default\">\n\t\t\t\t\t<div class=\"elementor-column elementor-col-50 elementor-inner-column elementor-element elementor-element-1d03b2d\" data-id=\"1d03b2d\" data-element_type=\"column\">\n\t\t\t<div class=\"elementor-widget-wrap elementor-element-populated\">\n\t\t\t\t\t\t<div class=\"elementor-element elementor-element-df41005 elementor-widget elementor-widget-heading\" data-id=\"df41005\" data-element_type=\"widget\" data-widget_type=\"heading.default\">\n\t\t\t\t<div class=\"elementor-widget-container\">\n\t\t\t<h2 class=\"elementor-heading-title elementor-size-default\">Profil de la soci\u00e9t\u00e9\n<\/h2>\t\t<\/div>\n\t\t\t\t<\/div>\n\t\t\t\t<div class=\"elementor-element elementor-element-8a146b0 elementor-widget-divider--view-line elementor-widget elementor-widget-divider\" data-id=\"8a146b0\" data-element_type=\"widget\" data-widget_type=\"divider.default\">\n\t\t\t\t<div class=\"elementor-widget-container\">\n\t\t\t\t\t<div class=\"elementor-divider\">\n\t\t\t<span class=\"elementor-divider-separator\">\n\t\t\t\t\t\t<\/span>\n\t\t<\/div>\n\t\t\t\t<\/div>\n\t\t\t\t<\/div>\n\t\t\t\t<div class=\"elementor-element elementor-element-a3c623b elementor-widget elementor-widget-text-editor\" data-id=\"a3c623b\" data-element_type=\"widget\" data-widget_type=\"text-editor.default\">\n\t\t\t\t<div class=\"elementor-widget-container\">\n\t\t\t\t\t\t\t<h4><strong>Sawari Al-Mustaqbal est une institution distingu\u00e9e et pionni\u00e8re dans le domaine des technologies de l&#039;information et des syst\u00e8mes de surveillance sous toutes ses formes.<\/strong><\/h4><h4><strong>Sawari Al-Mustaqbal a \u00e9t\u00e9 cr\u00e9\u00e9 il y a plus de 10 ans pour aider \u00e0 ajouter une nouvelle touche dans le domaine des technologies de l&#039;information afin de pr\u00e9senter les changements et d\u00e9veloppements les plus significatifs \u00e0 la communaut\u00e9 locale dans son ensemble.<\/strong><\/h4>\t\t\t\t\t\t<\/div>\n\t\t\t\t<\/div>\n\t\t\t\t\t<\/div>\n\t\t<\/div>\n\t\t\t\t<div class=\"elementor-column elementor-col-50 elementor-inner-column elementor-element elementor-element-28eb281\" data-id=\"28eb281\" data-element_type=\"column\">\n\t\t\t<div class=\"elementor-widget-wrap elementor-element-populated\">\n\t\t\t\t\t\t<div class=\"elementor-element elementor-element-e5ed2e1 elementor-widget elementor-widget-google_maps\" data-id=\"e5ed2e1\" data-element_type=\"widget\" data-widget_type=\"google_maps.default\">\n\t\t\t\t<div class=\"elementor-widget-container\">\n\t\t\t\t\t<div class=\"elementor-custom-embed\">\n\t\t\t<iframe loading=\"lazy\"\n\t\t\t\t\tsrc=\"https:\/\/maps.google.com\/maps?q=%D8%B5%D9%88%D8%A7%D8%B1%D9%8A%20%D8%A7%D9%84%D9%85%D8%B3%D8%AA%D9%82%D8%A8%D9%84%20%D9%84%D8%AA%D9%82%D9%86%D9%8A%D8%A9%20%D8%A7%D9%84%D9%85%D8%B9%D9%84%D9%88%D9%85%D8%A7%D8%AA&#038;t=m&#038;z=10&#038;output=embed&#038;iwloc=near\"\n\t\t\t\t\ttitle=\"Sawari du futur pour les technologies de l&#039;information\"\n\t\t\t\t\taria-label=\"Sawari du futur pour les technologies de l&#039;information\"\n\t\t\t><\/iframe>\n\t\t<\/div>\n\t\t\t\t<\/div>\n\t\t\t\t<\/div>\n\t\t\t\t\t<\/div>\n\t\t<\/div>\n\t\t\t\t\t<\/div>\n\t\t<\/section>\n\t\t\t\t\t<\/div>\n\t\t<\/div>\n\t\t\t\t\t<\/div>\n\t\t<\/section>\n\t\t\t\t<section class=\"elementor-section elementor-top-section elementor-element elementor-element-c64ce90 elementor-section-boxed elementor-section-height-default elementor-section-height-default\" data-id=\"c64ce90\" data-element_type=\"section\">\n\t\t\t\t\t\t<div class=\"elementor-container elementor-column-gap-default\">\n\t\t\t\t\t<div class=\"elementor-column elementor-col-100 elementor-top-column elementor-element elementor-element-264ebb4\" data-id=\"264ebb4\" data-element_type=\"column\">\n\t\t\t<div class=\"elementor-widget-wrap elementor-element-populated\">\n\t\t\t\t\t\t<section class=\"elementor-section elementor-inner-section elementor-element elementor-element-cab27ae elementor-section-boxed elementor-section-height-default elementor-section-height-default\" data-id=\"cab27ae\" data-element_type=\"section\">\n\t\t\t\t\t\t<div class=\"elementor-container elementor-column-gap-default\">\n\t\t\t\t\t<div class=\"elementor-column elementor-col-33 elementor-inner-column elementor-element elementor-element-f49a49b\" data-id=\"f49a49b\" data-element_type=\"column\">\n\t\t\t<div class=\"elementor-widget-wrap elementor-element-populated\">\n\t\t\t\t\t\t<div class=\"elementor-element elementor-element-8ebf036 ekit-equal-height-disable elementor-widget elementor-widget-elementskit-icon-box\" data-id=\"8ebf036\" data-element_type=\"widget\" data-widget_type=\"elementskit-icon-box.default\">\n\t\t\t\t<div class=\"elementor-widget-container\">\n\t\t\t<div class=\"ekit-wid-con\" >        <!-- link opening -->\n                <!-- end link opening -->\n\n        <div class=\"elementskit-infobox text-center text- icon-top-align elementor-animation-\">\n                            <div class=\"elementskit-box-header\">\n                <div class=\"elementskit-info-box-icon\">\n                    <img decoding=\"async\" width=\"640\" height=\"640\" src=\"https:\/\/programsshop.com\/wp-content\/uploads\/2022\/11\/77856-select-your-location.gif\" class=\"attachment- size-\" alt=\"\" \/>                <\/div>\n          <\/div>\n                <div class=\"box-body\">\n                        \t\t  <p><h3>l&#039;adresse<\/h3>\nRoyaume d&#039;Arabie saoudite - Tabuk City - King Fahd Street - en face du guichet automatique Al Rajhi<\/p>\n                                        <div class=\"box-footer disable_hover_button\">\n                    <div class=\"btn-wraper\">\n                                                            <a href=\"https:\/\/goo.gl\/maps\/sDK19zTk2PZeV2F17\" target=\"_blank\" rel=\"nofollow noopener\" class=\"elementskit-btn whitespace--normal elementor-animation-bounce-in\">\n                                        <i aria-hidden=\"true\" class=\"icon icon-placeholder2\"><\/i>                                        Ouvrir l&#039;adresse sur la carte                                    <\/a>\n                                                        <\/div>\n                <\/div>\n                    <\/div>\n        \n        \n                <\/div>\n        <\/div>\t\t<\/div>\n\t\t\t\t<\/div>\n\t\t\t\t\t<\/div>\n\t\t<\/div>\n\t\t\t\t<div class=\"elementor-column elementor-col-33 elementor-inner-column elementor-element elementor-element-e5f4e13\" data-id=\"e5f4e13\" data-element_type=\"column\">\n\t\t\t<div class=\"elementor-widget-wrap elementor-element-populated\">\n\t\t\t\t\t\t<div class=\"elementor-element elementor-element-3ca902a ekit-equal-height-disable elementor-widget elementor-widget-elementskit-icon-box\" data-id=\"3ca902a\" data-element_type=\"widget\" data-widget_type=\"elementskit-icon-box.default\">\n\t\t\t\t<div class=\"elementor-widget-container\">\n\t\t\t<div class=\"ekit-wid-con\" >        <!-- link opening -->\n                <!-- end link opening -->\n\n        <div class=\"elementskit-infobox text-center text- icon-top-align elementor-animation-\">\n                            <div class=\"elementskit-box-header\">\n                <div class=\"elementskit-info-box-icon\">\n                    <img decoding=\"async\" width=\"640\" height=\"640\" src=\"https:\/\/programsshop.com\/wp-content\/uploads\/2022\/11\/65053-time-management.gif\" class=\"attachment- size-\" alt=\"\" \/>                <\/div>\n          <\/div>\n                <div class=\"box-body\">\n                        \t\t  <p><h3>Temps de travail<\/h3>\nTous les jours de 9h00 du matin \u00e0 6h00 du soir, sauf le vendredi<\/p>\n                                        <div class=\"box-footer disable_hover_button\">\n                    <div class=\"btn-wraper\">\n                                                            <a href=\"tel:00966550575828\" target=\"_blank\" rel=\"nofollow\" class=\"elementskit-btn whitespace--normal elementor-animation-bounce-in\">\n                                        <i aria-hidden=\"true\" class=\"fas fa-phone-alt\"><\/i>                                        Contactez-nous maintenant                                    <\/a>\n                                                        <\/div>\n                <\/div>\n                    <\/div>\n        \n        \n                <\/div>\n        <\/div>\t\t<\/div>\n\t\t\t\t<\/div>\n\t\t\t\t\t<\/div>\n\t\t<\/div>\n\t\t\t\t<div class=\"elementor-column elementor-col-33 elementor-inner-column elementor-element elementor-element-80ad20b\" data-id=\"80ad20b\" data-element_type=\"column\">\n\t\t\t<div class=\"elementor-widget-wrap elementor-element-populated\">\n\t\t\t\t\t\t<div class=\"elementor-element elementor-element-19cced4 nam ekit-equal-height-disable elementor-widget elementor-widget-elementskit-icon-box\" data-id=\"19cced4\" data-element_type=\"widget\" data-widget_type=\"elementskit-icon-box.default\">\n\t\t\t\t<div class=\"elementor-widget-container\">\n\t\t\t<div class=\"ekit-wid-con\" >        <!-- link opening -->\n                <!-- end link opening -->\n\n        <div class=\"elementskit-infobox text-center text- icon-top-align elementor-animation-\">\n                            <div class=\"elementskit-box-header\">\n                <div class=\"elementskit-info-box-icon\">\n                    <img loading=\"lazy\" decoding=\"async\" width=\"640\" height=\"640\" src=\"https:\/\/programsshop.com\/wp-content\/uploads\/2022\/11\/37452-mobile-phone-blue.gif\" class=\"attachment- size-\" alt=\"\" \/>                <\/div>\n          <\/div>\n                <div class=\"box-body\">\n                        \t\t  <p><h3>num\u00e9ro de contact<\/h3>\n00966144284085\n<br>\n00966550575828\n<\/p>\n                                        <div class=\"box-footer disable_hover_button\">\n                    <div class=\"btn-wraper\">\n                                                            <a href=\"tel:00966144284085\" target=\"_blank\" rel=\"nofollow\" class=\"elementskit-btn whitespace--normal elementor-animation-bounce-in\">\n                                        <i aria-hidden=\"true\" class=\"fas fa-mobile-alt\"><\/i>                                          Cliquez pour un contact direct                                    <\/a>\n                                                        <\/div>\n                <\/div>\n                    <\/div>\n        \n        \n                <\/div>\n        <\/div>\t\t<\/div>\n\t\t\t\t<\/div>\n\t\t\t\t\t<\/div>\n\t\t<\/div>\n\t\t\t\t\t<\/div>\n\t\t<\/section>\n\t\t\t\t\t<\/div>\n\t\t<\/div>\n\t\t\t\t\t<\/div>\n\t\t<\/section>\n\t\t\t\t<\/div>","protected":false},"excerpt":{"rendered":"<p>\u00c0 propos de la soci\u00e9t\u00e9 Sawary Al-Mustaqbal est une institution de premier plan dans le domaine des technologies de l&#039;information et des syst\u00e8mes de surveillance sous toutes ses formes. Sawary Al Mostaqbal a \u00e9t\u00e9 cr\u00e9\u00e9 il y a plus de 10 ans pour aider \u00e0 ajouter une nouvelle touche dans le domaine des technologies de l&#039;information afin de pr\u00e9senter les changements et d\u00e9veloppements les plus importants\u2026<\/p>","protected":false},"author":1,"featured_media":0,"parent":0,"menu_order":0,"comment_status":"closed","ping_status":"closed","template":"","meta":{"footnotes":""},"class_list":["post-14376","page","type-page","status-publish","hentry"],"_links":{"self":[{"href":"https:\/\/programsshop.com\/fr\/wp-json\/wp\/v2\/pages\/14376","targetHints":{"allow":["GET"]}}],"collection":[{"href":"https:\/\/programsshop.com\/fr\/wp-json\/wp\/v2\/pages"}],"about":[{"href":"https:\/\/programsshop.com\/fr\/wp-json\/wp\/v2\/types\/page"}],"author":[{"embeddable":true,"href":"https:\/\/programsshop.com\/fr\/wp-json\/wp\/v2\/users\/1"}],"replies":[{"embeddable":true,"href":"https:\/\/programsshop.com\/fr\/wp-json\/wp\/v2\/comments?post=14376"}],"version-history":[{"count":3,"href":"https:\/\/programsshop.com\/fr\/wp-json\/wp\/v2\/pages\/14376\/revisions"}],"predecessor-version":[{"id":17281,"href":"https:\/\/programsshop.com\/fr\/wp-json\/wp\/v2\/pages\/14376\/revisions\/17281"}],"wp:attachment":[{"href":"https:\/\/programsshop.com\/fr\/wp-json\/wp\/v2\/media?parent=14376"}],"curies":[{"name":"wp","href":"https:\/\/api.w.org\/{rel}","templated":true}]}}