{"id":14179,"date":"2022-09-27T17:26:15","date_gmt":"2022-09-27T15:26:15","guid":{"rendered":"https:\/\/programsshop.com\/?page_id=14179"},"modified":"2022-11-12T13:23:47","modified_gmt":"2022-11-12T11:23:47","slug":"%d8%a7%d9%84%d8%aa%d8%aa%d8%a8%d8%b9-%d8%a7%d9%84%d8%a2%d9%84%d9%8a-%d9%84%d9%84%d8%af%d9%88%d8%a7%d8%a1-%d8%b1%d8%b5%d8%af","status":"publish","type":"page","link":"https:\/\/programsshop.com\/fr\/%d8%a7%d9%84%d8%aa%d8%aa%d8%a8%d8%b9-%d8%a7%d9%84%d8%a2%d9%84%d9%8a-%d9%84%d9%84%d8%af%d9%88%d8%a7%d8%a1-%d8%b1%d8%b5%d8%af\/","title":{"rendered":"Suivi automatis\u00e9 des m\u00e9dicaments (surveillance)"},"content":{"rendered":"<div data-elementor-type=\"wp-page\" data-elementor-id=\"14179\" class=\"elementor elementor-14179\">\n\t\t\t\t\t\t<section class=\"elementor-section elementor-top-section elementor-element elementor-element-212c19a elementor-section-stretched elementor-section-boxed elementor-section-height-default elementor-section-height-default\" data-id=\"212c19a\" data-element_type=\"section\" data-settings=\"{&quot;animation_mobile&quot;:&quot;fadeInLeft&quot;,&quot;stretch_section&quot;:&quot;section-stretched&quot;}\">\n\t\t\t\t\t\t<div class=\"elementor-container elementor-column-gap-wide\">\n\t\t\t\t\t<div class=\"elementor-column elementor-col-100 elementor-top-column elementor-element elementor-element-3ae4773\" data-id=\"3ae4773\" data-element_type=\"column\">\n\t\t\t<div class=\"elementor-widget-wrap elementor-element-populated\">\n\t\t\t\t\t\t<section class=\"elementor-section elementor-inner-section elementor-element elementor-element-9d7a35c elementor-section-boxed elementor-section-height-default elementor-section-height-default\" data-id=\"9d7a35c\" data-element_type=\"section\">\n\t\t\t\t\t\t<div class=\"elementor-container elementor-column-gap-default\">\n\t\t\t\t\t<div class=\"elementor-column elementor-col-16 elementor-inner-column elementor-element elementor-element-0b0d6b1\" data-id=\"0b0d6b1\" data-element_type=\"column\">\n\t\t\t<div class=\"elementor-widget-wrap\">\n\t\t\t\t\t\t\t<\/div>\n\t\t<\/div>\n\t\t\t\t<div class=\"elementor-column elementor-col-66 elementor-inner-column elementor-element elementor-element-a7285d4\" data-id=\"a7285d4\" data-element_type=\"column\">\n\t\t\t<div class=\"elementor-widget-wrap elementor-element-populated\">\n\t\t\t\t\t\t<div class=\"elementor-element elementor-element-ba045da elementor-widget elementor-widget-video\" data-id=\"ba045da\" data-element_type=\"widget\" data-settings=\"{&quot;youtube_url&quot;:&quot;https:\\\/\\\/youtu.be\\\/57hoe7YcT2I&quot;,&quot;video_type&quot;:&quot;youtube&quot;,&quot;controls&quot;:&quot;yes&quot;}\" data-widget_type=\"video.default\">\n\t\t\t\t<div class=\"elementor-widget-container\">\n\t\t\t\t\t<div class=\"elementor-wrapper elementor-open-inline\">\n\t\t\t<div class=\"elementor-video\"><\/div>\t\t<\/div>\n\t\t\t\t<\/div>\n\t\t\t\t<\/div>\n\t\t\t\t\t<\/div>\n\t\t<\/div>\n\t\t\t\t<div class=\"elementor-column elementor-col-16 elementor-inner-column elementor-element elementor-element-05ac86a\" data-id=\"05ac86a\" data-element_type=\"column\">\n\t\t\t<div class=\"elementor-widget-wrap\">\n\t\t\t\t\t\t\t<\/div>\n\t\t<\/div>\n\t\t\t\t\t<\/div>\n\t\t<\/section>\n\t\t\t\t<div class=\"elementor-element elementor-element-ceab86e elementor-widget elementor-widget-text-editor\" data-id=\"ceab86e\" data-element_type=\"widget\" data-widget_type=\"text-editor.default\">\n\t\t\t\t<div class=\"elementor-widget-container\">\n\t\t\t\t\t\t\t<p>Afaky Facility Management System met en \u0153uvre toutes les op\u00e9rations du syst\u00e8me (DTTS) - monitoring - approuv\u00e9 par la Food and Drug Authority (SFDA), qui suit et contr\u00f4le toutes les op\u00e9rations effectu\u00e9es sur les m\u00e9dicaments depuis la fabrication \/ importation jusqu&#039;\u00e0 l&#039;utilisation par le patient. Le syst\u00e8me fournit un mod\u00e8le de suivi complet, permettant le partage d&#039;informations entre les r\u00e9gulateurs de l&#039;industrie et les payeurs ainsi que tout au long de la cha\u00eene d&#039;approvisionnement et une plus grande transparence des mouvements \u00e0 l&#039;\u00e9chelle du fonds plut\u00f4t que le principe de la surveillance des premi\u00e8res et derni\u00e8res parties prenantes uniquement.<\/p>\t\t\t\t\t\t<\/div>\n\t\t\t\t<\/div>\n\t\t\t\t\t<\/div>\n\t\t<\/div>\n\t\t\t\t\t<\/div>\n\t\t<\/section>\n\t\t\t\t<\/div>","protected":false},"excerpt":{"rendered":"<p>https:\/\/youtu.be\/57hoe7YcT2I Le syst\u00e8me de gestion des installations Aafqi met en \u0153uvre toutes les op\u00e9rations du syst\u00e8me (DTTS) - Rasd - approuv\u00e9 par la Saudi Food and Drug Authority (SFDA), qui suit et contr\u00f4le toutes les op\u00e9rations qui ont lieu sur les m\u00e9dicaments, de fabrication \/ importation vers \u2026<\/p>","protected":false},"author":1,"featured_media":0,"parent":0,"menu_order":0,"comment_status":"closed","ping_status":"closed","template":"","meta":{"footnotes":""},"class_list":["post-14179","page","type-page","status-publish","hentry"],"_links":{"self":[{"href":"https:\/\/programsshop.com\/fr\/wp-json\/wp\/v2\/pages\/14179","targetHints":{"allow":["GET"]}}],"collection":[{"href":"https:\/\/programsshop.com\/fr\/wp-json\/wp\/v2\/pages"}],"about":[{"href":"https:\/\/programsshop.com\/fr\/wp-json\/wp\/v2\/types\/page"}],"author":[{"embeddable":true,"href":"https:\/\/programsshop.com\/fr\/wp-json\/wp\/v2\/users\/1"}],"replies":[{"embeddable":true,"href":"https:\/\/programsshop.com\/fr\/wp-json\/wp\/v2\/comments?post=14179"}],"version-history":[{"count":9,"href":"https:\/\/programsshop.com\/fr\/wp-json\/wp\/v2\/pages\/14179\/revisions"}],"predecessor-version":[{"id":17000,"href":"https:\/\/programsshop.com\/fr\/wp-json\/wp\/v2\/pages\/14179\/revisions\/17000"}],"wp:attachment":[{"href":"https:\/\/programsshop.com\/fr\/wp-json\/wp\/v2\/media?parent=14179"}],"curies":[{"name":"wp","href":"https:\/\/api.w.org\/{rel}","templated":true}]}}