{"id":10191,"date":"2021-03-02T04:12:24","date_gmt":"2021-03-02T02:12:24","guid":{"rendered":"https:\/\/programsshop.com\/?page_id=10191"},"modified":"2021-03-02T04:20:06","modified_gmt":"2021-03-02T02:20:06","slug":"edit-prices","status":"publish","type":"page","link":"https:\/\/programsshop.com\/fr\/knowledgebase\/edit-prices\/","title":{"rendered":"Ajustements du prix des articles"},"content":{"rendered":"<div data-elementor-type=\"wp-page\" data-elementor-id=\"10191\" class=\"elementor elementor-10191\">\n\t\t\t\t\t\t<section class=\"elementor-section elementor-top-section elementor-element elementor-element-3eaabec elementor-section-height-min-height elementor-section-items-top elementor-section-boxed elementor-section-height-default\" data-id=\"3eaabec\" data-element_type=\"section\" data-settings=\"{&quot;background_background&quot;:&quot;classic&quot;,&quot;animation_mobile&quot;:&quot;fadeInLeft&quot;}\">\n\t\t\t\t\t\t\t<div class=\"elementor-background-overlay\"><\/div>\n\t\t\t\t\t\t\t<div class=\"elementor-container elementor-column-gap-default\">\n\t\t\t\t\t<div class=\"elementor-column elementor-col-100 elementor-top-column elementor-element elementor-element-298c1f4\" data-id=\"298c1f4\" data-element_type=\"column\">\n\t\t\t<div class=\"elementor-widget-wrap elementor-element-populated\">\n\t\t\t\t\t\t<div class=\"elementor-element elementor-element-942d090 elementor-widget elementor-widget-heading\" data-id=\"942d090\" data-element_type=\"widget\" data-widget_type=\"heading.default\">\n\t\t\t\t<div class=\"elementor-widget-container\">\n\t\t\t<h1 class=\"elementor-heading-title elementor-size-default\">Ajustements du prix des articles\n<\/h1>\t\t<\/div>\n\t\t\t\t<\/div>\n\t\t\t\t<div class=\"elementor-element elementor-element-408183f elementor-widget elementor-widget-text-editor\" data-id=\"408183f\" data-element_type=\"widget\" data-widget_type=\"text-editor.default\">\n\t\t\t\t<div class=\"elementor-widget-container\">\n\t\t\t\t\t\t\t<section class=\"elementor-section elementor-top-section elementor-element elementor-element-3040c9a elementor-section-boxed elementor-section-height-default elementor-section-height-default elementskit-parallax-multi-container\" data-id=\"3040c9a\" data-element_type=\"section\" data-settings=\"{\"><div class=\"elementor-container elementor-column-gap-default\"><div class=\"elementor-row\"><div class=\"elementor-column elementor-col-100 elementor-top-column elementor-element elementor-element-0337759\" data-id=\"0337759\" data-element_type=\"column\"><div class=\"elementor-column-wrap elementor-element-populated\"><div class=\"elementor-widget-wrap\"><div class=\"elementor-element elementor-element-e9aa169 elementor-widget elementor-widget-text-editor animated fadeInDown\" data-id=\"e9aa169\" data-element_type=\"widget\" data-settings=\"{\" data-widget_type=\"text-editor.default\"><div class=\"elementor-widget-container\"><div class=\"elementor-text-editor elementor-clearfix\"><p style=\"text-align: center;\"><span style=\"font-size: 14pt; font-family: Tajawal; color: #ffffff;\">Le programme Afaky vous permet de modifier les prix des articles \u00e0 partir d&#039;un seul \u00e9cran<\/span><br \/><span style=\"font-size: 14pt; font-family: Tajawal; color: #ffffff;\">(\u00c9cran de r\u00e9glage des articles de la liste des magasins)<\/span><br \/><span style=\"font-size: 14pt; font-family: Tajawal; color: #ffffff;\">Sans avoir besoin de modifier le prix de chaque article s\u00e9par\u00e9ment.<\/span><\/p><\/div><\/div><\/div><\/div><\/div><\/div><\/div><\/div><\/section>\t\t\t\t\t\t<\/div>\n\t\t\t\t<\/div>\n\t\t\t\t\t<\/div>\n\t\t<\/div>\n\t\t\t\t\t<\/div>\n\t\t<\/section>\n\t\t\t\t<section class=\"elementor-section elementor-top-section elementor-element elementor-element-234a4d8 elementor-section-boxed elementor-section-height-default elementor-section-height-default\" data-id=\"234a4d8\" data-element_type=\"section\">\n\t\t\t\t\t\t<div class=\"elementor-container elementor-column-gap-default\">\n\t\t\t\t\t<div class=\"elementor-column elementor-col-100 elementor-top-column elementor-element elementor-element-fc5cc4d\" data-id=\"fc5cc4d\" data-element_type=\"column\">\n\t\t\t<div class=\"elementor-widget-wrap elementor-element-populated\">\n\t\t\t\t\t\t<div class=\"elementor-element elementor-element-be87c4c elementor-widget elementor-widget-spacer\" data-id=\"be87c4c\" data-element_type=\"widget\" data-widget_type=\"spacer.default\">\n\t\t\t\t<div class=\"elementor-widget-container\">\n\t\t\t\t\t<div class=\"elementor-spacer\">\n\t\t\t<div class=\"elementor-spacer-inner\"><\/div>\n\t\t<\/div>\n\t\t\t\t<\/div>\n\t\t\t\t<\/div>\n\t\t\t\t<div class=\"elementor-element elementor-element-5730fcd elementor-widget elementor-widget-heading\" data-id=\"5730fcd\" data-element_type=\"widget\" data-widget_type=\"heading.default\">\n\t\t\t\t<div class=\"elementor-widget-container\">\n\t\t\t<h1 class=\"elementor-heading-title elementor-size-default\">Caract\u00e9ristiques de l&#039;\u00e9cran d&#039;ajustement du prix de l&#039;article\n\n<\/h1>\t\t<\/div>\n\t\t\t\t<\/div>\n\t\t\t\t<div class=\"elementor-element elementor-element-b98e11f elementor-widget elementor-widget-toggle\" data-id=\"b98e11f\" data-element_type=\"widget\" data-widget_type=\"toggle.default\">\n\t\t\t\t<div class=\"elementor-widget-container\">\n\t\t\t\t\t<div class=\"elementor-toggle\">\n\t\t\t\t\t\t\t<div class=\"elementor-toggle-item\">\n\t\t\t\t\t<h4 id=\"elementor-tab-title-1941\" class=\"elementor-tab-title\" data-tab=\"1\" role=\"button\" aria-controls=\"elementor-tab-content-1941\" aria-expanded=\"false\">\n\t\t\t\t\t\t\t\t\t\t\t\t<span class=\"elementor-toggle-icon elementor-toggle-icon-left\" aria-hidden=\"true\">\n\t\t\t\t\t\t\t\t\t\t\t\t\t\t\t<span class=\"elementor-toggle-icon-closed\"><i class=\"fas fa-caret-down\"><\/i><\/span>\n\t\t\t\t\t\t\t\t<span class=\"elementor-toggle-icon-opened\"><i class=\"elementor-toggle-icon-opened fas fa-caret-up\"><\/i><\/span>\n\t\t\t\t\t\t\t\t\t\t\t\t\t<\/span>\n\t\t\t\t\t\t\t\t\t\t\t\t<a class=\"elementor-toggle-title\" tabindex=\"0\"> 1- Il vous permet de modifier le prix d&#039;un certain groupe d&#039;articles ou de modifier les prix de tous les articles (1), et vous pouvez modifier les prix des articles qui ont un solde uniquement (2) comme le montre l&#039;image suivante :<\/a>\n\t\t\t\t\t<\/h4>\n\n\t\t\t\t\t<div id=\"elementor-tab-content-1941\" class=\"elementor-tab-content elementor-clearfix\" data-tab=\"1\" role=\"region\" aria-labelledby=\"elementor-tab-title-1941\"><p><img decoding=\"async\" class=\"aligncenter wp-image-1685\" title=\" | Afaqy pour les technologies de l&#039;information\" src=\"https:\/\/programsshop.com\/wp-content\/uploads\/2016\/01\/117.png\" alt=\"\u0628\u0631\u0646\u0627\u0645\u062c \u0645\u062d\u0627\u0633\u0628\u0629\" width=\"600\" \/><\/p><\/div>\n\t\t\t\t<\/div>\n\t\t\t\t\t\t\t<div class=\"elementor-toggle-item\">\n\t\t\t\t\t<h4 id=\"elementor-tab-title-1942\" class=\"elementor-tab-title\" data-tab=\"2\" role=\"button\" aria-controls=\"elementor-tab-content-1942\" aria-expanded=\"false\">\n\t\t\t\t\t\t\t\t\t\t\t\t<span class=\"elementor-toggle-icon elementor-toggle-icon-left\" aria-hidden=\"true\">\n\t\t\t\t\t\t\t\t\t\t\t\t\t\t\t<span class=\"elementor-toggle-icon-closed\"><i class=\"fas fa-caret-down\"><\/i><\/span>\n\t\t\t\t\t\t\t\t<span class=\"elementor-toggle-icon-opened\"><i class=\"elementor-toggle-icon-opened fas fa-caret-up\"><\/i><\/span>\n\t\t\t\t\t\t\t\t\t\t\t\t\t<\/span>\n\t\t\t\t\t\t\t\t\t\t\t\t<a class=\"elementor-toggle-title\" tabindex=\"0\">2- L&#039;\u00e9cran d&#039;ajustement du prix de l&#039;article vous permet de modifier le prix en augmentant un pourcentage par rapport aux prix actuels, en augmentant une valeur ou en fixant un prix sp\u00e9cifique, comme le montre l&#039;image suivante\u00a0:<\/a>\n\t\t\t\t\t<\/h4>\n\n\t\t\t\t\t<div id=\"elementor-tab-content-1942\" class=\"elementor-tab-content elementor-clearfix\" data-tab=\"2\" role=\"region\" aria-labelledby=\"elementor-tab-title-1942\"><p><img decoding=\"async\" class=\"aligncenter wp-image-1686\" title=\" | Afaqy pour les technologies de l&#039;information\" src=\"https:\/\/programsshop.com\/wp-content\/uploads\/2016\/01\/28.png\" alt=\"\u0628\u0631\u0646\u0627\u0645\u062c \u0645\u062d\u0627\u0633\u0628\u0629\" width=\"600\" \/><\/p><\/div>\n\t\t\t\t<\/div>\n\t\t\t\t\t\t\t<div class=\"elementor-toggle-item\">\n\t\t\t\t\t<h4 id=\"elementor-tab-title-1943\" class=\"elementor-tab-title\" data-tab=\"3\" role=\"button\" aria-controls=\"elementor-tab-content-1943\" aria-expanded=\"false\">\n\t\t\t\t\t\t\t\t\t\t\t\t<span class=\"elementor-toggle-icon elementor-toggle-icon-left\" aria-hidden=\"true\">\n\t\t\t\t\t\t\t\t\t\t\t\t\t\t\t<span class=\"elementor-toggle-icon-closed\"><i class=\"fas fa-caret-down\"><\/i><\/span>\n\t\t\t\t\t\t\t\t<span class=\"elementor-toggle-icon-opened\"><i class=\"elementor-toggle-icon-opened fas fa-caret-up\"><\/i><\/span>\n\t\t\t\t\t\t\t\t\t\t\t\t\t<\/span>\n\t\t\t\t\t\t\t\t\t\t\t\t<a class=\"elementor-toggle-title\" tabindex=\"0\">3- L&#039;\u00e9cran d&#039;ajustement du prix de l&#039;article vous permet de modifier la politique d&#039;achat (1), comme le montre l&#039;image suivante<\/a>\n\t\t\t\t\t<\/h4>\n\n\t\t\t\t\t<div id=\"elementor-tab-content-1943\" class=\"elementor-tab-content elementor-clearfix\" data-tab=\"3\" role=\"region\" aria-labelledby=\"elementor-tab-title-1943\"><p><img decoding=\"async\" src=\"https:\/\/programsshop.com\/wp-content\/uploads\/2016\/01\/35.png\" alt=\"\u0628\u0631\u0646\u0627\u0645\u062c \u0645\u062d\u0627\u0633\u0628\u0629\" \/><\/p><\/div>\n\t\t\t\t<\/div>\n\t\t\t\t\t\t\t<div class=\"elementor-toggle-item\">\n\t\t\t\t\t<h4 id=\"elementor-tab-title-1944\" class=\"elementor-tab-title\" data-tab=\"4\" role=\"button\" aria-controls=\"elementor-tab-content-1944\" aria-expanded=\"false\">\n\t\t\t\t\t\t\t\t\t\t\t\t<span class=\"elementor-toggle-icon elementor-toggle-icon-left\" aria-hidden=\"true\">\n\t\t\t\t\t\t\t\t\t\t\t\t\t\t\t<span class=\"elementor-toggle-icon-closed\"><i class=\"fas fa-caret-down\"><\/i><\/span>\n\t\t\t\t\t\t\t\t<span class=\"elementor-toggle-icon-opened\"><i class=\"elementor-toggle-icon-opened fas fa-caret-up\"><\/i><\/span>\n\t\t\t\t\t\t\t\t\t\t\t\t\t<\/span>\n\t\t\t\t\t\t\t\t\t\t\t\t<a class=\"elementor-toggle-title\" tabindex=\"0\">4- L&#039;\u00e9cran d&#039;ajustement du prix de l&#039;article vous permet de modifier la politique de vente (1) comme le montre l&#039;image suivante\u00a0:<\/a>\n\t\t\t\t\t<\/h4>\n\n\t\t\t\t\t<div id=\"elementor-tab-content-1944\" class=\"elementor-tab-content elementor-clearfix\" data-tab=\"4\" role=\"region\" aria-labelledby=\"elementor-tab-title-1944\"><p><img decoding=\"async\" src=\"https:\/\/programsshop.com\/wp-content\/uploads\/2016\/01\/45.png\" alt=\"\u0628\u0631\u0646\u0627\u0645\u062c \u0645\u062d\u0627\u0633\u0628\u0629\" \/><\/p><\/div>\n\t\t\t\t<\/div>\n\t\t\t\t\t\t\t<div class=\"elementor-toggle-item\">\n\t\t\t\t\t<h4 id=\"elementor-tab-title-1945\" class=\"elementor-tab-title\" data-tab=\"5\" role=\"button\" aria-controls=\"elementor-tab-content-1945\" aria-expanded=\"false\">\n\t\t\t\t\t\t\t\t\t\t\t\t<span class=\"elementor-toggle-icon elementor-toggle-icon-left\" aria-hidden=\"true\">\n\t\t\t\t\t\t\t\t\t\t\t\t\t\t\t<span class=\"elementor-toggle-icon-closed\"><i class=\"fas fa-caret-down\"><\/i><\/span>\n\t\t\t\t\t\t\t\t<span class=\"elementor-toggle-icon-opened\"><i class=\"elementor-toggle-icon-opened fas fa-caret-up\"><\/i><\/span>\n\t\t\t\t\t\t\t\t\t\t\t\t\t<\/span>\n\t\t\t\t\t\t\t\t\t\t\t\t<a class=\"elementor-toggle-title\" tabindex=\"0\">Un exemple illustratif de modification des prix de tous les articles avec une augmentation de 10%\u00a0:<\/a>\n\t\t\t\t\t<\/h4>\n\n\t\t\t\t\t<div id=\"elementor-tab-content-1945\" class=\"elementor-tab-content elementor-clearfix\" data-tab=\"5\" role=\"region\" aria-labelledby=\"elementor-tab-title-1945\"><p>Dans la liste des magasins, choisissez de modifier les prix des articles<br \/>Vous verrez alors cet \u00e9cran, proc\u00e9dez comme suit\u00a0:<br \/>1- S\u00e9lectionnez le groupe (tous les \u00e9l\u00e9ments)<br \/>2- S\u00e9lectionnez ensuite le type (la plus petite unit\u00e9)<br \/>3- Appuyez ensuite sur Ex\u00e9cuter<br \/>4- S\u00e9lectionnez ensuite la m\u00e9thode d&#039;ajustement du prix (augmentation par pourcentage)<br \/>5- Entrez ensuite le rapport 10%<br \/>6- Appuyez ensuite sur Ex\u00e9cuter<br \/>7- Cliquez ensuite sur Enregistrer.<\/p><p><a href=\"https:\/\/programsshop.com\/wp-content\/uploads\/2016\/01\/55.png\"><img decoding=\"async\" class=\"aligncenter wp-image-1689\" title=\" | Afaqy pour les technologies de l&#039;information\" src=\"https:\/\/programsshop.com\/wp-content\/uploads\/2016\/01\/55.png\" alt=\"\u0628\u0631\u0646\u0627\u0645\u062c \u0645\u062d\u0627\u0633\u0628\u0629\" width=\"600\" \/><\/a><\/p><\/div>\n\t\t\t\t<\/div>\n\t\t\t\t\t\t\t\t<\/div>\n\t\t\t\t<\/div>\n\t\t\t\t<\/div>\n\t\t\t\t<div class=\"elementor-element elementor-element-f03da1e elementor-widget elementor-widget-spacer\" data-id=\"f03da1e\" data-element_type=\"widget\" data-widget_type=\"spacer.default\">\n\t\t\t\t<div class=\"elementor-widget-container\">\n\t\t\t\t\t<div class=\"elementor-spacer\">\n\t\t\t<div class=\"elementor-spacer-inner\"><\/div>\n\t\t<\/div>\n\t\t\t\t<\/div>\n\t\t\t\t<\/div>\n\t\t\t\t\t<\/div>\n\t\t<\/div>\n\t\t\t\t\t<\/div>\n\t\t<\/section>\n\t\t\t\t<\/div>","protected":false},"excerpt":{"rendered":"<p>Modification des prix des articles Le programme Afaqy vous permet de modifier les prix des articles \u00e0 partir d&#039;un \u00e9cran (l&#039;\u00e9cran d&#039;ajustement des prix des articles de la liste d&#039;entrep\u00f4t) sans avoir \u00e0 modifier le prix de chaque article s\u00e9par\u00e9ment. Caract\u00e9ristiques de l&#039;\u00e9cran d&#039;ajustement du prix des articles 1- Il vous permet de\u2026<\/p>","protected":false},"author":1,"featured_media":0,"parent":9970,"menu_order":0,"comment_status":"closed","ping_status":"closed","template":"","meta":{"footnotes":""},"class_list":["post-10191","page","type-page","status-publish","hentry"],"_links":{"self":[{"href":"https:\/\/programsshop.com\/fr\/wp-json\/wp\/v2\/pages\/10191","targetHints":{"allow":["GET"]}}],"collection":[{"href":"https:\/\/programsshop.com\/fr\/wp-json\/wp\/v2\/pages"}],"about":[{"href":"https:\/\/programsshop.com\/fr\/wp-json\/wp\/v2\/types\/page"}],"author":[{"embeddable":true,"href":"https:\/\/programsshop.com\/fr\/wp-json\/wp\/v2\/users\/1"}],"replies":[{"embeddable":true,"href":"https:\/\/programsshop.com\/fr\/wp-json\/wp\/v2\/comments?post=10191"}],"version-history":[{"count":0,"href":"https:\/\/programsshop.com\/fr\/wp-json\/wp\/v2\/pages\/10191\/revisions"}],"up":[{"embeddable":true,"href":"https:\/\/programsshop.com\/fr\/wp-json\/wp\/v2\/pages\/9970"}],"wp:attachment":[{"href":"https:\/\/programsshop.com\/fr\/wp-json\/wp\/v2\/media?parent=10191"}],"curies":[{"name":"wp","href":"https:\/\/api.w.org\/{rel}","templated":true}]}}