{"id":10184,"date":"2021-03-02T04:04:00","date_gmt":"2021-03-02T02:04:00","guid":{"rendered":"https:\/\/programsshop.com\/?page_id=10184"},"modified":"2021-03-02T04:10:30","modified_gmt":"2021-03-02T02:10:30","slug":"restore-from-excel","status":"publish","type":"page","link":"https:\/\/programsshop.com\/fr\/knowledgebase\/restore-from-excel\/","title":{"rendered":"Importer des donn\u00e9es d&#039;articles \u00e0 partir d&#039;un fichier Excel"},"content":{"rendered":"<div data-elementor-type=\"wp-page\" data-elementor-id=\"10184\" class=\"elementor elementor-10184\">\n\t\t\t\t\t\t<section class=\"elementor-section elementor-top-section elementor-element elementor-element-9883489 elementor-section-height-min-height elementor-section-items-top elementor-section-boxed elementor-section-height-default\" data-id=\"9883489\" data-element_type=\"section\" data-settings=\"{&quot;background_background&quot;:&quot;classic&quot;,&quot;animation_mobile&quot;:&quot;fadeInLeft&quot;}\">\n\t\t\t\t\t\t\t<div class=\"elementor-background-overlay\"><\/div>\n\t\t\t\t\t\t\t<div class=\"elementor-container elementor-column-gap-default\">\n\t\t\t\t\t<div class=\"elementor-column elementor-col-100 elementor-top-column elementor-element elementor-element-532865b\" data-id=\"532865b\" data-element_type=\"column\">\n\t\t\t<div class=\"elementor-widget-wrap elementor-element-populated\">\n\t\t\t\t\t\t<div class=\"elementor-element elementor-element-30b72ff elementor-widget elementor-widget-heading\" data-id=\"30b72ff\" data-element_type=\"widget\" data-widget_type=\"heading.default\">\n\t\t\t\t<div class=\"elementor-widget-container\">\n\t\t\t<h1 class=\"elementor-heading-title elementor-size-default\">Importer des donn\u00e9es d&#039;articles \u00e0 partir d&#039;un fichier Excel\n<\/h1>\t\t<\/div>\n\t\t\t\t<\/div>\n\t\t\t\t<div class=\"elementor-element elementor-element-c5e9d54 elementor-widget elementor-widget-text-editor\" data-id=\"c5e9d54\" data-element_type=\"widget\" data-widget_type=\"text-editor.default\">\n\t\t\t\t<div class=\"elementor-widget-container\">\n\t\t\t\t\t\t\t<section class=\"elementor-section elementor-top-section elementor-element elementor-element-3040c9a elementor-section-boxed elementor-section-height-default elementor-section-height-default elementskit-parallax-multi-container\" data-id=\"3040c9a\" data-element_type=\"section\" data-settings=\"{\"><div class=\"elementor-container elementor-column-gap-default\"><div class=\"elementor-row\"><div class=\"elementor-column elementor-col-100 elementor-top-column elementor-element elementor-element-0337759\" data-id=\"0337759\" data-element_type=\"column\"><div class=\"elementor-column-wrap elementor-element-populated\"><div class=\"elementor-widget-wrap\"><div class=\"elementor-element elementor-element-e9aa169 elementor-widget elementor-widget-text-editor animated fadeInDown\" data-id=\"e9aa169\" data-element_type=\"widget\" data-settings=\"{\" data-widget_type=\"text-editor.default\"><div class=\"elementor-widget-container\"><div class=\"elementor-text-editor elementor-clearfix\"><p style=\"text-align: center;\"><span style=\"color: #ffffff; font-family: Tajawal; font-size: 14pt;\">Avec le programme de comptabilit\u00e9 Afaky, vous pouvez importer des donn\u00e9es d&#039;articles en quelques secondes \u00e0 partir de fichiers Excel, ce qui vous \u00e9vite d&#039;avoir \u00e0 saisir manuellement des articles et vous fait gagner beaucoup de temps et d&#039;efforts.<\/span><\/p><\/div><\/div><\/div><\/div><\/div><\/div><\/div><\/div><\/section>\t\t\t\t\t\t<\/div>\n\t\t\t\t<\/div>\n\t\t\t\t\t<\/div>\n\t\t<\/div>\n\t\t\t\t\t<\/div>\n\t\t<\/section>\n\t\t\t\t<section class=\"elementor-section elementor-top-section elementor-element elementor-element-6653931 elementor-section-boxed elementor-section-height-default elementor-section-height-default\" data-id=\"6653931\" data-element_type=\"section\">\n\t\t\t\t\t\t<div class=\"elementor-container elementor-column-gap-default\">\n\t\t\t\t\t<div class=\"elementor-column elementor-col-100 elementor-top-column elementor-element elementor-element-f8a7b92\" data-id=\"f8a7b92\" data-element_type=\"column\">\n\t\t\t<div class=\"elementor-widget-wrap elementor-element-populated\">\n\t\t\t\t\t\t<div class=\"elementor-element elementor-element-f116d4d elementor-widget elementor-widget-spacer\" data-id=\"f116d4d\" data-element_type=\"widget\" data-widget_type=\"spacer.default\">\n\t\t\t\t<div class=\"elementor-widget-container\">\n\t\t\t\t\t<div class=\"elementor-spacer\">\n\t\t\t<div class=\"elementor-spacer-inner\"><\/div>\n\t\t<\/div>\n\t\t\t\t<\/div>\n\t\t\t\t<\/div>\n\t\t\t\t<div class=\"elementor-element elementor-element-6d2e4cc elementor-widget elementor-widget-toggle\" data-id=\"6d2e4cc\" data-element_type=\"widget\" data-widget_type=\"toggle.default\">\n\t\t\t\t<div class=\"elementor-widget-container\">\n\t\t\t\t\t<div class=\"elementor-toggle\">\n\t\t\t\t\t\t\t<div class=\"elementor-toggle-item\">\n\t\t\t\t\t<h4 id=\"elementor-tab-title-1141\" class=\"elementor-tab-title\" data-tab=\"1\" role=\"button\" aria-controls=\"elementor-tab-content-1141\" aria-expanded=\"false\">\n\t\t\t\t\t\t\t\t\t\t\t\t<span class=\"elementor-toggle-icon elementor-toggle-icon-left\" aria-hidden=\"true\">\n\t\t\t\t\t\t\t\t\t\t\t\t\t\t\t<span class=\"elementor-toggle-icon-closed\"><i class=\"fas fa-caret-down\"><\/i><\/span>\n\t\t\t\t\t\t\t\t<span class=\"elementor-toggle-icon-opened\"><i class=\"elementor-toggle-icon-opened fas fa-caret-up\"><\/i><\/span>\n\t\t\t\t\t\t\t\t\t\t\t\t\t<\/span>\n\t\t\t\t\t\t\t\t\t\t\t\t<a class=\"elementor-toggle-title\" tabindex=\"0\">1- Dans la liste des magasins, choisissez les soldes d&#039;ouverture<\/a>\n\t\t\t\t\t<\/h4>\n\n\t\t\t\t\t<div id=\"elementor-tab-content-1141\" class=\"elementor-tab-content elementor-clearfix\" data-tab=\"1\" role=\"region\" aria-labelledby=\"elementor-tab-title-1141\"><p>Ensuite, cet \u00e9cran appara\u00eetra pour vous, puis choisissez le magasin (1) puis ajoutez.<\/p><p><a href=\"https:\/\/programsshop.com\/wp-content\/uploads\/2016\/01\/118.png\"><img decoding=\"async\" class=\"size-medium wp-image-1699 aligncenter\" title=\" | Afaqy pour les technologies de l&#039;information\" src=\"https:\/\/programsshop.com\/wp-content\/uploads\/2016\/01\/118.png\" alt=\"\u0628\u0631\u0646\u0627\u0645\u062c \u0645\u062d\u0627\u0633\u0628\u0629\" width=\"600\" \/><\/a><\/p><\/div>\n\t\t\t\t<\/div>\n\t\t\t\t\t\t\t<div class=\"elementor-toggle-item\">\n\t\t\t\t\t<h4 id=\"elementor-tab-title-1142\" class=\"elementor-tab-title\" data-tab=\"2\" role=\"button\" aria-controls=\"elementor-tab-content-1142\" aria-expanded=\"false\">\n\t\t\t\t\t\t\t\t\t\t\t\t<span class=\"elementor-toggle-icon elementor-toggle-icon-left\" aria-hidden=\"true\">\n\t\t\t\t\t\t\t\t\t\t\t\t\t\t\t<span class=\"elementor-toggle-icon-closed\"><i class=\"fas fa-caret-down\"><\/i><\/span>\n\t\t\t\t\t\t\t\t<span class=\"elementor-toggle-icon-opened\"><i class=\"elementor-toggle-icon-opened fas fa-caret-up\"><\/i><\/span>\n\t\t\t\t\t\t\t\t\t\t\t\t\t<\/span>\n\t\t\t\t\t\t\t\t\t\t\t\t<a class=\"elementor-toggle-title\" tabindex=\"0\">2- Puis cet \u00e9cran appara\u00eet, cliquez sur T\u00e9l\u00e9charger depuis le fichier Excel (1).<\/a>\n\t\t\t\t\t<\/h4>\n\n\t\t\t\t\t<div id=\"elementor-tab-content-1142\" class=\"elementor-tab-content elementor-clearfix\" data-tab=\"2\" role=\"region\" aria-labelledby=\"elementor-tab-title-1142\"><p><img decoding=\"async\" class=\"size-medium wp-image-1700 aligncenter\" title=\" | Afaqy pour les technologies de l&#039;information\" src=\"https:\/\/programsshop.com\/wp-content\/uploads\/2016\/01\/29.png\" alt=\"\u0628\u0631\u0646\u0627\u0645\u062c \u0645\u062d\u0627\u0633\u0628\u0629\" width=\"600\" \/><\/p><\/div>\n\t\t\t\t<\/div>\n\t\t\t\t\t\t\t<div class=\"elementor-toggle-item\">\n\t\t\t\t\t<h4 id=\"elementor-tab-title-1143\" class=\"elementor-tab-title\" data-tab=\"3\" role=\"button\" aria-controls=\"elementor-tab-content-1143\" aria-expanded=\"false\">\n\t\t\t\t\t\t\t\t\t\t\t\t<span class=\"elementor-toggle-icon elementor-toggle-icon-left\" aria-hidden=\"true\">\n\t\t\t\t\t\t\t\t\t\t\t\t\t\t\t<span class=\"elementor-toggle-icon-closed\"><i class=\"fas fa-caret-down\"><\/i><\/span>\n\t\t\t\t\t\t\t\t<span class=\"elementor-toggle-icon-opened\"><i class=\"elementor-toggle-icon-opened fas fa-caret-up\"><\/i><\/span>\n\t\t\t\t\t\t\t\t\t\t\t\t\t<\/span>\n\t\t\t\t\t\t\t\t\t\t\t\t<a class=\"elementor-toggle-title\" tabindex=\"0\">3- Puis cet \u00e9cran appara\u00eet pour vous, pr\u00e9cisez l&#039;emplacement du fichier excel<\/a>\n\t\t\t\t\t<\/h4>\n\n\t\t\t\t\t<div id=\"elementor-tab-content-1143\" class=\"elementor-tab-content elementor-clearfix\" data-tab=\"3\" role=\"region\" aria-labelledby=\"elementor-tab-title-1143\"><p><a href=\"https:\/\/programsshop.com\/wp-content\/uploads\/2016\/01\/36.png\"><img decoding=\"async\" class=\"size-medium wp-image-1701 aligncenter\" title=\" | Afaqy pour les technologies de l&#039;information\" src=\"https:\/\/programsshop.com\/wp-content\/uploads\/2016\/01\/36.png\" alt=\"\u0628\u0631\u0646\u0627\u0645\u062c \u0645\u062d\u0627\u0633\u0628\u0629\" width=\"600\" \/><\/a><br \/>Qui contient les donn\u00e9es des \u00e9l\u00e9ments en cliquant dessus (1) puis en appuyant sur ouvrir (2).<\/p><p><a href=\"https:\/\/programsshop.com\/wp-content\/uploads\/2016\/01\/29.png\"><img decoding=\"async\" class=\"size-medium wp-image-1700 aligncenter\" title=\" | Afaqy pour les technologies de l&#039;information\" src=\"https:\/\/programsshop.com\/wp-content\/uploads\/2016\/01\/29.png\" alt=\"\u0628\u0631\u0646\u0627\u0645\u062c \u0645\u062d\u0627\u0633\u0628\u0629\" width=\"600\" \/><\/a><\/p><\/div>\n\t\t\t\t<\/div>\n\t\t\t\t\t\t\t<div class=\"elementor-toggle-item\">\n\t\t\t\t\t<h4 id=\"elementor-tab-title-1144\" class=\"elementor-tab-title\" data-tab=\"4\" role=\"button\" aria-controls=\"elementor-tab-content-1144\" aria-expanded=\"false\">\n\t\t\t\t\t\t\t\t\t\t\t\t<span class=\"elementor-toggle-icon elementor-toggle-icon-left\" aria-hidden=\"true\">\n\t\t\t\t\t\t\t\t\t\t\t\t\t\t\t<span class=\"elementor-toggle-icon-closed\"><i class=\"fas fa-caret-down\"><\/i><\/span>\n\t\t\t\t\t\t\t\t<span class=\"elementor-toggle-icon-opened\"><i class=\"elementor-toggle-icon-opened fas fa-caret-up\"><\/i><\/span>\n\t\t\t\t\t\t\t\t\t\t\t\t\t<\/span>\n\t\t\t\t\t\t\t\t\t\t\t\t<a class=\"elementor-toggle-title\" tabindex=\"0\">4- Puis cet \u00e9cran s&#039;affiche pour vous, s\u00e9lectionnez une colonne<\/a>\n\t\t\t\t\t<\/h4>\n\n\t\t\t\t\t<div id=\"elementor-tab-content-1144\" class=\"elementor-tab-content elementor-clearfix\" data-tab=\"4\" role=\"region\" aria-labelledby=\"elementor-tab-title-1144\"><p>L&#039;excel correspondant \u00e0 chaque colonne du programme et laisse l&#039;inexistant<br \/>Les deux colonnes les plus importantes qui doivent correspondre sont (nom arabe - nom anglais) (1)<\/p><p><a href=\"https:\/\/programsshop.com\/wp-content\/uploads\/2016\/01\/46.png\"><img decoding=\"async\" class=\"size-medium wp-image-1702 aligncenter\" title=\" | Afaqy pour les technologies de l&#039;information\" src=\"https:\/\/programsshop.com\/wp-content\/uploads\/2016\/01\/46.png\" alt=\"\u0628\u0631\u0646\u0627\u0645\u062c \u0645\u062d\u0627\u0633\u0628\u0629\" width=\"600\" \/><\/a><\/p><\/div>\n\t\t\t\t<\/div>\n\t\t\t\t\t\t\t<div class=\"elementor-toggle-item\">\n\t\t\t\t\t<h4 id=\"elementor-tab-title-1145\" class=\"elementor-tab-title\" data-tab=\"5\" role=\"button\" aria-controls=\"elementor-tab-content-1145\" aria-expanded=\"false\">\n\t\t\t\t\t\t\t\t\t\t\t\t<span class=\"elementor-toggle-icon elementor-toggle-icon-left\" aria-hidden=\"true\">\n\t\t\t\t\t\t\t\t\t\t\t\t\t\t\t<span class=\"elementor-toggle-icon-closed\"><i class=\"fas fa-caret-down\"><\/i><\/span>\n\t\t\t\t\t\t\t\t<span class=\"elementor-toggle-icon-opened\"><i class=\"elementor-toggle-icon-opened fas fa-caret-up\"><\/i><\/span>\n\t\t\t\t\t\t\t\t\t\t\t\t\t<\/span>\n\t\t\t\t\t\t\t\t\t\t\t\t<a class=\"elementor-toggle-title\" tabindex=\"0\">5- Puis cet \u00e9cran appara\u00eet, appuyez sur OK<\/a>\n\t\t\t\t\t<\/h4>\n\n\t\t\t\t\t<div id=\"elementor-tab-content-1145\" class=\"elementor-tab-content elementor-clearfix\" data-tab=\"5\" role=\"region\" aria-labelledby=\"elementor-tab-title-1145\"><p><img decoding=\"async\" class=\"size-medium wp-image-1703 aligncenter\" title=\" | Afaqy pour les technologies de l&#039;information\" src=\"https:\/\/programsshop.com\/wp-content\/uploads\/2016\/01\/56.png\" alt=\"\u0628\u0631\u0646\u0627\u0645\u062c \u0645\u062d\u0627\u0633\u0628\u0629\" width=\"600\" \/><\/p><\/div>\n\t\t\t\t<\/div>\n\t\t\t\t\t\t\t<div class=\"elementor-toggle-item\">\n\t\t\t\t\t<h4 id=\"elementor-tab-title-1146\" class=\"elementor-tab-title\" data-tab=\"6\" role=\"button\" aria-controls=\"elementor-tab-content-1146\" aria-expanded=\"false\">\n\t\t\t\t\t\t\t\t\t\t\t\t<span class=\"elementor-toggle-icon elementor-toggle-icon-left\" aria-hidden=\"true\">\n\t\t\t\t\t\t\t\t\t\t\t\t\t\t\t<span class=\"elementor-toggle-icon-closed\"><i class=\"fas fa-caret-down\"><\/i><\/span>\n\t\t\t\t\t\t\t\t<span class=\"elementor-toggle-icon-opened\"><i class=\"elementor-toggle-icon-opened fas fa-caret-up\"><\/i><\/span>\n\t\t\t\t\t\t\t\t\t\t\t\t\t<\/span>\n\t\t\t\t\t\t\t\t\t\t\t\t<a class=\"elementor-toggle-title\" tabindex=\"0\">6- Puis cet \u00e9cran appara\u00eet, appuyez sur OK<\/a>\n\t\t\t\t\t<\/h4>\n\n\t\t\t\t\t<div id=\"elementor-tab-content-1146\" class=\"elementor-tab-content elementor-clearfix\" data-tab=\"6\" role=\"region\" aria-labelledby=\"elementor-tab-title-1146\"><p><a href=\"https:\/\/programsshop.com\/wp-content\/uploads\/2016\/01\/65.png\"><img decoding=\"async\" class=\"size-medium wp-image-1704 aligncenter\" title=\" | Afaqy pour les technologies de l&#039;information\" src=\"https:\/\/programsshop.com\/wp-content\/uploads\/2016\/01\/65.png\" alt=\"\u0628\u0631\u0646\u0627\u0645\u062c \u0645\u062d\u0627\u0633\u0628\u0629\" width=\"600\" \/><\/a><\/p><p>\u00a0<\/p><p><img decoding=\"async\" class=\"aligncenter size-full wp-image-771\" title=\" | Afaqy pour les technologies de l&#039;information\" src=\"https:\/\/programsshop.com\/wp-content\/uploads\/2014\/09\/separate.png\" alt=\"\u0628\u0631\u0646\u0627\u0645\u062c \u0645\u062d\u0627\u0633\u0628\u0629\" width=\"920\" height=\"10\" \/><\/p><p style=\"text-align: center;\">Apr\u00e8s cette \u00e9tape, les articles auront \u00e9t\u00e9 d\u00e9finis dans l&#039;\u00e9cran Articles et vous pourrez annuler ou saisir les soldes d&#039;ouverture des articles et appuyer sur Enregistrer.<\/p><p>\u00a0<\/p><\/div>\n\t\t\t\t<\/div>\n\t\t\t\t\t\t\t\t<\/div>\n\t\t\t\t<\/div>\n\t\t\t\t<\/div>\n\t\t\t\t<div class=\"elementor-element elementor-element-5ae50f8 elementor-widget elementor-widget-spacer\" data-id=\"5ae50f8\" data-element_type=\"widget\" data-widget_type=\"spacer.default\">\n\t\t\t\t<div class=\"elementor-widget-container\">\n\t\t\t\t\t<div class=\"elementor-spacer\">\n\t\t\t<div class=\"elementor-spacer-inner\"><\/div>\n\t\t<\/div>\n\t\t\t\t<\/div>\n\t\t\t\t<\/div>\n\t\t\t\t\t<\/div>\n\t\t<\/div>\n\t\t\t\t\t<\/div>\n\t\t<\/section>\n\t\t\t\t<\/div>","protected":false},"excerpt":{"rendered":"<p>Importer des donn\u00e9es d&#039;articles \u00e0 partir d&#039;un fichier Excel Avec le logiciel de comptabilit\u00e9 Afaqy, vous pouvez importer en quelques secondes des donn\u00e9es d&#039;articles \u00e0 partir de fichiers Excel, ce qui vous \u00e9vite d&#039;avoir \u00e0 saisir les articles manuellement et vous fait gagner beaucoup de temps et d&#039;efforts. 1- Qui\u2026<\/p>","protected":false},"author":1,"featured_media":0,"parent":9970,"menu_order":0,"comment_status":"closed","ping_status":"closed","template":"","meta":{"footnotes":""},"class_list":["post-10184","page","type-page","status-publish","hentry"],"_links":{"self":[{"href":"https:\/\/programsshop.com\/fr\/wp-json\/wp\/v2\/pages\/10184","targetHints":{"allow":["GET"]}}],"collection":[{"href":"https:\/\/programsshop.com\/fr\/wp-json\/wp\/v2\/pages"}],"about":[{"href":"https:\/\/programsshop.com\/fr\/wp-json\/wp\/v2\/types\/page"}],"author":[{"embeddable":true,"href":"https:\/\/programsshop.com\/fr\/wp-json\/wp\/v2\/users\/1"}],"replies":[{"embeddable":true,"href":"https:\/\/programsshop.com\/fr\/wp-json\/wp\/v2\/comments?post=10184"}],"version-history":[{"count":0,"href":"https:\/\/programsshop.com\/fr\/wp-json\/wp\/v2\/pages\/10184\/revisions"}],"up":[{"embeddable":true,"href":"https:\/\/programsshop.com\/fr\/wp-json\/wp\/v2\/pages\/9970"}],"wp:attachment":[{"href":"https:\/\/programsshop.com\/fr\/wp-json\/wp\/v2\/media?parent=10184"}],"curies":[{"name":"wp","href":"https:\/\/api.w.org\/{rel}","templated":true}]}}