{"id":10165,"date":"2021-03-01T15:23:21","date_gmt":"2021-03-01T13:23:21","guid":{"rendered":"https:\/\/programsshop.com\/?page_id=10165"},"modified":"2021-03-01T15:28:40","modified_gmt":"2021-03-01T13:28:40","slug":"fiscal-year","status":"publish","type":"page","link":"https:\/\/programsshop.com\/fr\/knowledgebase\/fiscal-year\/","title":{"rendered":"Ann\u00e9e fiscale et p\u00e9riodes comptables"},"content":{"rendered":"<div data-elementor-type=\"wp-page\" data-elementor-id=\"10165\" class=\"elementor elementor-10165\">\n\t\t\t\t\t\t<section class=\"elementor-section elementor-top-section elementor-element elementor-element-972bc1b elementor-section-height-min-height elementor-section-items-top elementor-section-boxed elementor-section-height-default\" data-id=\"972bc1b\" data-element_type=\"section\" data-settings=\"{&quot;background_background&quot;:&quot;classic&quot;,&quot;animation_mobile&quot;:&quot;fadeInLeft&quot;}\">\n\t\t\t\t\t\t\t<div class=\"elementor-background-overlay\"><\/div>\n\t\t\t\t\t\t\t<div class=\"elementor-container elementor-column-gap-default\">\n\t\t\t\t\t<div class=\"elementor-column elementor-col-100 elementor-top-column elementor-element elementor-element-b45fb27\" data-id=\"b45fb27\" data-element_type=\"column\">\n\t\t\t<div class=\"elementor-widget-wrap elementor-element-populated\">\n\t\t\t\t\t\t<div class=\"elementor-element elementor-element-a016f50 elementor-widget elementor-widget-heading\" data-id=\"a016f50\" data-element_type=\"widget\" data-widget_type=\"heading.default\">\n\t\t\t\t<div class=\"elementor-widget-container\">\n\t\t\t<h1 class=\"elementor-heading-title elementor-size-default\">Ann\u00e9e fiscale et p\u00e9riodes comptables\n<\/h1>\t\t<\/div>\n\t\t\t\t<\/div>\n\t\t\t\t\t<\/div>\n\t\t<\/div>\n\t\t\t\t\t<\/div>\n\t\t<\/section>\n\t\t\t\t<section class=\"elementor-section elementor-top-section elementor-element elementor-element-27e4e3a elementor-section-boxed elementor-section-height-default elementor-section-height-default\" data-id=\"27e4e3a\" data-element_type=\"section\">\n\t\t\t\t\t\t<div class=\"elementor-container elementor-column-gap-default\">\n\t\t\t\t\t<div class=\"elementor-column elementor-col-100 elementor-top-column elementor-element elementor-element-1ebbf6d\" data-id=\"1ebbf6d\" data-element_type=\"column\">\n\t\t\t<div class=\"elementor-widget-wrap elementor-element-populated\">\n\t\t\t\t\t\t<div class=\"elementor-element elementor-element-0c3e026 elementor-widget elementor-widget-spacer\" data-id=\"0c3e026\" data-element_type=\"widget\" data-widget_type=\"spacer.default\">\n\t\t\t\t<div class=\"elementor-widget-container\">\n\t\t\t\t\t<div class=\"elementor-spacer\">\n\t\t\t<div class=\"elementor-spacer-inner\"><\/div>\n\t\t<\/div>\n\t\t\t\t<\/div>\n\t\t\t\t<\/div>\n\t\t\t\t<div class=\"elementor-element elementor-element-21bed66 elementor-widget elementor-widget-toggle\" data-id=\"21bed66\" data-element_type=\"widget\" data-widget_type=\"toggle.default\">\n\t\t\t\t<div class=\"elementor-widget-container\">\n\t\t\t\t\t<div class=\"elementor-toggle\">\n\t\t\t\t\t\t\t<div class=\"elementor-toggle-item\">\n\t\t\t\t\t<h4 id=\"elementor-tab-title-3531\" class=\"elementor-tab-title\" data-tab=\"1\" role=\"button\" aria-controls=\"elementor-tab-content-3531\" aria-expanded=\"false\">\n\t\t\t\t\t\t\t\t\t\t\t\t<span class=\"elementor-toggle-icon elementor-toggle-icon-left\" aria-hidden=\"true\">\n\t\t\t\t\t\t\t\t\t\t\t\t\t\t\t<span class=\"elementor-toggle-icon-closed\"><i class=\"fas fa-caret-down\"><\/i><\/span>\n\t\t\t\t\t\t\t\t<span class=\"elementor-toggle-icon-opened\"><i class=\"elementor-toggle-icon-opened fas fa-caret-up\"><\/i><\/span>\n\t\t\t\t\t\t\t\t\t\t\t\t\t<\/span>\n\t\t\t\t\t\t\t\t\t\t\t\t<a class=\"elementor-toggle-title\" tabindex=\"0\">ann\u00e9e fiscale :<\/a>\n\t\t\t\t\t<\/h4>\n\n\t\t\t\t\t<div id=\"elementor-tab-content-3531\" class=\"elementor-tab-content elementor-clearfix\" data-tab=\"1\" role=\"region\" aria-labelledby=\"elementor-tab-title-3531\"><p dir=\"rtl\" align=\"right\"><span lang=\"ar-SA\"><span lang=\"ar-EG\">Il s&#039;agit d&#039;une p\u00e9riode utilis\u00e9e aux fins de la pr\u00e9paration des \u00e9tats financiers annuels, et la loi exige souvent qu&#039;elle soit<\/span><\/span>12\u00a0<span lang=\"ar-SA\"><span lang=\"ar-EG\">Un mois mais il n&#039;a pas besoin de quand commencer ou de quand finir\u00a0<\/span><\/span>(\u00a0<span lang=\"ar-SA\"><span lang=\"ar-EG\">Cela peut commencer dans<\/span><\/span>1\/1\/\u00a0<span lang=\"ar-SA\"><span lang=\"ar-EG\">ou<\/span><\/span>1\/3\u00a0<span lang=\"ar-SA\"><span lang=\"ar-EG\">ou<\/span><\/span>1\/7\u00a0<span lang=\"ar-SA\"><span lang=\"ar-EG\">etc<\/span><\/span>\u2026)\u00a0<span lang=\"ar-SA\"><span lang=\"ar-EG\">Cela d\u00e9pend de l&#039;entreprise, \u00e0 moins qu&#039;il n&#039;y ait un organisme de r\u00e9glementation qui oblige l&#039;entreprise avec une date de d\u00e9but sp\u00e9cifique\u00a0<\/span><\/span>.<\/p><p dir=\"rtl\" align=\"right\"><span lang=\"ar-SA\"><span lang=\"ar-EG\">En cas de premi\u00e8re participation au programme ou en cas de cl\u00f4ture de l&#039;exercice sur lequel vous travailliez, vous devez d\u00e9finir\u00a0<strong>exercice comme suit\u00a0<\/strong><\/span><\/span><strong>:<\/strong><br \/>1-\u00a0<span lang=\"ar-SA\"><span lang=\"ar-EG\">Dans le menu syst\u00e8me, choisissez les ann\u00e9es fiscales<br \/>Cet \u00e9cran appara\u00eetra, cliquez sur Ajouter\u00a0<\/span><\/span>.<\/p><p dir=\"rtl\" align=\"right\"><a href=\"https:\/\/programsshop.com\/wp-content\/uploads\/2016\/02\/image114.png\"><img decoding=\"async\" class=\"aligncenter wp-image-1834\" title=\" | Afaqy pour les technologies de l&#039;information\" src=\"https:\/\/programsshop.com\/wp-content\/uploads\/2016\/02\/image114.png\" alt=\"\u0628\u0631\u0646\u0627\u0645\u062c \u0645\u062d\u0627\u0633\u0628\u0629\" width=\"600\" \/><\/a><\/p><p dir=\"rtl\" align=\"right\"><a href=\"https:\/\/programsshop.com\/wp-content\/uploads\/2014\/09\/separate.png\"><img decoding=\"async\" class=\"aligncenter size-full wp-image-771\" title=\" | Afaqy pour les technologies de l&#039;information\" src=\"https:\/\/programsshop.com\/wp-content\/uploads\/2014\/09\/separate.png\" alt=\"\u0628\u0631\u0646\u0627\u0645\u062c \u0645\u062d\u0627\u0633\u0628\u0629\" width=\"920\" height=\"10\" \/><\/a><\/p><p dir=\"rtl\" align=\"right\">2-\u00a0<span lang=\"ar-SA\"><span lang=\"ar-EG\">Ensuite, cet \u00e9cran appara\u00eet pour vous, tapez les donn\u00e9es de l&#039;exercice<br \/>Comme indiqu\u00e9, puis cliquez sur Enregistrer\u00a0<\/span><\/span>.<\/p><p dir=\"rtl\" align=\"right\"><a href=\"https:\/\/programsshop.com\/wp-content\/uploads\/2016\/02\/image28.png\"><img decoding=\"async\" class=\"aligncenter wp-image-1835\" title=\" | Afaqy pour les technologies de l&#039;information\" src=\"https:\/\/programsshop.com\/wp-content\/uploads\/2016\/02\/image28.png\" alt=\"\u0628\u0631\u0646\u0627\u0645\u062c \u0645\u062d\u0627\u0633\u0628\u0629\" width=\"600\" \/><\/a><\/p><\/div>\n\t\t\t\t<\/div>\n\t\t\t\t\t\t\t<div class=\"elementor-toggle-item\">\n\t\t\t\t\t<h4 id=\"elementor-tab-title-3532\" class=\"elementor-tab-title\" data-tab=\"2\" role=\"button\" aria-controls=\"elementor-tab-content-3532\" aria-expanded=\"false\">\n\t\t\t\t\t\t\t\t\t\t\t\t<span class=\"elementor-toggle-icon elementor-toggle-icon-left\" aria-hidden=\"true\">\n\t\t\t\t\t\t\t\t\t\t\t\t\t\t\t<span class=\"elementor-toggle-icon-closed\"><i class=\"fas fa-caret-down\"><\/i><\/span>\n\t\t\t\t\t\t\t\t<span class=\"elementor-toggle-icon-opened\"><i class=\"elementor-toggle-icon-opened fas fa-caret-up\"><\/i><\/span>\n\t\t\t\t\t\t\t\t\t\t\t\t\t<\/span>\n\t\t\t\t\t\t\t\t\t\t\t\t<a class=\"elementor-toggle-title\" tabindex=\"0\">En cas de cl\u00f4ture d&#039;exercice, l&#039;exercice doit \u00eatre cl\u00f4tur\u00e9 :<\/a>\n\t\t\t\t\t<\/h4>\n\n\t\t\t\t\t<div id=\"elementor-tab-content-3532\" class=\"elementor-tab-content elementor-clearfix\" data-tab=\"2\" role=\"region\" aria-labelledby=\"elementor-tab-title-3532\"><p dir=\"rtl\" align=\"right\"><span lang=\"ar-SA\"><span lang=\"ar-EG\">Et la cl\u00f4ture de l&#039;exercice vous donne un contr\u00f4le total sur les donn\u00e9es<br \/>Lorsqu&#039;il n&#039;est pas possible d&#039;ajouter, de modifier ou de supprimer tous les mouvements<br \/>r\u00e9alis\u00e9es au cours de l&#039;exercice clos,<\/span><\/span><br \/><span lang=\"ar-SA\"><span lang=\"ar-EG\">L&#039;exercice est cl\u00f4tur\u00e9 comme suit\u00a0<\/span><\/span>:<br \/><span lang=\"ar-SA\"><span lang=\"ar-EG\">Premi\u00e8rement, les points de vente ouverts doivent \u00eatre ferm\u00e9s comme suit\u00a0<\/span><\/span>:<\/p><p dir=\"rtl\" align=\"right\">1-\u00a0<span lang=\"ar-SA\"><span lang=\"ar-EG\">Dans la liste des points de vente, choisissez de fermer le point de vente, puis cet \u00e9cran appara\u00eetra, cliquez sur Ajouter\u00a0<\/span><\/span>.<\/p><p dir=\"rtl\" align=\"right\">2-\u00a0<span lang=\"ar-SA\"><span lang=\"ar-EG\">Puis cet \u00e9cran appara\u00eet, appuyez sur le signe\u00a0<\/span><\/span>(+) (1)<\/p><p dir=\"rtl\" align=\"right\"><strong><a href=\"https:\/\/programsshop.com\/wp-content\/uploads\/2016\/02\/image43.png\"><img decoding=\"async\" class=\"aligncenter wp-image-1837\" title=\" | Afaqy pour les technologies de l&#039;information\" src=\"https:\/\/programsshop.com\/wp-content\/uploads\/2016\/02\/image43.png\" alt=\"\u0628\u0631\u0646\u0627\u0645\u062c \u0645\u062d\u0627\u0633\u0628\u0629\" width=\"600\" \/><\/a><\/strong><\/p><p dir=\"rtl\" align=\"right\"><a href=\"https:\/\/programsshop.com\/wp-content\/uploads\/2014\/09\/separate.png\"><img decoding=\"async\" class=\"aligncenter size-full wp-image-771\" title=\" | Afaqy pour les technologies de l&#039;information\" src=\"https:\/\/programsshop.com\/wp-content\/uploads\/2014\/09\/separate.png\" alt=\"\u0628\u0631\u0646\u0627\u0645\u062c \u0645\u062d\u0627\u0633\u0628\u0629\" width=\"920\" height=\"10\" \/><\/a><\/p><p dir=\"rtl\" align=\"right\">3-\u00a0<span lang=\"ar-SA\"><span lang=\"ar-EG\">Cet \u00e9cran appara\u00eet alors<br \/>S\u00e9lectionnez le point de vente que vous souhaitez fermer\u00a0<\/span><\/span>(1)<br \/><span lang=\"ar-SA\"><span lang=\"ar-EG\">Appuyez ensuite sur OK, puis cliquez sur Enregistrer\u00a0<\/span><\/span>.<\/p><p dir=\"rtl\" align=\"right\"><a href=\"https:\/\/programsshop.com\/wp-content\/uploads\/2016\/02\/image53.png\"><img decoding=\"async\" class=\"aligncenter wp-image-1838\" title=\" | Afaqy pour les technologies de l&#039;information\" src=\"https:\/\/programsshop.com\/wp-content\/uploads\/2016\/02\/image53.png\" alt=\"\u0628\u0631\u0646\u0627\u0645\u062c \u0645\u062d\u0627\u0633\u0628\u0629\" width=\"600\" \/><\/a><\/p><\/div>\n\t\t\t\t<\/div>\n\t\t\t\t\t\t\t<div class=\"elementor-toggle-item\">\n\t\t\t\t\t<h4 id=\"elementor-tab-title-3533\" class=\"elementor-tab-title\" data-tab=\"3\" role=\"button\" aria-controls=\"elementor-tab-content-3533\" aria-expanded=\"false\">\n\t\t\t\t\t\t\t\t\t\t\t\t<span class=\"elementor-toggle-icon elementor-toggle-icon-left\" aria-hidden=\"true\">\n\t\t\t\t\t\t\t\t\t\t\t\t\t\t\t<span class=\"elementor-toggle-icon-closed\"><i class=\"fas fa-caret-down\"><\/i><\/span>\n\t\t\t\t\t\t\t\t<span class=\"elementor-toggle-icon-opened\"><i class=\"elementor-toggle-icon-opened fas fa-caret-up\"><\/i><\/span>\n\t\t\t\t\t\t\t\t\t\t\t\t\t<\/span>\n\t\t\t\t\t\t\t\t\t\t\t\t<a class=\"elementor-toggle-title\" tabindex=\"0\">Deuxi\u00e8mement\u00a0: Cl\u00f4turez l&#039;exercice comme suit\u00a0:<\/a>\n\t\t\t\t\t<\/h4>\n\n\t\t\t\t\t<div id=\"elementor-tab-content-3533\" class=\"elementor-tab-content elementor-clearfix\" data-tab=\"3\" role=\"region\" aria-labelledby=\"elementor-tab-title-3533\"><p dir=\"rtl\" align=\"right\"><span lang=\"ar-SA\"><span lang=\"ar-EG\">Dans le menu syst\u00e8me, choisissez les ann\u00e9es fiscales<br \/>Cet \u00e9cran appara\u00eetra, appuyez sur fermer\u00a0<\/span><\/span>.<\/p><p dir=\"rtl\" align=\"right\"><a href=\"https:\/\/programsshop.com\/wp-content\/uploads\/2016\/02\/image63.png\"><img decoding=\"async\" class=\"aligncenter wp-image-1839\" title=\" | Afaqy pour les technologies de l&#039;information\" src=\"https:\/\/programsshop.com\/wp-content\/uploads\/2016\/02\/image63.png\" alt=\"\u0628\u0631\u0646\u0627\u0645\u062c \u0645\u062d\u0627\u0633\u0628\u0629\" width=\"600\" \/><\/a><\/p><p dir=\"rtl\" align=\"right\"><a href=\"https:\/\/programsshop.com\/wp-content\/uploads\/2014\/09\/separate.png\"><img decoding=\"async\" class=\"aligncenter size-full wp-image-771\" title=\" | Afaqy pour les technologies de l&#039;information\" src=\"https:\/\/programsshop.com\/wp-content\/uploads\/2014\/09\/separate.png\" alt=\"\u0628\u0631\u0646\u0627\u0645\u062c \u0645\u062d\u0627\u0633\u0628\u0629\" width=\"920\" height=\"10\" \/><\/a><\/p><p dir=\"rtl\" align=\"right\"><span lang=\"ar-SA\"><span lang=\"ar-EG\">Apr\u00e8s la cl\u00f4ture de l&#039;exercice, nous remarquons lors de l&#039;ouverture de la facture de vente et d&#039;achat, du bon de r\u00e9ception et du bon d&#039;\u00e9change qu&#039;il n&#039;y a pas d&#039;ajout, de suppression et de modification, et nous constatons qu&#039;il y a un message indiquant que l&#039;exercice est cl\u00f4tur\u00e9\u00a0<\/span><\/span>(1)\u00a0<span lang=\"ar-SA\"><span lang=\"ar-EG\">, comme le montre l&#039;image suivante\u00a0<\/span><\/span>.<\/p><p dir=\"rtl\" align=\"right\"><img decoding=\"async\" class=\"aligncenter wp-image-1840 size-medium\" title=\" | Afaqy pour les technologies de l&#039;information\" src=\"https:\/\/programsshop.com\/wp-content\/uploads\/2016\/02\/image73.png\" alt=\"\u0628\u0631\u0646\u0627\u0645\u062c \u0645\u062d\u0627\u0633\u0628\u0629\" width=\"600\" \/><\/p><\/div>\n\t\t\t\t<\/div>\n\t\t\t\t\t\t\t<div class=\"elementor-toggle-item\">\n\t\t\t\t\t<h4 id=\"elementor-tab-title-3534\" class=\"elementor-tab-title\" data-tab=\"4\" role=\"button\" aria-controls=\"elementor-tab-content-3534\" aria-expanded=\"false\">\n\t\t\t\t\t\t\t\t\t\t\t\t<span class=\"elementor-toggle-icon elementor-toggle-icon-left\" aria-hidden=\"true\">\n\t\t\t\t\t\t\t\t\t\t\t\t\t\t\t<span class=\"elementor-toggle-icon-closed\"><i class=\"fas fa-caret-down\"><\/i><\/span>\n\t\t\t\t\t\t\t\t<span class=\"elementor-toggle-icon-opened\"><i class=\"elementor-toggle-icon-opened fas fa-caret-up\"><\/i><\/span>\n\t\t\t\t\t\t\t\t\t\t\t\t\t<\/span>\n\t\t\t\t\t\t\t\t\t\t\t\t<a class=\"elementor-toggle-title\" tabindex=\"0\">p\u00e9riodes comptables :<\/a>\n\t\t\t\t\t<\/h4>\n\n\t\t\t\t\t<div id=\"elementor-tab-content-3534\" class=\"elementor-tab-content elementor-clearfix\" data-tab=\"4\" role=\"region\" aria-labelledby=\"elementor-tab-title-3534\"><p dir=\"rtl\" align=\"right\"><span lang=\"ar-SA\"><span lang=\"ar-EG\">Ce sont des p\u00e9riodes qui sont utilis\u00e9es dans le but d&#039;augmenter les provisions et de contr\u00f4ler les donn\u00e9es en sp\u00e9cifiant une p\u00e9riode sp\u00e9cifique \u00e0 fermer afin qu&#039;il ne soit pas possible d&#039;ajouter, de modifier ou de supprimer pendant celle-ci, et cela se fait via un programme Afaky comme suit\u00a0<\/span><\/span>:<\/p><p dir=\"rtl\" align=\"right\">1-\u00a0<span lang=\"ar-SA\"><span lang=\"ar-EG\">Dans le menu syst\u00e8me, choisissez les p\u00e9riodes comptables, et cet \u00e9cran appara\u00eetra, cliquez sur Ajouter\u00a0<\/span><\/span>.<\/p><p dir=\"rtl\" align=\"right\"><strong><a href=\"https:\/\/programsshop.com\/wp-content\/uploads\/2016\/02\/image83.png\"><img decoding=\"async\" class=\"aligncenter wp-image-1841\" title=\" | Afaqy pour les technologies de l&#039;information\" src=\"https:\/\/programsshop.com\/wp-content\/uploads\/2016\/02\/image83.png\" alt=\"\u0628\u0631\u0646\u0627\u0645\u062c \u0645\u062d\u0627\u0633\u0628\u0629\" width=\"600\" \/><\/a><\/strong><\/p><p dir=\"rtl\" align=\"right\"><a href=\"https:\/\/programsshop.com\/wp-content\/uploads\/2014\/09\/separate.png\"><img decoding=\"async\" class=\"aligncenter size-full wp-image-771\" title=\" | Afaqy pour les technologies de l&#039;information\" src=\"https:\/\/programsshop.com\/wp-content\/uploads\/2014\/09\/separate.png\" alt=\"\u0628\u0631\u0646\u0627\u0645\u062c \u0645\u062d\u0627\u0633\u0628\u0629\" width=\"920\" height=\"10\" \/><\/a><\/p><p dir=\"rtl\" align=\"right\">2-\u00a0<span lang=\"ar-SA\"><span lang=\"ar-EG\">Puis cet \u00e9cran appara\u00eet, tapez les informations requises<br \/>Comme indiqu\u00e9, puis cliquez sur Enregistrer<\/span><\/span><\/p><p dir=\"rtl\" align=\"right\"><a href=\"https:\/\/programsshop.com\/wp-content\/uploads\/2016\/02\/image93.png\"><img decoding=\"async\" class=\"aligncenter wp-image-1842\" title=\" | Afaqy pour les technologies de l&#039;information\" src=\"https:\/\/programsshop.com\/wp-content\/uploads\/2016\/02\/image93.png\" alt=\"\u0628\u0631\u0646\u0627\u0645\u062c \u0645\u062d\u0627\u0633\u0628\u0629\" width=\"600\" \/><\/a><\/p><p dir=\"rtl\" align=\"right\"><a href=\"https:\/\/programsshop.com\/wp-content\/uploads\/2014\/09\/separate.png\"><img decoding=\"async\" class=\"aligncenter size-full wp-image-771\" title=\" | Afaqy pour les technologies de l&#039;information\" src=\"https:\/\/programsshop.com\/wp-content\/uploads\/2014\/09\/separate.png\" alt=\"\u0628\u0631\u0646\u0627\u0645\u062c \u0645\u062d\u0627\u0633\u0628\u0629\" width=\"920\" height=\"10\" \/><\/a><\/p><p dir=\"rtl\" align=\"right\"><span lang=\"ar-SA\"><span lang=\"ar-EG\">Dans le cas de la cl\u00f4ture de la p\u00e9riode comptable, nous notons que lors de la<br \/>Pour tout mouvement dont l&#039;historique survient pendant la p\u00e9riode de fermeture, on remarque l&#039;apparition de ce message\u00a0<\/span><\/span>.<\/p><p dir=\"rtl\" align=\"right\"><a href=\"https:\/\/programsshop.com\/wp-content\/uploads\/2016\/02\/image103.png\"><img decoding=\"async\" class=\"aligncenter wp-image-1843\" title=\" | Afaqy pour les technologies de l&#039;information\" src=\"https:\/\/programsshop.com\/wp-content\/uploads\/2016\/02\/image103.png\" alt=\"\u0628\u0631\u0646\u0627\u0645\u062c \u0645\u062d\u0627\u0633\u0628\u0629\" width=\"600\" \/><\/a><\/p><\/div>\n\t\t\t\t<\/div>\n\t\t\t\t\t\t\t\t<\/div>\n\t\t\t\t<\/div>\n\t\t\t\t<\/div>\n\t\t\t\t<div class=\"elementor-element elementor-element-aa78c90 elementor-widget elementor-widget-spacer\" data-id=\"aa78c90\" data-element_type=\"widget\" data-widget_type=\"spacer.default\">\n\t\t\t\t<div class=\"elementor-widget-container\">\n\t\t\t\t\t<div class=\"elementor-spacer\">\n\t\t\t<div class=\"elementor-spacer-inner\"><\/div>\n\t\t<\/div>\n\t\t\t\t<\/div>\n\t\t\t\t<\/div>\n\t\t\t\t\t<\/div>\n\t\t<\/div>\n\t\t\t\t\t<\/div>\n\t\t<\/section>\n\t\t\t\t<\/div>","protected":false},"excerpt":{"rendered":"<p>Exercice social et exercices comptables Exercice social : C&#039;est une p\u00e9riode servant \u00e0 l&#039;\u00e9tablissement des comptes annuels, souvent la loi exige qu&#039;elle soit de 12 mois, mais il n&#039;est pas n\u00e9cessaire qu&#039;elle commence ou qu&#039;elle se termine (elle peut commencer le 1\/1\/ ou 1\/3 ou 1\/7 etc...) et \u00e7a d\u00e9pend. L&#039;entreprise seulement si...<\/p>","protected":false},"author":1,"featured_media":0,"parent":9970,"menu_order":0,"comment_status":"closed","ping_status":"closed","template":"","meta":{"footnotes":""},"class_list":["post-10165","page","type-page","status-publish","hentry"],"_links":{"self":[{"href":"https:\/\/programsshop.com\/fr\/wp-json\/wp\/v2\/pages\/10165","targetHints":{"allow":["GET"]}}],"collection":[{"href":"https:\/\/programsshop.com\/fr\/wp-json\/wp\/v2\/pages"}],"about":[{"href":"https:\/\/programsshop.com\/fr\/wp-json\/wp\/v2\/types\/page"}],"author":[{"embeddable":true,"href":"https:\/\/programsshop.com\/fr\/wp-json\/wp\/v2\/users\/1"}],"replies":[{"embeddable":true,"href":"https:\/\/programsshop.com\/fr\/wp-json\/wp\/v2\/comments?post=10165"}],"version-history":[{"count":0,"href":"https:\/\/programsshop.com\/fr\/wp-json\/wp\/v2\/pages\/10165\/revisions"}],"up":[{"embeddable":true,"href":"https:\/\/programsshop.com\/fr\/wp-json\/wp\/v2\/pages\/9970"}],"wp:attachment":[{"href":"https:\/\/programsshop.com\/fr\/wp-json\/wp\/v2\/media?parent=10165"}],"curies":[{"name":"wp","href":"https:\/\/api.w.org\/{rel}","templated":true}]}}