{"id":10159,"date":"2021-03-01T15:04:14","date_gmt":"2021-03-01T13:04:14","guid":{"rendered":"https:\/\/programsshop.com\/?page_id=10159"},"modified":"2022-04-07T05:47:48","modified_gmt":"2022-04-07T03:47:48","slug":"brand","status":"publish","type":"page","link":"https:\/\/programsshop.com\/fr\/knowledgebase\/brand\/","title":{"rendered":"Description de l&#039;\u00e9cran des cat\u00e9gories"},"content":{"rendered":"<div data-elementor-type=\"wp-page\" data-elementor-id=\"10159\" class=\"elementor elementor-10159\">\n\t\t\t\t\t\t<section class=\"elementor-section elementor-top-section elementor-element elementor-element-f7cf363 elementor-section-height-min-height elementor-section-items-top elementor-section-boxed elementor-section-height-default\" data-id=\"f7cf363\" data-element_type=\"section\" data-settings=\"{&quot;background_background&quot;:&quot;classic&quot;,&quot;animation_mobile&quot;:&quot;fadeInLeft&quot;}\">\n\t\t\t\t\t\t\t<div class=\"elementor-background-overlay\"><\/div>\n\t\t\t\t\t\t\t<div class=\"elementor-container elementor-column-gap-default\">\n\t\t\t\t\t<div class=\"elementor-column elementor-col-100 elementor-top-column elementor-element elementor-element-52c1b72\" data-id=\"52c1b72\" data-element_type=\"column\">\n\t\t\t<div class=\"elementor-widget-wrap elementor-element-populated\">\n\t\t\t\t\t\t<div class=\"elementor-element elementor-element-9bdc707 elementor-widget elementor-widget-heading\" data-id=\"9bdc707\" data-element_type=\"widget\" data-widget_type=\"heading.default\">\n\t\t\t\t<div class=\"elementor-widget-container\">\n\t\t\t<h1 class=\"elementor-heading-title elementor-size-default\">Description de l&#039;\u00e9cran des cat\u00e9gories\n<\/h1>\t\t<\/div>\n\t\t\t\t<\/div>\n\t\t\t\t\t<\/div>\n\t\t<\/div>\n\t\t\t\t\t<\/div>\n\t\t<\/section>\n\t\t\t\t<section class=\"elementor-section elementor-top-section elementor-element elementor-element-7b95903 elementor-section-boxed elementor-section-height-default elementor-section-height-default\" data-id=\"7b95903\" data-element_type=\"section\">\n\t\t\t\t\t\t<div class=\"elementor-container elementor-column-gap-default\">\n\t\t\t\t\t<div class=\"elementor-column elementor-col-100 elementor-top-column elementor-element elementor-element-e56184c\" data-id=\"e56184c\" data-element_type=\"column\">\n\t\t\t<div class=\"elementor-widget-wrap elementor-element-populated\">\n\t\t\t\t\t\t<div class=\"elementor-element elementor-element-91cf001 elementor-widget elementor-widget-spacer\" data-id=\"91cf001\" data-element_type=\"widget\" data-widget_type=\"spacer.default\">\n\t\t\t\t<div class=\"elementor-widget-container\">\n\t\t\t\t\t<div class=\"elementor-spacer\">\n\t\t\t<div class=\"elementor-spacer-inner\"><\/div>\n\t\t<\/div>\n\t\t\t\t<\/div>\n\t\t\t\t<\/div>\n\t\t\t\t\t<\/div>\n\t\t<\/div>\n\t\t\t\t\t<\/div>\n\t\t<\/section>\n\t\t\t\t<section class=\"elementor-section elementor-top-section elementor-element elementor-element-f13737c elementor-section-boxed elementor-section-height-default elementor-section-height-default\" data-id=\"f13737c\" data-element_type=\"section\">\n\t\t\t\t\t\t<div class=\"elementor-container elementor-column-gap-default\">\n\t\t\t\t\t<div class=\"elementor-column elementor-col-100 elementor-top-column elementor-element elementor-element-8e8f20e\" data-id=\"8e8f20e\" data-element_type=\"column\">\n\t\t\t<div class=\"elementor-widget-wrap elementor-element-populated\">\n\t\t\t\t\t\t<div class=\"elementor-element elementor-element-fabc267 elementor-widget elementor-widget-heading\" data-id=\"fabc267\" data-element_type=\"widget\" data-widget_type=\"heading.default\">\n\t\t\t\t<div class=\"elementor-widget-container\">\n\t\t\t<h1 class=\"elementor-heading-title elementor-size-default\">l&#039;explication<\/h1>\t\t<\/div>\n\t\t\t\t<\/div>\n\t\t\t\t<div class=\"elementor-element elementor-element-f0a7b44 elementor-widget elementor-widget-spacer\" data-id=\"f0a7b44\" data-element_type=\"widget\" data-widget_type=\"spacer.default\">\n\t\t\t\t<div class=\"elementor-widget-container\">\n\t\t\t\t\t<div class=\"elementor-spacer\">\n\t\t\t<div class=\"elementor-spacer-inner\"><\/div>\n\t\t<\/div>\n\t\t\t\t<\/div>\n\t\t\t\t<\/div>\n\t\t\t\t<div class=\"elementor-element elementor-element-04bd971 elementor-widget elementor-widget-toggle\" data-id=\"04bd971\" data-element_type=\"widget\" data-widget_type=\"toggle.default\">\n\t\t\t\t<div class=\"elementor-widget-container\">\n\t\t\t\t\t<div class=\"elementor-toggle\">\n\t\t\t\t\t\t\t<div class=\"elementor-toggle-item\">\n\t\t\t\t\t<div id=\"elementor-tab-title-4971\" class=\"elementor-tab-title\" data-tab=\"1\" role=\"button\" aria-controls=\"elementor-tab-content-4971\" aria-expanded=\"false\">\n\t\t\t\t\t\t\t\t\t\t\t\t<span class=\"elementor-toggle-icon elementor-toggle-icon-left\" aria-hidden=\"true\">\n\t\t\t\t\t\t\t\t\t\t\t\t\t\t\t<span class=\"elementor-toggle-icon-closed\"><i class=\"fas fa-caret-right\"><\/i><\/span>\n\t\t\t\t\t\t\t\t<span class=\"elementor-toggle-icon-opened\"><i class=\"elementor-toggle-icon-opened fas fa-caret-up\"><\/i><\/span>\n\t\t\t\t\t\t\t\t\t\t\t\t\t<\/span>\n\t\t\t\t\t\t\t\t\t\t\t\t<a class=\"elementor-toggle-title\" tabindex=\"0\">Description de l&#039;\u00e9cran des cat\u00e9gories<\/a>\n\t\t\t\t\t<\/div>\n\n\t\t\t\t\t<div id=\"elementor-tab-content-4971\" class=\"elementor-tab-content elementor-clearfix\" data-tab=\"1\" role=\"region\" aria-labelledby=\"elementor-tab-title-4971\"><p dir=\"rtl\" align=\"right\">1-\u00a0<span lang=\"ar-SA\">Vous pouvez acc\u00e9der \u00e0 la description de l&#039;\u00e9cran des cat\u00e9gories en s\u00e9lectionnant un menu\u00a0<span lang=\"ar-EG\">magasins<\/span><br \/>De l\u00e0, vous choisissez les \u00e9l\u00e9ments, et cet \u00e9cran appara\u00eetra pour vous, cliquez sur Ajouter\u00a0<\/span>.<\/p><p dir=\"rtl\" align=\"right\"><span lang=\"ar-EG\"><img decoding=\"async\" class=\"aligncenter wp-image-1989 size-medium\" title=\" | Afaqy pour les technologies de l&#039;information\" src=\"https:\/\/programsshop.com\/wp-content\/uploads\/2016\/03\/image1.png\" alt=\"\u0628\u0631\u0646\u0627\u0645\u062c \u0645\u062d\u0627\u0633\u0628\u0629\" width=\"600\" \/><\/span><\/p><p dir=\"rtl\" align=\"right\"><img decoding=\"async\" class=\"aligncenter size-full wp-image-771\" title=\" | Afaqy pour les technologies de l&#039;information\" src=\"https:\/\/programsshop.com\/wp-content\/uploads\/2014\/09\/separate.png\" alt=\"\u0628\u0631\u0646\u0627\u0645\u062c \u0645\u062d\u0627\u0633\u0628\u0629\" width=\"920\" height=\"10\" \/><\/p><p dir=\"rtl\" align=\"right\">2-\u00a0<span lang=\"ar-SA\">Ensuite, cet \u00e9cran appara\u00eet pour vous, entrez les donn\u00e9es requises comme indiqu\u00e9 dans celui-ci<\/span><\/p><p dir=\"rtl\" align=\"right\"><span lang=\"ar-SA\"><a href=\"https:\/\/programsshop.com\/wp-content\/uploads\/2016\/03\/image2.png\"><img decoding=\"async\" class=\"aligncenter wp-image-1990\" title=\" | Afaqy pour les technologies de l&#039;information\" src=\"https:\/\/programsshop.com\/wp-content\/uploads\/2016\/03\/image2.png\" alt=\"\u0628\u0631\u0646\u0627\u0645\u062c \u0645\u062d\u0627\u0633\u0628\u0629\" width=\"600\" \/><\/a><\/span><\/p><p dir=\"rtl\" align=\"right\"><span lang=\"ar-SA\">Onglet Unit\u00e9s et politique de prix\u00a0<\/span>:<\/p><ol><li><p dir=\"rtl\" align=\"right\"><span lang=\"ar-SA\">Choisissez le groupe auquel appartient la classe\u00a0<\/span>.<\/p><\/li><li><p dir=\"rtl\" align=\"right\"><span lang=\"ar-SA\">D\u00e9terminer le code de l&#039;article, et il peut \u00eatre d\u00e9termin\u00e9 automatiquement via le programme, et il peut \u00eatre sp\u00e9cifi\u00e9 manuellement\u00a0<\/span>.<\/p><\/li><li><p dir=\"rtl\" align=\"right\"><span lang=\"ar-SA\">Sp\u00e9cifiez le nom de l&#039;\u00e9l\u00e9ment<\/span><\/p><\/li><li><p dir=\"rtl\" align=\"right\"><span lang=\"ar-SA\">Choisissez le type d&#039;article\u00a0<\/span>:<br \/><span lang=\"ar-SA\">Il existe quatre types d&#039;articles\u00a0<\/span>:<\/p><\/li><\/ol><ul><li dir=\"rtl\">*\u00a0<span lang=\"ar-SA\">classe de magasin\u00a0<\/span>(\u00a0<span lang=\"ar-SA\">Avoir du stock en stock\u00a0<\/span>)<\/li><li dir=\"rtl\">*\u00a0<span lang=\"ar-SA\">classe de service\u00a0<\/span>(\u00a0<span lang=\"ar-SA\">Il n&#039;a pas de solde dans le magasin et c&#039;est un service tel que le conseil ou l&#039;entretien des appareils\u00a0<\/span>)<\/li><li dir=\"rtl\">*\u00a0<span lang=\"ar-SA\">cours collectif\u00a0<\/span>(<span lang=\"ar-SA\">C&#039;est un article de stock regroup\u00e9 \u00e0 partir de plusieurs autres articles\u00a0<\/span>)<\/li><li dir=\"rtl\">*\u00a0<span lang=\"ar-SA\">classe d&#039;usine\u00a0<\/span>(\u00a0<span lang=\"ar-SA\">C&#039;est un article en stock qui est fabriqu\u00e9 \u00e0 partir de plusieurs autres articles\u00a0<\/span>)<\/li><\/ul><ol start=\"5\"><li><p dir=\"rtl\" align=\"right\"><span lang=\"ar-SA\">Choisissez le type de co\u00fbt\u00a0<\/span>:<br \/><span lang=\"ar-SA\">Il existe trois types de frais\u00a0<\/span>:<br \/>*\u00a0<span lang=\"ar-SA\"><span lang=\"ar-EG\">co\u00fbt moyen\u00a0<\/span><\/span>:\u00a0<span lang=\"ar-SA\"><span lang=\"ar-EG\">Cela signifie que si le co\u00fbt de l&#039;article change, il calcule le co\u00fbt moyen<\/span><\/span><\/p><\/li><\/ol><p dir=\"rtl\" align=\"right\">*\u00a0<span lang=\"ar-SA\"><span lang=\"ar-EG\">dernier entr\u00e9, premier sorti\u00a0<\/span><\/span>:\u00a0<span lang=\"ar-SA\"><span lang=\"ar-EG\">Cela signifie que si le co\u00fbt de l&#039;article change, il calcule le co\u00fbt de la derni\u00e8re facture d&#039;achat<\/span><\/span><\/p><p dir=\"rtl\" align=\"right\">*\u00a0<span lang=\"ar-SA\"><span lang=\"ar-EG\">Premier entr\u00e9 dernier sorti\u00a0<\/span><\/span>:\u00a0<span lang=\"ar-SA\"><span lang=\"ar-EG\">Cela signifie que si le co\u00fbt de l&#039;article change, il calcule le co\u00fbt de la premi\u00e8re facture d&#039;achat<\/span><\/span><\/p><ol start=\"6\"><li><p dir=\"rtl\" align=\"right\"><span lang=\"ar-SA\">Sp\u00e9cifiez l&#039;image de l&#039;article, le cas \u00e9ch\u00e9ant\u00a0<\/span>.<\/p><\/li><li><p dir=\"rtl\" align=\"right\"><span lang=\"ar-SA\">Supprimer l&#039;image de l&#039;article\u00a0<\/span>.<\/p><\/li><li><p dir=\"rtl\" align=\"right\"><span lang=\"ar-SA\">D\u00e9finir l&#039;unit\u00e9 de l&#039;article<\/span><\/p><\/li><li><p dir=\"rtl\" align=\"right\"><span lang=\"ar-SA\">D\u00e9finir une autre unit\u00e9 de la classe<\/span><\/p><\/li><li><p dir=\"rtl\" align=\"right\"><span lang=\"ar-SA\">D\u00e9terminez quelle unit\u00e9 est la plus petite<\/span><\/p><\/li><li><p dir=\"rtl\" align=\"right\"><span lang=\"ar-SA\">D\u00e9terminer le taux de conversion entre les unit\u00e9s<\/span><\/p><\/li><li><p dir=\"rtl\" align=\"right\"><span lang=\"ar-SA\">D\u00e9terminez avec quelles unit\u00e9s acheter\u00a0<\/span>.<\/p><\/li><li><p dir=\"rtl\" align=\"right\"><span lang=\"ar-SA\">D\u00e9terminez avec quelles unit\u00e9s vendre\u00a0<\/span>.<\/p><\/li><li><p dir=\"rtl\" align=\"right\"><span lang=\"ar-SA\">D\u00e9terminer le code-barres de l&#039;article\u00a0<\/span>.<\/p><\/li><li><p dir=\"rtl\" align=\"right\"><span lang=\"ar-SA\">D\u00e9terminer la politique commerciale et ce qu&#039;il y a dans le programme\u00a0<span lang=\"ar-EG\">Neuf politiques de vente sont\u00a0<\/span><\/span>:<br \/>*\u00a0<span lang=\"ar-SA\"><span lang=\"ar-EG\">prix fixe<\/span><\/span><\/p><\/li><\/ol><p dir=\"rtl\" align=\"right\">*\u00a0<span lang=\"ar-SA\"><span lang=\"ar-EG\">derni\u00e8re facture de vente<\/span><\/span><br \/>*\u00a0<span lang=\"ar-SA\"><span lang=\"ar-EG\">Derni\u00e8re facture de vente du client<\/span><\/span><br \/>*\u00a0<span lang=\"ar-SA\"><span lang=\"ar-EG\">Prix de revient plus valeur<\/span><\/span><br \/>*\u00a0<span lang=\"ar-SA\"><span lang=\"ar-EG\">Prix de revient plus un pourcentage<\/span><\/span><br \/>*\u00a0<span lang=\"ar-SA\"><span lang=\"ar-EG\">La derni\u00e8re facture d&#039;achat avec une valeur ajout\u00e9e<\/span><\/span><br \/>*\u00a0<span lang=\"ar-SA\"><span lang=\"ar-EG\">La derni\u00e8re facture d&#039;achat plus un pourcentage<\/span><\/span><br \/>*\u00a0<span lang=\"ar-SA\"><span lang=\"ar-EG\">Le co\u00fbt de la derni\u00e8re facture d&#039;achat plus la valeur<\/span><\/span><br \/>*\u00a0<span lang=\"ar-SA\"><span lang=\"ar-EG\">Le co\u00fbt de la derni\u00e8re facture d&#039;achat plus un pourcentage<\/span><\/span><br \/><span lang=\"ar-SA\"><span lang=\"ar-EG\">Ceci est adapt\u00e9 \u00e0 diff\u00e9rents types d&#039;entreprises\u00a0<\/span><\/span>.<\/p><ol start=\"16\"><li><p dir=\"rtl\" align=\"right\"><span lang=\"ar-SA\"><span lang=\"ar-EG\">D\u00e9termination de la valeur ou du pourcentage en fonction de la politique commerciale choisie<\/span><\/span><\/p><\/li><li><p dir=\"rtl\" align=\"right\"><span lang=\"ar-SA\"><span lang=\"ar-EG\">D\u00e9terminer la valeur fiscale de l&#039;article<\/span><\/span><\/p><\/li><li><p dir=\"rtl\" align=\"right\"><span lang=\"ar-SA\"><span lang=\"ar-EG\">Pour ajouter plus d&#039;une unit\u00e9 \u00e0 la classe<\/span><\/span><\/p><\/li><li><p dir=\"rtl\" align=\"right\"><span lang=\"ar-SA\"><span lang=\"ar-EG\">Activer la conversion automatique entre les unit\u00e9s pour le prix de vente<\/span><\/span><\/p><\/li><li><p dir=\"rtl\" align=\"right\"><span lang=\"ar-SA\"><span lang=\"ar-EG\">Glissi\u00e8re<\/span><\/span><\/p><\/li><\/ol><p dir=\"rtl\" align=\"right\"><img decoding=\"async\" class=\"aligncenter size-full wp-image-771\" title=\" | Afaqy pour les technologies de l&#039;information\" src=\"https:\/\/programsshop.com\/wp-content\/uploads\/2014\/09\/separate.png\" alt=\"\u0628\u0631\u0646\u0627\u0645\u062c \u0645\u062d\u0627\u0633\u0628\u0629\" width=\"920\" height=\"10\" \/><\/p><p dir=\"rtl\" align=\"right\"><span lang=\"ar-SA\"><span lang=\"ar-EG\">Faites ensuite glisser le curseur\u00a0<\/span><\/span>(20)\u00a0<span lang=\"ar-SA\"><span lang=\"ar-EG\">Pour vous montrer les autres bo\u00eetes de cat\u00e9gorie<br \/>Comme indiqu\u00e9 dans l&#039;\u00e9cran suivant\u00a0<\/span><\/span>.<\/p><p dir=\"rtl\" align=\"right\"><a href=\"https:\/\/programsshop.com\/wp-content\/uploads\/2016\/03\/image3.png\"><img decoding=\"async\" class=\"wp-image-1991 size-full aligncenter\" title=\" | Afaqy pour les technologies de l&#039;information\" src=\"https:\/\/programsshop.com\/wp-content\/uploads\/2016\/03\/image3.png\" alt=\"\u0628\u0631\u0646\u0627\u0645\u062c \u0645\u062d\u0627\u0633\u0628\u0629\" width=\"600\" \/><\/a><\/p><ol><li>Pour d\u00e9terminer la politique de remise sur les ventes (ratio - valeur)<\/li><li>Pour d\u00e9terminer la valeur de la remise sur les ventes<\/li><li>Pour d\u00e9terminer le prix de vente minimum (le prix de vente le plus bas)<\/li><li>D\u00e9termination de la valeur de la politique de prix de vente 1<\/li><li>D\u00e9terminer la valeur de la politique de prix de vente 2<\/li><li>D\u00e9terminer la valeur de la politique de prix de vente 3<\/li><li>D\u00e9terminer la valeur de la politique de prix de vente 4<\/li><li>D\u00e9termination de la valeur de la politique de prix de vente 5<\/li><li>D\u00e9termination de la politique d&#039;achat Dans le programme, il existe trois politiques d&#039;achat :<\/li><\/ol><ul><li>*prix fixe<\/li><li>* Derni\u00e8re facture d&#039;achat<\/li><li>* La derni\u00e8re facture d&#039;achat du fournisseur<\/li><\/ul><p>\u00a0 \u00a0 \u00a0 \u00a010- D\u00e9termination de la valeur dans le cas o\u00f9 la politique d&#039;achat choisit un prix sp\u00e9cifique<\/p><p>\u00a0 \u00a0 \u00a0 \u00a011- D\u00e9terminer la politique de remise d&#039;achat (ratio - valeur)<\/p><p>\u00a0 \u00a0 \u00a0 \u00a012- Pour d\u00e9terminer la valeur de la remise d&#039;achat<\/p><\/div>\n\t\t\t\t<\/div>\n\t\t\t\t\t\t\t<div class=\"elementor-toggle-item\">\n\t\t\t\t\t<div id=\"elementor-tab-title-4972\" class=\"elementor-tab-title\" data-tab=\"2\" role=\"button\" aria-controls=\"elementor-tab-content-4972\" aria-expanded=\"false\">\n\t\t\t\t\t\t\t\t\t\t\t\t<span class=\"elementor-toggle-icon elementor-toggle-icon-left\" aria-hidden=\"true\">\n\t\t\t\t\t\t\t\t\t\t\t\t\t\t\t<span class=\"elementor-toggle-icon-closed\"><i class=\"fas fa-caret-right\"><\/i><\/span>\n\t\t\t\t\t\t\t\t<span class=\"elementor-toggle-icon-opened\"><i class=\"elementor-toggle-icon-opened fas fa-caret-up\"><\/i><\/span>\n\t\t\t\t\t\t\t\t\t\t\t\t\t<\/span>\n\t\t\t\t\t\t\t\t\t\t\t\t<a class=\"elementor-toggle-title\" tabindex=\"0\">D\u00e9tails d&#039;assemblage et de fabrication des languettes<\/a>\n\t\t\t\t\t<\/div>\n\n\t\t\t\t\t<div id=\"elementor-tab-content-4972\" class=\"elementor-tab-content elementor-clearfix\" data-tab=\"2\" role=\"region\" aria-labelledby=\"elementor-tab-title-4972\"><p dir=\"rtl\" align=\"right\"><strong><span lang=\"ar-SA\"><span lang=\"ar-EG\"><a href=\"https:\/\/programsshop.com\/wp-content\/uploads\/2016\/03\/image4-1.png\"><img decoding=\"async\" class=\"wp-image-1992 alignright\" title=\" | Afaqy pour les technologies de l&#039;information\" src=\"https:\/\/programsshop.com\/wp-content\/uploads\/2016\/03\/image4-1.png\" alt=\"\u0628\u0631\u0646\u0627\u0645\u062c \u0645\u062d\u0627\u0633\u0628\u0629\" width=\"600\" \/><\/a><\/span><\/span><\/strong><\/p><p dir=\"rtl\" align=\"right\">Ensuite on clique sur l&#039;onglet des d\u00e9tails d&#039;assemblage et de fabrication<\/p><p dir=\"rtl\" align=\"right\">(<span lang=\"ar-SA\"><span lang=\"ar-EG\">Cet onglet concerne uniquement l&#039;article assembl\u00e9 et fabriqu\u00e9\u00a0<\/span><\/span>)<br \/><span lang=\"ar-SA\"><span lang=\"ar-EG\">Cet \u00e9cran appara\u00eetra, saisissez les informations suivantes\u00a0:\u00a0<\/span><\/span>:<br \/>1-\u00a0<span lang=\"ar-SA\"><span lang=\"ar-EG\">Cliquez sur le signe\u00a0<\/span><\/span>(+)\u00a0<span lang=\"ar-SA\"><span lang=\"ar-EG\">Chaque fois que vous souhaitez ajouter un \u00e9l\u00e9ment composant \u00e0 l&#039;\u00e9l\u00e9ment group\u00e9<\/span><\/span><br \/>2-\u00a0<span lang=\"ar-SA\"><span lang=\"ar-EG\">Choisir les \u00e9l\u00e9ments qui composent l&#039;\u00e9l\u00e9ment group\u00e9<\/span><\/span><br \/>3-\u00a0<span lang=\"ar-SA\"><span lang=\"ar-EG\">Choisissez les unit\u00e9s de l&#039;article<\/span><\/span><br \/>4-\u00a0<span lang=\"ar-SA\"><span lang=\"ar-EG\">Choisissez la quantit\u00e9 de l&#039;article combin\u00e9 de chaque article\u00a0<\/span><\/span>.<\/p><\/div>\n\t\t\t\t<\/div>\n\t\t\t\t\t\t\t<div class=\"elementor-toggle-item\">\n\t\t\t\t\t<div id=\"elementor-tab-title-4973\" class=\"elementor-tab-title\" data-tab=\"3\" role=\"button\" aria-controls=\"elementor-tab-content-4973\" aria-expanded=\"false\">\n\t\t\t\t\t\t\t\t\t\t\t\t<span class=\"elementor-toggle-icon elementor-toggle-icon-left\" aria-hidden=\"true\">\n\t\t\t\t\t\t\t\t\t\t\t\t\t\t\t<span class=\"elementor-toggle-icon-closed\"><i class=\"fas fa-caret-right\"><\/i><\/span>\n\t\t\t\t\t\t\t\t<span class=\"elementor-toggle-icon-opened\"><i class=\"elementor-toggle-icon-opened fas fa-caret-up\"><\/i><\/span>\n\t\t\t\t\t\t\t\t\t\t\t\t\t<\/span>\n\t\t\t\t\t\t\t\t\t\t\t\t<a class=\"elementor-toggle-title\" tabindex=\"0\">Onglet Plus<\/a>\n\t\t\t\t\t<\/div>\n\n\t\t\t\t\t<div id=\"elementor-tab-content-4973\" class=\"elementor-tab-content elementor-clearfix\" data-tab=\"3\" role=\"region\" aria-labelledby=\"elementor-tab-title-4973\"><div class=\"content-article entry-content\"><p dir=\"rtl\" align=\"right\"><span lang=\"ar-SA\"><span lang=\"ar-EG\">Ensuite, nous cliquons sur l&#039;onglet Plus, et cet \u00e9cran appara\u00eetra<\/span><\/span><\/p><p dir=\"rtl\" align=\"right\"><span lang=\"ar-SA\"><span lang=\"ar-EG\"><a href=\"https:\/\/programsshop.com\/wp-content\/uploads\/2016\/03\/image7-1.png\"><img decoding=\"async\" class=\"aligncenter wp-image-1993\" title=\" | Afaqy pour les technologies de l&#039;information\" src=\"https:\/\/programsshop.com\/wp-content\/uploads\/2016\/03\/image7-1.png\" alt=\"\u0628\u0631\u0646\u0627\u0645\u062c \u0645\u062d\u0627\u0633\u0628\u0629\" width=\"600\" \/><\/a><br \/><\/span>Entrez les informations requises et s\u00e9lectionnez les options<br \/>que vous voulez en cliquant sur la case<a href=\"https:\/\/programsshop.com\/wp-content\/uploads\/2016\/03\/image5-1.png\"><img decoding=\"async\" class=\"alignnone size-full wp-image-1994\" title=\" | Afaqy pour les technologies de l&#039;information\" src=\"https:\/\/programsshop.com\/wp-content\/uploads\/2016\/03\/image5-1.png\" alt=\"\u0628\u0631\u0646\u0627\u0645\u062c \u0645\u062d\u0627\u0633\u0628\u0629\" width=\"16\" height=\"15\" \/><\/a>\u00a0\u00eatre comme \u00e7a\u00a0<a href=\"https:\/\/programsshop.com\/wp-content\/uploads\/2016\/03\/image6-1.png\"><img decoding=\"async\" class=\"alignnone size-full wp-image-1995\" title=\" | Afaqy pour les technologies de l&#039;information\" src=\"https:\/\/programsshop.com\/wp-content\/uploads\/2016\/03\/image6-1.png\" alt=\"\u0628\u0631\u0646\u0627\u0645\u062c \u0645\u062d\u0627\u0633\u0628\u0629\" width=\"15\" height=\"15\" \/><\/a><\/span>.<\/p><ol><li><p dir=\"rtl\" align=\"right\"><span lang=\"ar-SA\"><span lang=\"ar-EG\">Activez la case de couleur pour cet article dans les factures d&#039;achat et de vente et les bons de r\u00e9ception et d&#039;\u00e9change<\/span><\/span><\/p><\/li><li><p dir=\"rtl\" align=\"right\"><span lang=\"ar-SA\"><span lang=\"ar-EG\">Activer la case de tri pour cet article dans les factures d&#039;achat et de vente et les bons de r\u00e9ception et d&#039;\u00e9change<\/span><\/span><\/p><\/li><li><p dir=\"rtl\" align=\"right\"><span lang=\"ar-SA\"><span lang=\"ar-EG\">Activer la case date de production de cet article dans les factures d&#039;achat et de vente et les bons de r\u00e9ception et d&#039;\u00e9change<\/span><\/span><\/p><\/li><li><p dir=\"rtl\" align=\"right\"><span lang=\"ar-SA\"><span lang=\"ar-EG\">Activer la case date de validit\u00e9 de cet article dans les factures d&#039;achat et de vente et les bons de r\u00e9ception et d&#039;\u00e9change<\/span><\/span><\/p><\/li><li><p dir=\"rtl\" align=\"right\"><span lang=\"ar-SA\"><span lang=\"ar-EG\">Activer le num\u00e9ro de s\u00e9rie de cet article dans les factures d&#039;achat et de vente et les bons de r\u00e9ception et d&#039;\u00e9change<\/span><\/span><\/p><\/li><li><p dir=\"rtl\" align=\"right\"><span lang=\"ar-SA\"><span lang=\"ar-EG\">Activez la fonctionnalit\u00e9 indiquant que l&#039;article ne peut pas \u00eatre retourn\u00e9<\/span><\/span><\/p><\/li><li><p dir=\"rtl\" align=\"right\"><span lang=\"ar-SA\"><span lang=\"ar-EG\">Cochez la case longueur et largeur pour cet article dans les factures d&#039;achat et de vente et les bons de r\u00e9ception et d&#039;\u00e9change<\/span><\/span><\/p><\/li><li><p dir=\"rtl\" align=\"right\"><span lang=\"ar-SA\"><span lang=\"ar-EG\">Activer la fonctionnalit\u00e9 de remise automatique sur les factures d&#039;achat<\/span><\/span><\/p><\/li><li><p dir=\"rtl\" align=\"right\"><span lang=\"ar-SA\"><span lang=\"ar-EG\">Activer la fonction de remise automatique sur les factures de vente<\/span><\/span><\/p><\/li><li><p dir=\"rtl\" align=\"right\"><span lang=\"ar-SA\"><span lang=\"ar-EG\">Activez la case de poids pour cet article dans les factures d&#039;achat et de vente et les bons de r\u00e9ception et d&#039;\u00e9change<\/span><\/span><\/p><\/li><li><p dir=\"rtl\" align=\"right\"><span lang=\"ar-SA\"><span lang=\"ar-EG\">D\u00e9terminer la soci\u00e9t\u00e9 de l&#039;article\u00a0<\/span><\/span>(<span lang=\"ar-SA\"><span lang=\"ar-EG\">Si je trouve<\/span><\/span>)<\/p><\/li><li><p dir=\"rtl\" align=\"right\"><span lang=\"ar-SA\"><span lang=\"ar-EG\">Pour exon\u00e9rer l&#039;article de la taxe<\/span><\/span><\/p><\/li><li><p dir=\"rtl\" align=\"right\"><span lang=\"ar-SA\"><span lang=\"ar-EG\">Pour d\u00e9terminer le taux d&#039;imposition<\/span><\/span><\/p><\/li><li><p dir=\"rtl\" align=\"right\"><span lang=\"ar-SA\"><span lang=\"ar-EG\">Pour d\u00e9terminer le taux de la taxe de s\u00e9curit\u00e9<\/span><\/span><\/p><\/li><li><p dir=\"rtl\" align=\"right\"><span lang=\"ar-SA\"><span lang=\"ar-EG\">Pour d\u00e9terminer le pourcentage de garantie<\/span><\/span><\/p><\/li><li><p dir=\"rtl\" align=\"right\"><span lang=\"ar-SA\"><span lang=\"ar-EG\">Pour d\u00e9terminer la quantit\u00e9 maximale de commande pour cet article<\/span><\/span><\/p><\/li><li><p dir=\"rtl\" align=\"right\"><span lang=\"ar-SA\"><span lang=\"ar-EG\">D\u00e9terminer la limite de r\u00e9approvisionnement pour cet article<\/span><\/span><\/p><\/li><li><p dir=\"rtl\" align=\"right\"><span lang=\"ar-SA\"><span lang=\"ar-EG\">Pour d\u00e9terminer le minimum de commande pour cet article<\/span><\/span><\/p><\/li><li><p dir=\"rtl\" align=\"right\"><span lang=\"ar-SA\"><span lang=\"ar-EG\">Pour activer la possibilit\u00e9 de vendre \u00e0 z\u00e9ro ou moins que le co\u00fbt de cet article<\/span><\/span><\/p><\/li><li><p dir=\"rtl\" align=\"right\"><span lang=\"ar-SA\"><span lang=\"ar-EG\">Pour masquer l&#039;\u00e9l\u00e9ment dans les groupes d&#039;\u00e9l\u00e9ments<\/span><\/span><\/p><\/li><li><p dir=\"rtl\" align=\"right\"><span lang=\"ar-SA\"><span lang=\"ar-EG\">Pour annuler le d\u00e9coupage de cette cat\u00e9gorie au cas o\u00f9 le d\u00e9coupage est affich\u00e9<\/span><\/span><\/p><\/li><li><p dir=\"rtl\" align=\"right\"><span lang=\"ar-SA\"><span lang=\"ar-EG\">Pour annuler la quantit\u00e9 de cet article en cas d&#039;affichage de cubes<\/span><\/span><\/p><\/li><li><p dir=\"rtl\" align=\"right\"><span lang=\"ar-SA\"><span lang=\"ar-EG\">Pour transf\u00e9rer les mouvements d&#039;une classe \u00e0 une autre classe<\/span><\/span><\/p><\/li><li><p dir=\"rtl\" align=\"right\"><span lang=\"ar-SA\"><span lang=\"ar-EG\">Pour affecter une imprimante \u00e0 cet \u00e9l\u00e9ment<\/span><\/span><\/p><\/li><li><p dir=\"rtl\" align=\"right\"><span lang=\"ar-SA\"><span lang=\"ar-EG\">Pour allouer un magasin \u00e0 cet article<\/span><\/span><\/p><\/li><\/ol><\/div><div class=\"share-post\">\u00a0<\/div><\/div>\n\t\t\t\t<\/div>\n\t\t\t\t\t\t\t\t<\/div>\n\t\t\t\t<\/div>\n\t\t\t\t<\/div>\n\t\t\t\t\t<\/div>\n\t\t<\/div>\n\t\t\t\t\t<\/div>\n\t\t<\/section>\n\t\t\t\t<\/div>","protected":false},"excerpt":{"rendered":"<p>Explication de l&#039;\u00e9cran des articles Explication Explication de l&#039;\u00e9cran des articles 1- Vous pouvez acc\u00e9der \u00e0 l&#039;explication de l&#039;\u00e9cran des articles en choisissant la liste des magasins, \u00e0 partir de laquelle vous choisissez les articles, et cet \u00e9cran s&#039;affiche, alors appuyez sur Ajouter. 2- Ensuite, cet \u00e9cran appara\u00eet, entrez donc les donn\u00e9es requises comme indiqu\u00e9 dans l&#039;onglet Unit\u00e9s et le \u2026<\/p>","protected":false},"author":1,"featured_media":0,"parent":9970,"menu_order":0,"comment_status":"closed","ping_status":"closed","template":"","meta":{"footnotes":""},"class_list":["post-10159","page","type-page","status-publish","hentry"],"_links":{"self":[{"href":"https:\/\/programsshop.com\/fr\/wp-json\/wp\/v2\/pages\/10159","targetHints":{"allow":["GET"]}}],"collection":[{"href":"https:\/\/programsshop.com\/fr\/wp-json\/wp\/v2\/pages"}],"about":[{"href":"https:\/\/programsshop.com\/fr\/wp-json\/wp\/v2\/types\/page"}],"author":[{"embeddable":true,"href":"https:\/\/programsshop.com\/fr\/wp-json\/wp\/v2\/users\/1"}],"replies":[{"embeddable":true,"href":"https:\/\/programsshop.com\/fr\/wp-json\/wp\/v2\/comments?post=10159"}],"version-history":[{"count":0,"href":"https:\/\/programsshop.com\/fr\/wp-json\/wp\/v2\/pages\/10159\/revisions"}],"up":[{"embeddable":true,"href":"https:\/\/programsshop.com\/fr\/wp-json\/wp\/v2\/pages\/9970"}],"wp:attachment":[{"href":"https:\/\/programsshop.com\/fr\/wp-json\/wp\/v2\/media?parent=10159"}],"curies":[{"name":"wp","href":"https:\/\/api.w.org\/{rel}","templated":true}]}}